{"id":141845,"date":"2025-03-30T17:28:03","date_gmt":"2025-03-30T17:28:03","guid":{"rendered":"https:\/\/www.delideli.zoner.dev\/tuote\/calisson-mini-15kpl-90-g\/"},"modified":"2026-05-04T16:16:17","modified_gmt":"2026-05-04T16:16:17","slug":"calisson-mini-15kpl-90-g","status":"publish","type":"product","link":"https:\/\/www.delideli.zoner.dev\/fin\/tuote\/calisson-mini-15kpl-90-g\/","title":{"rendered":"Calisson mini 15kpl 90g"},"content":{"rendered":"<p>Suprem&#8217;Nougat on provencelainen perinteik\u00e4s perheyritys, jonka nougat-tuotteet ovat levinneet ymp\u00e4ri maailman. Tuotteiden ensiluokkaiset raaka-aineet valmistetaan k\u00e4sity\u00f6n\u00e4 pieniss\u00e4 eriss\u00e4 erilaisiksi perinteikk\u00e4iksi makeisiksi.<br \/>\nSuprem&#8217;Nougat\u2019n calissonit ovet herkullisen pehmeit\u00e4 ja t\u00e4ynn\u00e4 hedelm\u00e4isi\u00e4 ja mantelin aromeja. Calissonit tunnetaan Ranskassa suosittuna ja arvostettuna tuliaisena, joka vied\u00e4\u00e4n illanistujaisten j\u00e4rjest\u00e4j\u00e4lle. Jos haluat siis tuoda mukanasi jotain hyvin ranskalaista, tilaa calissonit tuliaisiksi!<\/p>\n","protected":false},"excerpt":{"rendered":"<p>Calissons tai suomalaisittain calissonit ovat hyvin tyypillinen Provencen herkku, jotka ovat suosittuja ymp\u00e4ri Ranskan. Calissonin mantelimainen muoto viittaa siin\u00e4 k\u00e4ytettyyn mantelimassaan. Calissonit muistuttavat marsipaania, mutta sen maku on hedelm\u00e4isempi siin\u00e4 k\u00e4ytetyn hillotun appelsiininkuoren ja melonin vuoksi. Calissonit kuorrutetaan my\u00f6s aina perinteisesti valkoisella sokerikuorrutteella. Kokeile ja ihastu t\u00e4h\u00e4n pehme\u00e4\u00e4n ja vuosisatojen ajan arvostettuun herkkuun!<\/p>\n","protected":false},"featured_media":140240,"comment_status":"open","ping_status":"open","template":"","meta":{"_acf_changed":false},"product_brand":[652],"product_cat":[680,704],"product_tag":[],"class_list":{"0":"post-141845","1":"product","2":"type-product","3":"status-publish","4":"has-post-thumbnail","6":"product_brand-supreme-nougat","7":"product_cat-makeat","8":"product_cat-makeiset","9":"product_shipping_class-shipping-discount","10":"pa_alkuperamaa-ranska","12":"first","13":"outofstock","14":"taxable","15":"shipping-taxable","16":"purchasable","17":"product-type-simple","swatches":"rey-swatches","show_selected":""},"acf":[],"_links":{"self":[{"href":"https:\/\/www.delideli.zoner.dev\/fin\/wp-json\/wp\/v2\/product\/141845","targetHints":{"allow":["GET"]}}],"collection":[{"href":"https:\/\/www.delideli.zoner.dev\/fin\/wp-json\/wp\/v2\/product"}],"about":[{"href":"https:\/\/www.delideli.zoner.dev\/fin\/wp-json\/wp\/v2\/types\/product"}],"replies":[{"embeddable":true,"href":"https:\/\/www.delideli.zoner.dev\/fin\/wp-json\/wp\/v2\/comments?post=141845"}],"version-history":[{"count":0,"href":"https:\/\/www.delideli.zoner.dev\/fin\/wp-json\/wp\/v2\/product\/141845\/revisions"}],"wp:featuredmedia":[{"embeddable":true,"href":"https:\/\/www.delideli.zoner.dev\/fin\/wp-json\/wp\/v2\/media\/140240"}],"wp:attachment":[{"href":"https:\/\/www.delideli.zoner.dev\/fin\/wp-json\/wp\/v2\/media?parent=141845"}],"wp:term":[{"taxonomy":"product_brand","embeddable":true,"href":"https:\/\/www.delideli.zoner.dev\/fin\/wp-json\/wp\/v2\/product_brand?post=141845"},{"taxonomy":"product_cat","embeddable":true,"href":"https:\/\/www.delideli.zoner.dev\/fin\/wp-json\/wp\/v2\/product_cat?post=141845"},{"taxonomy":"product_tag","embeddable":true,"href":"https:\/\/www.delideli.zoner.dev\/fin\/wp-json\/wp\/v2\/product_tag?post=141845"}],"curies":[{"name":"wp","href":"https:\/\/api.w.org\/{rel}","templated":true}]}}