{"id":141848,"date":"2025-04-24T13:58:36","date_gmt":"2025-04-24T13:58:36","guid":{"rendered":"https:\/\/www.delideli.zoner.dev\/tuote\/tryffelilla-maustettu-sipulihilloke-150g\/"},"modified":"2026-05-04T16:16:28","modified_gmt":"2026-05-04T16:16:28","slug":"tryffelilla-maustettu-sipulihilloke-150g","status":"publish","type":"product","link":"https:\/\/www.delideli.zoner.dev\/fin\/tuote\/tryffelilla-maustettu-sipulihilloke-150g\/","title":{"rendered":"Tryffelill\u00e4 maustettu sipulihilloke 150g"},"content":{"rendered":"<p>Lucien Georgelinin sipulihilloke kes\u00e4tryffelin kanssa on todellinen ranskalainen gourmet-aarre, jossa yhdistyv\u00e4t makeasti karamellisoidut sipulit ja arvokkaan kes\u00e4tryffeli\u00e4 maanl\u00e4heinen ja hienostunut aromi. T\u00e4m\u00e4 k\u00e4sinvalmistettu herkku on valmistettu perinteisell\u00e4 reseptill\u00e4, jossa sipuleita haudutetaan hitaasti kunnes ne muuttuvat pehmeiksi ja makeiksi.<br \/>\nKes\u00e4tryffeli\u00e4 lis\u00e4t\u00e4\u00e4n juuri sopiva m\u00e4\u00e4r\u00e4 tuomaan ylellisyytt\u00e4 ja syvyytt\u00e4 makuun ilman ett\u00e4 se peitt\u00e4\u00e4 sipulin luonnollista makeutta. Lopputuloksena on t\u00e4ydellisesti tasapainotettu tuote, jossa jokainen raaka-aine p\u00e4\u00e4see oikeuksiinsa.<br \/>\nSipuliconfit sopii erinomaisesti juustolautasen seuraksi, erityisesti kypsytettyjen kovien juustojen ja sinihomejuustojen kanssa. Se on my\u00f6s erinomainen lis\u00e4 voileipiin, grillilihojen lisukkeeksi tai gourmet-hampurilaisten t\u00e4ytteeksi. Kokeile sit\u00e4 my\u00f6s quicheen tai piirakoihin tuomaan syvyytt\u00e4 ja makua.<br \/>\nLucien Georgelin tunnetaan laadukkaista raaka-aineistaan ja k\u00e4sity\u00f6l\u00e4isperinteist\u00e4\u00e4n. Jokainen purkki on valmistettu huolella Ranskan Lot-et-Garonnessa sijaitsevassa perheyrityksess\u00e4, noudattaen perinteisi\u00e4 valmistusmenetelmi\u00e4.<\/p>\n","protected":false},"excerpt":{"rendered":"<p>Lucien Georgelinin valmistama ylellinen sipulihilloke, johon on yhdistetty kes\u00e4tryffeli\u00e4. Hienostunut ja t\u00e4ytel\u00e4inen maku tekee t\u00e4st\u00e4 confitista t\u00e4ydellisen kumppanin juustoille, liharuoille ja juhlavammille aterioille.<\/p>\n","protected":false},"featured_media":140250,"comment_status":"open","ping_status":"open","template":"","meta":{"_acf_changed":false},"product_brand":[641],"product_cat":[710,681],"product_tag":[],"class_list":{"0":"post-141848","1":"product","2":"type-product","3":"status-publish","4":"has-post-thumbnail","6":"product_brand-lucien-georgelin","7":"product_cat-hillot","8":"product_cat-marjat-hedelmat","9":"product_shipping_class-shipping-discount","10":"pa_alkuperamaa-ranska","12":"first","13":"outofstock","14":"taxable","15":"shipping-taxable","16":"purchasable","17":"product-type-simple","swatches":"rey-swatches","show_selected":""},"acf":[],"_links":{"self":[{"href":"https:\/\/www.delideli.zoner.dev\/fin\/wp-json\/wp\/v2\/product\/141848","targetHints":{"allow":["GET"]}}],"collection":[{"href":"https:\/\/www.delideli.zoner.dev\/fin\/wp-json\/wp\/v2\/product"}],"about":[{"href":"https:\/\/www.delideli.zoner.dev\/fin\/wp-json\/wp\/v2\/types\/product"}],"replies":[{"embeddable":true,"href":"https:\/\/www.delideli.zoner.dev\/fin\/wp-json\/wp\/v2\/comments?post=141848"}],"version-history":[{"count":0,"href":"https:\/\/www.delideli.zoner.dev\/fin\/wp-json\/wp\/v2\/product\/141848\/revisions"}],"wp:featuredmedia":[{"embeddable":true,"href":"https:\/\/www.delideli.zoner.dev\/fin\/wp-json\/wp\/v2\/media\/140250"}],"wp:attachment":[{"href":"https:\/\/www.delideli.zoner.dev\/fin\/wp-json\/wp\/v2\/media?parent=141848"}],"wp:term":[{"taxonomy":"product_brand","embeddable":true,"href":"https:\/\/www.delideli.zoner.dev\/fin\/wp-json\/wp\/v2\/product_brand?post=141848"},{"taxonomy":"product_cat","embeddable":true,"href":"https:\/\/www.delideli.zoner.dev\/fin\/wp-json\/wp\/v2\/product_cat?post=141848"},{"taxonomy":"product_tag","embeddable":true,"href":"https:\/\/www.delideli.zoner.dev\/fin\/wp-json\/wp\/v2\/product_tag?post=141848"}],"curies":[{"name":"wp","href":"https:\/\/api.w.org\/{rel}","templated":true}]}}