{"id":141861,"date":"2025-06-23T12:27:42","date_gmt":"2025-06-23T12:27:42","guid":{"rendered":"https:\/\/www.delideli.zoner.dev\/tuote\/le-bon-semeur-punainen-luomulinssi-500g\/"},"modified":"2026-05-04T16:16:41","modified_gmt":"2026-05-04T16:16:41","slug":"le-bon-semeur-punainen-luomulinssi-500g","status":"publish","type":"product","link":"https:\/\/www.delideli.zoner.dev\/fin\/tuote\/le-bon-semeur-punainen-luomulinssi-500g\/","title":{"rendered":"Le Bon Semeur punainen luomulinssi 500g"},"content":{"rendered":"","protected":false},"excerpt":{"rendered":"<p>Punalinssi eli korallilinssi on kuoreton linssi, joka tunnetaan vaaleanpunaisesta lohenpunav\u00e4rist\u00e4\u00e4n ja nopeast\u00e4 keittoajastaan. Kypsennyksen aikana sen v\u00e4ri muuttuu keltaoranssiksi. T\u00e4m\u00e4 luomulinssi on kiinte\u00e4 valinta keittoihin, sosekeittoon ja intialaiseen dhal-ruokaan, joihin se tuo miellytt\u00e4v\u00e4n, hieman makeahkon maun. Korallilinssi on hieno kuidun ja raudan l\u00e4hde, joten se sopii erinomaisesti terveelliseen ruokavalioon. Trescarten Le Bon Semeur -punalinssi on viljelty luonnonmukaisesti ja kuuluu yrityksen korkealaatuisten palkokasvien valikoimaan. Linssit valitaan ja lajitellaan samalla huolellisuudella kuin Trescarten kuuluisa Lentilles vertes du Puy AOP -linssi. Kuorittu korallilinssi on helppo ja nopea valmistaa \u2013 ei tarvitse liotella ennakkoon, ja keittoaika on vain 10-15 minuuttia. Trescarte on ranskalainen perheyritys, joka perustettiin vuonna 1959. Yrityksen p\u00e4\u00e4toimipaikka on Loudes&#8217;ssa, Auvergnessa, mist\u00e4 k\u00e4sin se hallitsee noin 13% Ranskan palkokasvien markkinoista. Trescarte on tunnettu erityisesti Lentilles vertes du Puy AOP -linssist\u00e4\u00e4n, mutta sen valikoima kattaa laajan m\u00e4\u00e4r\u00e4n erilaisia linssej\u00e4 ja palkokasveja. Yritys on tehnyt huomattavia investointeja moderniin teknologiaan ja ymp\u00e4rist\u00f6yst\u00e4v\u00e4llisiin tuotantomenetelmiin. Uudessa tuotantolaitoksessa on kaksi lajittelulinjaa ja seitsem\u00e4n pakkauskoneistoa, ja siell\u00e4 ty\u00f6skentelee noin 30 henkil\u00f6\u00e4. Trescarten tuotantofilosofia painottaa ymp\u00e4rist\u00f6vastuuta: ei vesip\u00e4\u00e4st\u00f6j\u00e4, luonnonmukainen tuholaistorjunta siiloissa, orgaanisten j\u00e4tteiden kompostointi ja p\u00f6lyn talteenotto. Yritys myy tuotteita omilla tuotemerkeill\u00e4\u00e4n (La Ponote, Le Bon Semeur, Le Cygne) sek\u00e4 kauppaketjujen private label -tuotteina. Punalinssi on monipuolinen raaka-aine, joka sopii erinomaisesti intialaiseen keitti\u00f6\u00f6n. K\u00e4yt\u00e4 sit\u00e4 dhal-keittoihin, currykastikkeisiin, sosekeittoon tai pakoreina. Se sopii my\u00f6s v\u00e4limerellisiss\u00e4 ruoissa, salaateissa ja kasvisbolognessekastikkeessa. Korallilinssi imee hyvin mausteita ja maustuu helposti kurkuman, inkiv\u00e4\u00e4rin, korianterin ja chilin kanssa. Koska kypsennysaika on lyhyt ja linssi hajoaa helposti pehme\u00e4ksi massaksi, se on t\u00e4ydellinen valinta sileisiin keittoihin ja kastikkeisiin. Linssi on erinomainen proteiinin ja kuidun l\u00e4hde kasvisruokavaliossa.<\/p>\n","protected":false},"featured_media":140267,"comment_status":"open","ping_status":"open","template":"","meta":{"_acf_changed":false},"product_brand":[636],"product_cat":[682,722],"product_tag":[],"class_list":{"0":"post-141861","1":"product","2":"type-product","3":"status-publish","4":"has-post-thumbnail","6":"product_brand-la-ponote","7":"product_cat-kuivatuotteet","8":"product_cat-pavut-linssit","9":"product_shipping_class-shipping-discount","10":"pa_alkuperamaa-ranska","11":"pa_ruokavalio-luomu","13":"first","14":"instock","15":"taxable","16":"shipping-taxable","17":"purchasable","18":"product-type-simple","swatches":"rey-swatches","show_selected":""},"acf":[],"_links":{"self":[{"href":"https:\/\/www.delideli.zoner.dev\/fin\/wp-json\/wp\/v2\/product\/141861","targetHints":{"allow":["GET"]}}],"collection":[{"href":"https:\/\/www.delideli.zoner.dev\/fin\/wp-json\/wp\/v2\/product"}],"about":[{"href":"https:\/\/www.delideli.zoner.dev\/fin\/wp-json\/wp\/v2\/types\/product"}],"replies":[{"embeddable":true,"href":"https:\/\/www.delideli.zoner.dev\/fin\/wp-json\/wp\/v2\/comments?post=141861"}],"version-history":[{"count":0,"href":"https:\/\/www.delideli.zoner.dev\/fin\/wp-json\/wp\/v2\/product\/141861\/revisions"}],"wp:featuredmedia":[{"embeddable":true,"href":"https:\/\/www.delideli.zoner.dev\/fin\/wp-json\/wp\/v2\/media\/140267"}],"wp:attachment":[{"href":"https:\/\/www.delideli.zoner.dev\/fin\/wp-json\/wp\/v2\/media?parent=141861"}],"wp:term":[{"taxonomy":"product_brand","embeddable":true,"href":"https:\/\/www.delideli.zoner.dev\/fin\/wp-json\/wp\/v2\/product_brand?post=141861"},{"taxonomy":"product_cat","embeddable":true,"href":"https:\/\/www.delideli.zoner.dev\/fin\/wp-json\/wp\/v2\/product_cat?post=141861"},{"taxonomy":"product_tag","embeddable":true,"href":"https:\/\/www.delideli.zoner.dev\/fin\/wp-json\/wp\/v2\/product_tag?post=141861"}],"curies":[{"name":"wp","href":"https:\/\/api.w.org\/{rel}","templated":true}]}}