{"id":141863,"date":"2025-09-01T14:32:51","date_gmt":"2025-09-01T14:32:51","guid":{"rendered":"https:\/\/www.delideli.zoner.dev\/tuote\/nobleza-del-sur-eco-night-500ml\/"},"modified":"2026-05-04T16:16:43","modified_gmt":"2026-05-04T16:16:43","slug":"nobleza-del-sur-eco-night-500ml","status":"publish","type":"product","link":"https:\/\/www.delideli.zoner.dev\/fin\/tuote\/nobleza-del-sur-eco-night-500ml\/","title":{"rendered":"Nobleza del Sur Eco Night 500ml"},"content":{"rendered":"<p>Cosecha Temprana Ecol\u00f3gico Night edustaa Nobleza del Surin huippuosaamista \u00f6ljynvalmistuksessa. T\u00e4m\u00e4 luomu extra virgin oliivi\u00f6ljy on suunniteltu erityisesti illallisille ja t\u00e4ytel\u00e4isemmille ruoille, tarjoten syvemp\u00e4\u00e4 ja monimutkaisempaa makuel\u00e4myst\u00e4 kuin p\u00e4iv\u00e4sisko.<br \/>\n\u00d6ljyn luonne on voimakas ja t\u00e4ytel\u00e4inen, aromissa korostuvat kypsien hedelmien, p\u00e4hkin\u00f6iden ja mausteiden s\u00e4vyt. Makuprofiili alkaa mehev\u00e4n hedelm\u00e4isell\u00e4 tuulahduksella, joka kehittyy merkitt\u00e4v\u00e4ksi kirpeydeksi ja p\u00e4\u00e4ttyy pitk\u00e4kestoiseen, miellytt\u00e4v\u00e4\u00e4n polttavuuteen. T\u00e4m\u00e4 intensiivisyys tekee siit\u00e4 t\u00e4ydellisen kumppanin lihalle, tummille kasviksille ja vahvoille juustoille.<br \/>\nNight-\u00f6ljy loistaa erityisesti grillauksessa ja paistamisessa, sill\u00e4 sen vahva rakenne kest\u00e4\u00e4 l\u00e4mp\u00f6k\u00e4sittelyn menett\u00e4m\u00e4tt\u00e4 oleellisia ominaisuuksiaan. Se sopii erinomaisesti my\u00f6s viimeistely\u00f6ljyksi grillattuun lihaan, tummanvihreiden lehtivihannesten sekaan tai ruskeaan leip\u00e4\u00e4n. Luomutodistus varmistaa tuotteen puhtauden ja ymp\u00e4rist\u00f6yst\u00e4v\u00e4llisyyden. \u00d6ljyn s\u00e4ilyvyys on erinomainen tummassa ja viile\u00e4ss\u00e4 s\u00e4ilytettyn\u00e4.<\/p>\n","protected":false},"excerpt":{"rendered":"<p>Syvempi ja intensiivisempi versio p\u00e4iv\u00e4\u00f6ljyst\u00e4, erityisesti suunniteltu illallisille ja t\u00e4ytel\u00e4isille ruoille. Samaa luomu-laatua aikaisesta sadonkorjuusta, mutta voimakkaampi makuprofiili.<\/p>\n","protected":false},"featured_media":140269,"comment_status":"open","ping_status":"open","template":"","meta":{"_acf_changed":false},"product_brand":[667],"product_cat":[677,753,691,678],"product_tag":[174],"class_list":{"0":"post-141863","1":"product","2":"type-product","3":"status-publish","4":"has-post-thumbnail","6":"product_brand-nobleza-del-sur","7":"product_cat-ajankohtaisia","8":"product_cat-my-healthy-oils","9":"product_cat-oliivioljyt","10":"product_cat-oljyt-etikat","11":"product_tag-luomu","12":"product_shipping_class-shipping-discount","13":"pa_alkuperamaa-espanja","14":"pa_ruokavalio-luomu","16":"first","17":"outofstock","18":"taxable","19":"shipping-taxable","20":"purchasable","21":"product-type-simple","swatches":"rey-swatches","show_selected":""},"acf":[],"_links":{"self":[{"href":"https:\/\/www.delideli.zoner.dev\/fin\/wp-json\/wp\/v2\/product\/141863","targetHints":{"allow":["GET"]}}],"collection":[{"href":"https:\/\/www.delideli.zoner.dev\/fin\/wp-json\/wp\/v2\/product"}],"about":[{"href":"https:\/\/www.delideli.zoner.dev\/fin\/wp-json\/wp\/v2\/types\/product"}],"replies":[{"embeddable":true,"href":"https:\/\/www.delideli.zoner.dev\/fin\/wp-json\/wp\/v2\/comments?post=141863"}],"version-history":[{"count":0,"href":"https:\/\/www.delideli.zoner.dev\/fin\/wp-json\/wp\/v2\/product\/141863\/revisions"}],"wp:featuredmedia":[{"embeddable":true,"href":"https:\/\/www.delideli.zoner.dev\/fin\/wp-json\/wp\/v2\/media\/140269"}],"wp:attachment":[{"href":"https:\/\/www.delideli.zoner.dev\/fin\/wp-json\/wp\/v2\/media?parent=141863"}],"wp:term":[{"taxonomy":"product_brand","embeddable":true,"href":"https:\/\/www.delideli.zoner.dev\/fin\/wp-json\/wp\/v2\/product_brand?post=141863"},{"taxonomy":"product_cat","embeddable":true,"href":"https:\/\/www.delideli.zoner.dev\/fin\/wp-json\/wp\/v2\/product_cat?post=141863"},{"taxonomy":"product_tag","embeddable":true,"href":"https:\/\/www.delideli.zoner.dev\/fin\/wp-json\/wp\/v2\/product_tag?post=141863"}],"curies":[{"name":"wp","href":"https:\/\/api.w.org\/{rel}","templated":true}]}}