{"id":141864,"date":"2025-09-01T14:32:52","date_gmt":"2025-09-01T14:32:52","guid":{"rendered":"https:\/\/www.delideli.zoner.dev\/tuote\/nobleza-del-sur-eco-day-500ml\/"},"modified":"2026-05-04T16:16:43","modified_gmt":"2026-05-04T16:16:43","slug":"nobleza-del-sur-eco-day-500ml","status":"publish","type":"product","link":"https:\/\/www.delideli.zoner.dev\/fin\/tuote\/nobleza-del-sur-eco-day-500ml\/","title":{"rendered":"Nobleza del Sur Eco Day 500ml"},"content":{"rendered":"<p>Cosecha Temprana Ecol\u00f3gico Day on premium-luokan luomu extra virgin oliivi\u00f6ljy andalusialaisen Nobleza del Surin tuotantolinjalta. T\u00e4m\u00e4 poikkeuksellinen \u00f6ljy valmistetaan k\u00e4sin poimituista, aikaisessa kypsymisvaiheessa olevista oliiiveista, mik\u00e4 takaa intensiivisen makuprofiilin ja runsaan antioksidanttipitoisuuden.<br \/>\n\u00d6ljyn makuprofiili on harmonisesti tasapainoitettu \u2013 tuore ja hedelm\u00e4inen alku kehittyy miellytt\u00e4v\u00e4ksi kirpeydeksi, joka p\u00e4\u00e4ttyy lempe\u00e4\u00e4n polttavuuteen. Aromissa korostuvat tuoreiden yrttien, vihre\u00e4n tomaatin ja \u00e4skett\u00e4in leikatun ruohon s\u00e4vyt. V\u00e4ri on kaunis kullanvihre\u00e4, joka kertoo \u00f6ljyn korkeasta klorofyllipitoisuudesta.<br \/>\nEcol\u00f3gico Day sopii erinomaisesti aamiaiseen paahtoleiv\u00e4n kanssa, salaattikastikkeisiin ja kevyisiin pasta-annoksiin. \u00d6ljy s\u00e4ilytt\u00e4\u00e4 ravintoarvonsa ja aromikkuutensa parhaiten kylm\u00e4k\u00e4yt\u00f6ss\u00e4, mutta soveltuu my\u00f6s kevyeen kypsenn\u00f6kseen. Luomumerkint\u00e4 takaa, ett\u00e4 tuotanto on tapahtunut t\u00e4ysin kemikaalivapaasti kest\u00e4v\u00e4n kehityksen periaatteita noudattaen.<\/p>\n","protected":false},"excerpt":{"rendered":"<p>Espanjalainen luomu extra virgin oliivi\u00f6ljy, joka on valmistettu aikaisessa sadonkorjuussa ker\u00e4tt\u00e4vist\u00e4 oliiiveista. T\u00e4ydellinen valinta aamuun ja p\u00e4iv\u00e4n ruokailuihin raikkaalla, hedelm\u00e4isell\u00e4 maullaan.<\/p>\n","protected":false},"featured_media":140271,"comment_status":"open","ping_status":"open","template":"","meta":{"_acf_changed":false},"product_brand":[667],"product_cat":[677,753,691,678],"product_tag":[174],"class_list":{"0":"post-141864","1":"product","2":"type-product","3":"status-publish","4":"has-post-thumbnail","6":"product_brand-nobleza-del-sur","7":"product_cat-ajankohtaisia","8":"product_cat-my-healthy-oils","9":"product_cat-oliivioljyt","10":"product_cat-oljyt-etikat","11":"product_tag-luomu","12":"product_shipping_class-shipping-discount","13":"pa_alkuperamaa-espanja","14":"pa_ruokavalio-luomu","16":"first","17":"outofstock","18":"taxable","19":"shipping-taxable","20":"purchasable","21":"product-type-simple","swatches":"rey-swatches","show_selected":""},"acf":[],"_links":{"self":[{"href":"https:\/\/www.delideli.zoner.dev\/fin\/wp-json\/wp\/v2\/product\/141864","targetHints":{"allow":["GET"]}}],"collection":[{"href":"https:\/\/www.delideli.zoner.dev\/fin\/wp-json\/wp\/v2\/product"}],"about":[{"href":"https:\/\/www.delideli.zoner.dev\/fin\/wp-json\/wp\/v2\/types\/product"}],"replies":[{"embeddable":true,"href":"https:\/\/www.delideli.zoner.dev\/fin\/wp-json\/wp\/v2\/comments?post=141864"}],"version-history":[{"count":0,"href":"https:\/\/www.delideli.zoner.dev\/fin\/wp-json\/wp\/v2\/product\/141864\/revisions"}],"wp:featuredmedia":[{"embeddable":true,"href":"https:\/\/www.delideli.zoner.dev\/fin\/wp-json\/wp\/v2\/media\/140271"}],"wp:attachment":[{"href":"https:\/\/www.delideli.zoner.dev\/fin\/wp-json\/wp\/v2\/media?parent=141864"}],"wp:term":[{"taxonomy":"product_brand","embeddable":true,"href":"https:\/\/www.delideli.zoner.dev\/fin\/wp-json\/wp\/v2\/product_brand?post=141864"},{"taxonomy":"product_cat","embeddable":true,"href":"https:\/\/www.delideli.zoner.dev\/fin\/wp-json\/wp\/v2\/product_cat?post=141864"},{"taxonomy":"product_tag","embeddable":true,"href":"https:\/\/www.delideli.zoner.dev\/fin\/wp-json\/wp\/v2\/product_tag?post=141864"}],"curies":[{"name":"wp","href":"https:\/\/api.w.org\/{rel}","templated":true}]}}