{"id":141865,"date":"2025-09-01T14:32:40","date_gmt":"2025-09-01T14:32:40","guid":{"rendered":"https:\/\/www.delideli.zoner.dev\/tuote\/nobleza-del-sur-eco-children-250ml\/"},"modified":"2026-05-04T16:16:44","modified_gmt":"2026-05-04T16:16:44","slug":"nobleza-del-sur-eco-children-250ml","status":"publish","type":"product","link":"https:\/\/www.delideli.zoner.dev\/fin\/tuote\/nobleza-del-sur-eco-children-250ml\/","title":{"rendered":"Nobleza del Sur Eco Children 250ml"},"content":{"rendered":"<p>Nobleza del Sur Only for Children on ainutlaatuinen extra virgin oliivi\u00f6ljy, joka on kehitetty erityisesti lasten makumieltymykset huomioiden. T\u00e4m\u00e4 mieto ja lempe\u00e4 \u00f6ljy toimii t\u00e4ydellisen\u00e4 johdantona oliivi\u00f6ljyn maailmaan, tarjoten kaikki extra virgin \u00f6ljyn terveyshy\u00f6dyt ilman voimakasta kirpeytt\u00e4 tai polttavuutta.<br \/>\n\u00d6ljyn makuprofiili on poikkeuksellisen tasapainoinen ja lempe\u00e4. Aromissa korostuvat makeat, hedelm\u00e4iset s\u00e4vyt kuten kyps\u00e4 banaani ja omena, kun taas maku on pehme\u00e4n p\u00e4hkin\u00e4inen ilman mink\u00e4\u00e4nlaista kitker\u00f6itymist\u00e4. V\u00e4ri on hennon kultainen, joka viestii \u00f6ljyn miedosta luonteesta.<br \/>\nT\u00e4m\u00e4 \u00f6ljy sopii erinomaisesti lasten ruokavalioon monipuolisesti: salaattikastikkeisiin, pastan sekaan, leiv\u00e4n p\u00e4\u00e4lle tai jopa sellaisenaan lusikalta maisteltavaksi. Se on erinomainen valinta my\u00f6s vauvojen kiinte\u00e4n ruoan aloittamiseen kuuden kuukauden i\u00e4st\u00e4 l\u00e4htien. \u00d6ljy sis\u00e4lt\u00e4\u00e4 runsaasti lapsen kehitykselle t\u00e4rkeit\u00e4 rasvahappoja ja antioksidantteja. Tuotanto noudattaa tiukkoja laatustandardeja varmistaen tuotteen turvallisuuden herkille lasten vatsille.<\/p>\n","protected":false},"excerpt":{"rendered":"<p>Erityisesti lapsille suunniteltu eritt\u00e4in mieto ja lempe\u00e4 extra virgin oliivi\u00f6ljy. T\u00e4ydellinen ensikosketus oliivi\u00f6ljyn maailmaan pehme\u00e4ll\u00e4, hedelm\u00e4isell\u00e4 maullaan ilman kirpeytt\u00e4.<\/p>\n","protected":false},"featured_media":140273,"comment_status":"open","ping_status":"open","template":"","meta":{"_acf_changed":false},"product_brand":[667],"product_cat":[677,753,691,678],"product_tag":[174],"class_list":{"0":"post-141865","1":"product","2":"type-product","3":"status-publish","4":"has-post-thumbnail","6":"product_brand-nobleza-del-sur","7":"product_cat-ajankohtaisia","8":"product_cat-my-healthy-oils","9":"product_cat-oliivioljyt","10":"product_cat-oljyt-etikat","11":"product_tag-luomu","12":"product_shipping_class-shipping-discount","13":"pa_alkuperamaa-espanja","14":"pa_ruokavalio-luomu","16":"first","17":"instock","18":"taxable","19":"shipping-taxable","20":"purchasable","21":"product-type-simple","swatches":"rey-swatches","show_selected":""},"acf":[],"_links":{"self":[{"href":"https:\/\/www.delideli.zoner.dev\/fin\/wp-json\/wp\/v2\/product\/141865","targetHints":{"allow":["GET"]}}],"collection":[{"href":"https:\/\/www.delideli.zoner.dev\/fin\/wp-json\/wp\/v2\/product"}],"about":[{"href":"https:\/\/www.delideli.zoner.dev\/fin\/wp-json\/wp\/v2\/types\/product"}],"replies":[{"embeddable":true,"href":"https:\/\/www.delideli.zoner.dev\/fin\/wp-json\/wp\/v2\/comments?post=141865"}],"version-history":[{"count":0,"href":"https:\/\/www.delideli.zoner.dev\/fin\/wp-json\/wp\/v2\/product\/141865\/revisions"}],"wp:featuredmedia":[{"embeddable":true,"href":"https:\/\/www.delideli.zoner.dev\/fin\/wp-json\/wp\/v2\/media\/140273"}],"wp:attachment":[{"href":"https:\/\/www.delideli.zoner.dev\/fin\/wp-json\/wp\/v2\/media?parent=141865"}],"wp:term":[{"taxonomy":"product_brand","embeddable":true,"href":"https:\/\/www.delideli.zoner.dev\/fin\/wp-json\/wp\/v2\/product_brand?post=141865"},{"taxonomy":"product_cat","embeddable":true,"href":"https:\/\/www.delideli.zoner.dev\/fin\/wp-json\/wp\/v2\/product_cat?post=141865"},{"taxonomy":"product_tag","embeddable":true,"href":"https:\/\/www.delideli.zoner.dev\/fin\/wp-json\/wp\/v2\/product_tag?post=141865"}],"curies":[{"name":"wp","href":"https:\/\/api.w.org\/{rel}","templated":true}]}}