{"id":141866,"date":"2025-09-01T14:32:53","date_gmt":"2025-09-01T14:32:53","guid":{"rendered":"https:\/\/www.delideli.zoner.dev\/tuote\/pruneti-fruttato-leggero-extra-virgin-oliivioljy-500-ml\/"},"modified":"2026-05-04T16:16:44","modified_gmt":"2026-05-04T16:16:44","slug":"pruneti-fruttato-leggero-extra-virgin-oliivioljy-500-ml","status":"publish","type":"product","link":"https:\/\/www.delideli.zoner.dev\/fin\/tuote\/pruneti-fruttato-leggero-extra-virgin-oliivioljy-500-ml\/","title":{"rendered":"Pruneti Fruttato Leggero Extra Virgin oliivi\u00f6ljy 0,5 l"},"content":{"rendered":"<p>Pruneti Fruttato Leggero on hienostunut extra virgin oliivi\u00f6ljy, joka edustaa Frantoio Prunetin taitoa luoda kevyit\u00e4 ja elegantteja \u00f6ljyj\u00e4 menett\u00e4m\u00e4tt\u00e4 monimutkaisuutta. T\u00e4m\u00e4 \u00f6ljy on valmistettu huolellisesti valituista toskaalaisista oliiveista, jotka on korjattu optimaalisella kypsyysasteella lempe\u00e4n mutta rikkaan makuprofiilin saavuttamiseksi.<br \/>\n\u00d6ljyn luonne on raikkaan kevyt ja saavutettava. Aromissa korostuvat makeat hedelm\u00e4t, tuoreet yrtit ja hienovaraiset kukkaiss\u00e4vyt. Maku on pehme\u00e4n hedelm\u00e4inen, hyvin tasapainoitettu lempe\u00e4ll\u00e4 kirpeydell\u00e4 ja lyhyell\u00e4, miellytt\u00e4v\u00e4ll\u00e4 polttavuudella. T\u00e4m\u00e4 tekee siit\u00e4 erinomaisen valinnan niille, jotka etsiv\u00e4t laadukasta oliivi\u00f6ljy\u00e4 ilman ylivoimaista intensiivisyytt\u00e4.<br \/>\nFruttato Leggero sopii t\u00e4ydellisesti herkempiin ruokiin: kala-annoksiin, vaaleiden lihojen kanssa, kevyisiin salaatteihin ja delikaatteihin kasviksiin. Se on erinomainen valinta my\u00f6s leivontaan ja makeisiin sovelluksiin. \u00d6ljy toimii erinomaisesti my\u00f6s ensikertalaisten makujen tutustuttajana oliivi\u00f6ljyn maailmaan. Frantoio Prunetin perinteinen kylm\u00e4puristusprosessi varmistaa \u00f6ljyn puhtauden ja ravitsemuksellisen arvon s\u00e4ilymisen.<\/p>\n","protected":false},"excerpt":{"rendered":"<p>Frantoio Pruneti on saanut arvostetussa FLOS OLEIssa 99\/100 pistett\u00e4. Heid\u00e4n Leggero extra virgin oliivi\u00f6ljy on kevyt mutta tuoksussa maussa on tuoretta leikattua ruohoa, yrttisyytt\u00e4 kuten basilikaa, fenkolia ja pinjansiemeni\u00e4.<\/p>\n<p>Sopii erinomaisesti valkoiselle lihalle viimeistelyyn, kalalle ja kasviksille.<\/p>\n","protected":false},"featured_media":140275,"comment_status":"open","ping_status":"open","template":"","meta":{"_acf_changed":false},"product_brand":[668],"product_cat":[677,753,691,678],"product_tag":[174],"class_list":{"0":"post-141866","1":"product","2":"type-product","3":"status-publish","4":"has-post-thumbnail","6":"product_brand-frantoio-pruneti","7":"product_cat-ajankohtaisia","8":"product_cat-my-healthy-oils","9":"product_cat-oliivioljyt","10":"product_cat-oljyt-etikat","11":"product_tag-luomu","12":"product_shipping_class-shipping-discount","13":"pa_alkuperamaa-italia","14":"pa_oliivioljy-mieto","16":"first","17":"outofstock","18":"taxable","19":"shipping-taxable","20":"purchasable","21":"product-type-simple","swatches":"rey-swatches","show_selected":""},"acf":[],"_links":{"self":[{"href":"https:\/\/www.delideli.zoner.dev\/fin\/wp-json\/wp\/v2\/product\/141866","targetHints":{"allow":["GET"]}}],"collection":[{"href":"https:\/\/www.delideli.zoner.dev\/fin\/wp-json\/wp\/v2\/product"}],"about":[{"href":"https:\/\/www.delideli.zoner.dev\/fin\/wp-json\/wp\/v2\/types\/product"}],"replies":[{"embeddable":true,"href":"https:\/\/www.delideli.zoner.dev\/fin\/wp-json\/wp\/v2\/comments?post=141866"}],"version-history":[{"count":0,"href":"https:\/\/www.delideli.zoner.dev\/fin\/wp-json\/wp\/v2\/product\/141866\/revisions"}],"wp:featuredmedia":[{"embeddable":true,"href":"https:\/\/www.delideli.zoner.dev\/fin\/wp-json\/wp\/v2\/media\/140275"}],"wp:attachment":[{"href":"https:\/\/www.delideli.zoner.dev\/fin\/wp-json\/wp\/v2\/media?parent=141866"}],"wp:term":[{"taxonomy":"product_brand","embeddable":true,"href":"https:\/\/www.delideli.zoner.dev\/fin\/wp-json\/wp\/v2\/product_brand?post=141866"},{"taxonomy":"product_cat","embeddable":true,"href":"https:\/\/www.delideli.zoner.dev\/fin\/wp-json\/wp\/v2\/product_cat?post=141866"},{"taxonomy":"product_tag","embeddable":true,"href":"https:\/\/www.delideli.zoner.dev\/fin\/wp-json\/wp\/v2\/product_tag?post=141866"}],"curies":[{"name":"wp","href":"https:\/\/api.w.org\/{rel}","templated":true}]}}