{"id":141867,"date":"2025-09-01T14:32:54","date_gmt":"2025-09-01T14:32:54","guid":{"rendered":"https:\/\/www.delideli.zoner.dev\/tuote\/pruneti-dop-chianti-classico-extra-virgin-oliivioljy-500-ml\/"},"modified":"2026-05-04T16:16:44","modified_gmt":"2026-05-04T16:16:44","slug":"pruneti-dop-chianti-classico-extra-virgin-oliivioljy-500-ml","status":"publish","type":"product","link":"https:\/\/www.delideli.zoner.dev\/fin\/tuote\/pruneti-dop-chianti-classico-extra-virgin-oliivioljy-500-ml\/","title":{"rendered":"Pruneti DOP Chianti Classico Extra Virgin oliivi\u00f6ljy 0,5 l"},"content":{"rendered":"<p>Pruneti PDO Chianti Classico on ainutlaatuinen extra virgin oliivi\u00f6ljy, joka kantaa arvostettua PDO (Protected Designation of Origin) -merkint\u00e4\u00e4. T\u00e4m\u00e4 takaa, ett\u00e4 \u00f6ljy on valmistettu yksinomaan Chianti Classico -alueen oliiveista perinteisi\u00e4 menetelmi\u00e4 k\u00e4ytt\u00e4en, mik\u00e4 tekee siit\u00e4 aito toskaanalaisen \u00f6ljykulttuurin l\u00e4hettil\u00e4s.<br \/>\n\u00d6ljyn makuprofiili on harmonisesti tasapainoitettu, yhdist\u00e4en Chianti Classico -alueen tyypillisten lajikkeiden parhaat ominaisuudet. Aromissa korostuvat tuoreiden yrttien, kypsien hedelmien ja hienovaraisten kukkien s\u00e4vyt. Maku on t\u00e4ytel\u00e4inen ja moniulotteinen: keskivoimakas hedelm\u00e4isyys tasapainottuu lempe\u00e4ll\u00e4 kirpeydell\u00e4 ja p\u00e4\u00e4ttyy pitk\u00e4\u00e4n, tyydytt\u00e4v\u00e4\u00e4n j\u00e4lkimakuun.<br \/>\nT\u00e4m\u00e4 PDO-\u00f6ljy edustaa parasta mahdollista toskaanalaista perint\u00f6\u00e4 ja sopii erinomaisesti alueen perinteisiin ruokiin: ribollitaan, bistecca alla fiorentinaan ja pecorino-juustoihin. Se loistaa my\u00f6s yksinkertaisissa valmistuksissa kuten bruschettassa tai sellaisenaan dippaukseen. Frantoio Prunetin sukupolvien kokemus takaa \u00f6ljyn laadun ja autenttisuuden. PDO-merkint\u00e4 varmistaa alkuper\u00e4n j\u00e4ljitett\u00e4vyyden ja perinteisten tuotantomenetelmien noudattamisen. S\u00e4ilyt\u00e4 huoneenl\u00e4mp\u00f6tilaa viile\u00e4mm\u00e4ss\u00e4.<\/p>\n","protected":false},"excerpt":{"rendered":"<p>Chianti Classico DOP alkuper\u00e4merkint\u00e4 on Toscanan extra virgin oliivi\u00f6ljylle joka valmistetaan p\u00e4\u00e4asiassa Leccino, Moraiolo ja Frantoio lajikkeista.<\/p>\n<p>T\u00e4m\u00e4 \u00f6ljy on tasapainoinen ja maukas \u00f6ljy keitti\u00f6\u00f6si. Aromeissa artisokkaa, mantelia ja rukolaa, maussa my\u00f6s retiisi\u00e4, salviaa ja mustaa pippuria.<\/p>\n","protected":false},"featured_media":140277,"comment_status":"open","ping_status":"open","template":"","meta":{"_acf_changed":false},"product_brand":[668],"product_cat":[677,753,691,678,726],"product_tag":[174],"class_list":{"0":"post-141867","1":"product","2":"type-product","3":"status-publish","4":"has-post-thumbnail","6":"product_brand-frantoio-pruneti","7":"product_cat-ajankohtaisia","8":"product_cat-my-healthy-oils","9":"product_cat-oliivioljyt","10":"product_cat-oljyt-etikat","11":"product_cat-uudet-tuotteet","12":"product_tag-luomu","13":"product_shipping_class-shipping-discount","14":"pa_alkuperamaa-italia","15":"pa_oliivioljy-keskivahva","17":"first","18":"instock","19":"taxable","20":"shipping-taxable","21":"purchasable","22":"product-type-simple","swatches":"rey-swatches","show_selected":""},"acf":[],"_links":{"self":[{"href":"https:\/\/www.delideli.zoner.dev\/fin\/wp-json\/wp\/v2\/product\/141867","targetHints":{"allow":["GET"]}}],"collection":[{"href":"https:\/\/www.delideli.zoner.dev\/fin\/wp-json\/wp\/v2\/product"}],"about":[{"href":"https:\/\/www.delideli.zoner.dev\/fin\/wp-json\/wp\/v2\/types\/product"}],"replies":[{"embeddable":true,"href":"https:\/\/www.delideli.zoner.dev\/fin\/wp-json\/wp\/v2\/comments?post=141867"}],"version-history":[{"count":0,"href":"https:\/\/www.delideli.zoner.dev\/fin\/wp-json\/wp\/v2\/product\/141867\/revisions"}],"wp:featuredmedia":[{"embeddable":true,"href":"https:\/\/www.delideli.zoner.dev\/fin\/wp-json\/wp\/v2\/media\/140277"}],"wp:attachment":[{"href":"https:\/\/www.delideli.zoner.dev\/fin\/wp-json\/wp\/v2\/media?parent=141867"}],"wp:term":[{"taxonomy":"product_brand","embeddable":true,"href":"https:\/\/www.delideli.zoner.dev\/fin\/wp-json\/wp\/v2\/product_brand?post=141867"},{"taxonomy":"product_cat","embeddable":true,"href":"https:\/\/www.delideli.zoner.dev\/fin\/wp-json\/wp\/v2\/product_cat?post=141867"},{"taxonomy":"product_tag","embeddable":true,"href":"https:\/\/www.delideli.zoner.dev\/fin\/wp-json\/wp\/v2\/product_tag?post=141867"}],"curies":[{"name":"wp","href":"https:\/\/api.w.org\/{rel}","templated":true}]}}