{"id":141868,"date":"2025-09-01T14:32:55","date_gmt":"2025-09-01T14:32:55","guid":{"rendered":"https:\/\/www.delideli.zoner.dev\/tuote\/pruneti-fruttato-intenso-extra-virgin-oliivioljy-500-ml\/"},"modified":"2026-05-04T16:16:44","modified_gmt":"2026-05-04T16:16:44","slug":"pruneti-fruttato-intenso-extra-virgin-oliivioljy-500-ml","status":"publish","type":"product","link":"https:\/\/www.delideli.zoner.dev\/fin\/tuote\/pruneti-fruttato-intenso-extra-virgin-oliivioljy-500-ml\/","title":{"rendered":"Pruneti Fruttato Intenso Extra Virgin oliivi\u00f6ljy 0,5 l"},"content":{"rendered":"<p>Pruneti Fruttato Intenso edustaa toskaanalaisen Frantoio Prunetin huippuosaamista \u00f6ljynvalmistuksessa. T\u00e4m\u00e4 premium extra virgin oliivi\u00f6ljy on valmistettu huolellisesti valituista toskaalaisista oliiveista, joiden intensiivinen luonne tuottaa poikkeuksellisen voimakkaan ja kompleksisen makuel\u00e4myksen.<br \/>\n\u00d6ljyn luonne on rohkean intensiivinen ja t\u00e4ytel\u00e4inen. Aromissa korostuvat tuoreiden yrttien, artikokan ja vihre\u00e4n paprika s\u00e4vyt, kun taas maku alkaa voimakkaalla hedelm\u00e4isyydell\u00e4 joka kehittyy merkitt\u00e4v\u00e4ksi kirpeydeksi ja p\u00e4\u00e4ttyy pitk\u00e4\u00e4n, l\u00e4mp\u00f6iseen j\u00e4lkimakuun. T\u00e4m\u00e4 intensiivisyys kertoo \u00f6ljyn korkeasta fenolipitoisuudesta ja antioksidanttiarvoista.<br \/>\nFruttato Intenso loistaa erityisesti vahvojen makujen kanssa: grillatun lihan, tummanpunaisten kastikkeiden ja kypsien juustojen seurana. Se sopii erinomaisesti my\u00f6s bruschettaan, baba ghanoushin viimeistelyyn tai sellaisenaan dippaukseen hyv\u00e4n leiv\u00e4n kanssa. \u00d6ljy kest\u00e4\u00e4 hyvin l\u00e4mp\u00f6k\u00e4sittely\u00e4 s\u00e4ilytt\u00e4en aromikkuutensa. Frantoio Prunetin perinteinen kylm\u00e4puristus takaa \u00f6ljyn puhtauden ja autenttisuuden. S\u00e4ilyt\u00e4 tummassa ja viile\u00e4ss\u00e4 optimaalisen maun s\u00e4ilymiseksi.<\/p>\n","protected":false},"excerpt":{"rendered":"<p>Frantoio Pruneti on saanut arvostetussa FLOS OLEIssa 99\/100 pistett\u00e4. Talon Intensossa Moraiolo oliivien voimakas aromi tuo t\u00e4lle \u00f6ljylle syvyytt\u00e4 ja pippurisuutta, kuitenkaan olematta liian voimakas ihan salaattiin.\u00a0 Aromissa artisokkaa ja vihre\u00e4\u00e4 omenaa, rosmariinia, kuivattuja hedelmi\u00e4 ja mustaa pippuria. Sopii erinomaisesti grillatuille kasviksille ja lihalle, mausteisiin kastikkeisiin ja marinadeihin.<\/p>\n","protected":false},"featured_media":140279,"comment_status":"open","ping_status":"open","template":"","meta":{"_acf_changed":false},"product_brand":[668],"product_cat":[677,753,691,678],"product_tag":[174],"class_list":{"0":"post-141868","1":"product","2":"type-product","3":"status-publish","4":"has-post-thumbnail","6":"product_brand-frantoio-pruneti","7":"product_cat-ajankohtaisia","8":"product_cat-my-healthy-oils","9":"product_cat-oliivioljyt","10":"product_cat-oljyt-etikat","11":"product_tag-luomu","12":"product_shipping_class-shipping-discount","13":"pa_alkuperamaa-italia","14":"pa_oliivioljy-vahva","16":"first","17":"instock","18":"taxable","19":"shipping-taxable","20":"purchasable","21":"product-type-simple","swatches":"rey-swatches","show_selected":""},"acf":[],"_links":{"self":[{"href":"https:\/\/www.delideli.zoner.dev\/fin\/wp-json\/wp\/v2\/product\/141868","targetHints":{"allow":["GET"]}}],"collection":[{"href":"https:\/\/www.delideli.zoner.dev\/fin\/wp-json\/wp\/v2\/product"}],"about":[{"href":"https:\/\/www.delideli.zoner.dev\/fin\/wp-json\/wp\/v2\/types\/product"}],"replies":[{"embeddable":true,"href":"https:\/\/www.delideli.zoner.dev\/fin\/wp-json\/wp\/v2\/comments?post=141868"}],"version-history":[{"count":0,"href":"https:\/\/www.delideli.zoner.dev\/fin\/wp-json\/wp\/v2\/product\/141868\/revisions"}],"wp:featuredmedia":[{"embeddable":true,"href":"https:\/\/www.delideli.zoner.dev\/fin\/wp-json\/wp\/v2\/media\/140279"}],"wp:attachment":[{"href":"https:\/\/www.delideli.zoner.dev\/fin\/wp-json\/wp\/v2\/media?parent=141868"}],"wp:term":[{"taxonomy":"product_brand","embeddable":true,"href":"https:\/\/www.delideli.zoner.dev\/fin\/wp-json\/wp\/v2\/product_brand?post=141868"},{"taxonomy":"product_cat","embeddable":true,"href":"https:\/\/www.delideli.zoner.dev\/fin\/wp-json\/wp\/v2\/product_cat?post=141868"},{"taxonomy":"product_tag","embeddable":true,"href":"https:\/\/www.delideli.zoner.dev\/fin\/wp-json\/wp\/v2\/product_tag?post=141868"}],"curies":[{"name":"wp","href":"https:\/\/api.w.org\/{rel}","templated":true}]}}