{"id":141875,"date":"2025-10-16T11:45:16","date_gmt":"2025-10-16T11:45:16","guid":{"rendered":"https:\/\/www.delideli.zoner.dev\/tuote\/terre-et-mer-kalaherkku-kampasimpukkaa-ja-savukylkea-90g\/"},"modified":"2026-05-04T16:16:48","modified_gmt":"2026-05-04T16:16:48","slug":"terre-et-mer-kalaherkku-kampasimpukkaa-ja-savukylkea-90g","status":"publish","type":"product","link":"https:\/\/www.delideli.zoner.dev\/fin\/tuote\/terre-et-mer-kalaherkku-kampasimpukkaa-ja-savukylkea-90g\/","title":{"rendered":"Terre et Mer kalaherkku kampasimpukkaa ja savukylke\u00e4 90g"},"content":{"rendered":"<p>Terre et Mer kalaherkku on ranskalainen k\u00e4sity\u00f6tuote Maison Marthelta. Tuote on klassinen &#8221;terre et mer&#8221; (maa ja meri) -yhdistelm\u00e4, jossa yhdistyv\u00e4t skotlantilainen kampasimpukka ja savustettu pekoni.<\/p>\n<p>Tuotteessa on 29% skotlantilaista kampasimpukkaa (Pecten Maximus), joka tunnetaan herk\u00e4st\u00e4 ja makeasta maaustaan. Kampasimpukat ovat suuria ja t\u00e4ytel\u00e4isi\u00e4. Yhdistelm\u00e4\u00e4n lis\u00e4t\u00e4\u00e4n 13% savustettuja pekonipalasi\u00e4, jotka tuovat savuisuutta ja suolaisuutta tasapainottaen kampasimpukan makuutta.<\/p>\n<p>T\u00e4m\u00e4 klassinen ranskalainen makupari on suosittu hienoissa ravintoloissa. Maison Marthe on tuonut t\u00e4m\u00e4n yhdistelm\u00e4n saataville k\u00e4tev\u00e4ksi levitteeksi, joka s\u00e4ilytt\u00e4\u00e4 alkuper\u00e4isen reseptin eleganssin. Espelettenpippuri tuo liev\u00e4\u00e4 l\u00e4mp\u00f6\u00e4 ja lis\u00e4\u00e4 syvyytt\u00e4.<\/p>\n<p>K\u00e4ytt\u00f6vinkit:<\/p>\n<p>Tarjoa levitteen\u00e4 tuoreelle patonkileip\u00e4v\u00e4lle. Nauti alkupalana krakereiden kanssa. K\u00e4yt\u00e4 t\u00e4ytteen\u00e4 voileiviss\u00e4 tai bruschettalla. Lis\u00e4\u00e4 juhlaviin alkupalaleivoksiin. Kokeile my\u00f6s pastaleivokeiden t\u00e4ytteen\u00e4. Anna tulla huoneenl\u00e4mp\u00f6\u00f6n ennen tarjoilua. S\u00e4ilyt\u00e4 avaamisen j\u00e4lkeen j\u00e4\u00e4kaapissa ja k\u00e4yt\u00e4 kahden p\u00e4iv\u00e4n sis\u00e4ll\u00e4.<\/p>\n<p>Tuottaja:<\/p>\n<p>Maison Marthe on k\u00e4sity\u00f6l\u00e4iskonserveria La Cotini\u00e8ress\u00e4 \u00cele d&#8217;Ol\u00e9ronin saarella. Yritys perustettiin vuonna 2014 ja on noin 10 hengen tiimi, joka valmistaa k\u00e4sin levitteit\u00e4 ja j\u00e4lkiruokia. Maison Marthen tuotteet toimitetaan arvostetuille asiakkaille kuten Lafayette Gourmet&#8217;lle ja Ranskan tasavallan presidentille. Yrityksen tuotteet on palkittu useilla mitaleilla arvostettuissa kilpailuissa.<\/p>\n","protected":false},"excerpt":{"rendered":"<p>Kampasimpukka savustetulla pekonilla. Skotlantilaista kampasimpukkaa 29%. Klassinen maa ja meri -yhdistelm\u00e4.<\/p>\n","protected":false},"featured_media":140291,"comment_status":"open","ping_status":"open","template":"","meta":{"_acf_changed":false},"product_brand":[669],"product_cat":[728,676],"product_tag":[],"class_list":{"0":"post-141875","1":"product","2":"type-product","3":"status-publish","4":"has-post-thumbnail","6":"product_brand-conserverie-maison-marthe-ile-doleron","7":"product_cat-kalatuotteet","8":"product_cat-suolaiset","9":"product_shipping_class-shipping-discount","10":"pa_alkuperamaa-ranska","12":"first","13":"instock","14":"taxable","15":"shipping-taxable","16":"purchasable","17":"product-type-simple","swatches":"rey-swatches","show_selected":""},"acf":[],"_links":{"self":[{"href":"https:\/\/www.delideli.zoner.dev\/fin\/wp-json\/wp\/v2\/product\/141875","targetHints":{"allow":["GET"]}}],"collection":[{"href":"https:\/\/www.delideli.zoner.dev\/fin\/wp-json\/wp\/v2\/product"}],"about":[{"href":"https:\/\/www.delideli.zoner.dev\/fin\/wp-json\/wp\/v2\/types\/product"}],"replies":[{"embeddable":true,"href":"https:\/\/www.delideli.zoner.dev\/fin\/wp-json\/wp\/v2\/comments?post=141875"}],"version-history":[{"count":0,"href":"https:\/\/www.delideli.zoner.dev\/fin\/wp-json\/wp\/v2\/product\/141875\/revisions"}],"wp:featuredmedia":[{"embeddable":true,"href":"https:\/\/www.delideli.zoner.dev\/fin\/wp-json\/wp\/v2\/media\/140291"}],"wp:attachment":[{"href":"https:\/\/www.delideli.zoner.dev\/fin\/wp-json\/wp\/v2\/media?parent=141875"}],"wp:term":[{"taxonomy":"product_brand","embeddable":true,"href":"https:\/\/www.delideli.zoner.dev\/fin\/wp-json\/wp\/v2\/product_brand?post=141875"},{"taxonomy":"product_cat","embeddable":true,"href":"https:\/\/www.delideli.zoner.dev\/fin\/wp-json\/wp\/v2\/product_cat?post=141875"},{"taxonomy":"product_tag","embeddable":true,"href":"https:\/\/www.delideli.zoner.dev\/fin\/wp-json\/wp\/v2\/product_tag?post=141875"}],"curies":[{"name":"wp","href":"https:\/\/api.w.org\/{rel}","templated":true}]}}