{"id":141876,"date":"2025-10-16T12:51:39","date_gmt":"2025-10-16T12:51:39","guid":{"rendered":"https:\/\/www.delideli.zoner.dev\/tuote\/terre-mer-kalaherkku-turska-sailotyilla-sitruunoilla-90g\/"},"modified":"2026-05-04T16:16:48","modified_gmt":"2026-05-04T16:16:48","slug":"terre-mer-kalaherkku-turska-sailotyilla-sitruunoilla-90g","status":"publish","type":"product","link":"https:\/\/www.delideli.zoner.dev\/fin\/tuote\/terre-mer-kalaherkku-turska-sailotyilla-sitruunoilla-90g\/","title":{"rendered":"Terre et Mer kalaherkku turska s\u00e4il\u00f6tyill\u00e4 sitruunoilla 90g"},"content":{"rendered":"<p>Terre et Mer kalaherkku on ranskalainen k\u00e4sity\u00f6tuote Maison Marthelta. Tuote on valmistettu paikallisesta kummeliturskasta, joka on maustettu s\u00e4il\u00f6tyill\u00e4 sitruunoilla.<\/p>\n<p>Kummeliturska (merluzzo) on paikallinen kala La Cotini\u00e8ren satamassa. Sen vaalea liha on herk\u00e4n makuista ja hajoaa hienosti. Tuotteessa on 46% kummeliturskaa, mik\u00e4 takaa t\u00e4ytel\u00e4isen kalaisanaromisen maun.<\/p>\n<p>S\u00e4il\u00f6tyt sitruunat ovat erityinen osa t\u00e4t\u00e4 resepti\u00e4. Maison Marthe valmistaa s\u00e4il\u00f6tyt sitruunat itse ja pilkkoo ne ennen lis\u00e4\u00e4mist\u00e4 tuotteeseen. T\u00e4m\u00e4 tuo raikkautta ja kirkkautta sek\u00e4 liev\u00e4n happamuuden, joka tasapainottaa kalan t\u00e4ytel\u00e4isyyden. Timutpippuri tuo eksoottisen, sitrusmaisen s\u00e4vyn.<\/p>\n<p>Tuote on kevyt, raikas ja hedelm\u00e4inen &#8211; ihanteellinen kes\u00e4inen levite tai alkupala.<\/p>\n<p>K\u00e4ytt\u00f6vinkit:<\/p>\n<p>Tarjoa levitteen\u00e4 tuoreelle patonkileip\u00e4v\u00e4lle. Nauti alkupalana krakereiden kanssa. Lis\u00e4\u00e4 v\u00e4limerellisiin salaatteihin. K\u00e4yt\u00e4 t\u00e4ytteen\u00e4 voileiviss\u00e4 tai wrapoissa. Kokeile my\u00f6s pasta-aterioiden lisukkeena. Anna tulla huoneenl\u00e4mp\u00f6\u00f6n ennen tarjoilua. S\u00e4ilyt\u00e4 avaamisen j\u00e4lkeen j\u00e4\u00e4kaapissa ja k\u00e4yt\u00e4 kahden p\u00e4iv\u00e4n sis\u00e4ll\u00e4.<\/p>\n<p>Tuottaja:<\/p>\n<p>Maison Marthe on k\u00e4sity\u00f6l\u00e4iskonserveria La Cotini\u00e8ress\u00e4 \u00cele d&#8217;Ol\u00e9ronin saarella. Yritys sijaitsee vain 100 metri\u00e4 La Cotini\u00e8ren satamasta, joka on Nouvelle-Aquitainen suurin kalastussatama. Maison Marthe hankkii kalansa suoraan paikalliselta kalatorilta ja valmistaa tuotteet k\u00e4sity\u00f6n\u00e4 samana p\u00e4iv\u00e4n\u00e4 varmistaen maksimaalisen tuoreuden. Yrityksen tuotteet on palkittu useilla mitaleilla arvostettuissa kilpailuissa.<\/p>\n","protected":false},"excerpt":{"rendered":"<p>Kummeliturska s\u00e4il\u00f6tyill\u00e4 sitruunoilla. Paikallista kalaa La Cotini\u00e8rest\u00e4. 46% kummeliturskaa. Raikas ja hedelm\u00e4inen.<\/p>\n","protected":false},"featured_media":140293,"comment_status":"open","ping_status":"open","template":"","meta":{"_acf_changed":false},"product_brand":[669],"product_cat":[728,676],"product_tag":[],"class_list":{"0":"post-141876","1":"product","2":"type-product","3":"status-publish","4":"has-post-thumbnail","6":"product_brand-conserverie-maison-marthe-ile-doleron","7":"product_cat-kalatuotteet","8":"product_cat-suolaiset","9":"product_shipping_class-shipping-discount","10":"pa_alkuperamaa-ranska","12":"first","13":"outofstock","14":"taxable","15":"shipping-taxable","16":"purchasable","17":"product-type-simple","swatches":"rey-swatches","show_selected":""},"acf":[],"_links":{"self":[{"href":"https:\/\/www.delideli.zoner.dev\/fin\/wp-json\/wp\/v2\/product\/141876","targetHints":{"allow":["GET"]}}],"collection":[{"href":"https:\/\/www.delideli.zoner.dev\/fin\/wp-json\/wp\/v2\/product"}],"about":[{"href":"https:\/\/www.delideli.zoner.dev\/fin\/wp-json\/wp\/v2\/types\/product"}],"replies":[{"embeddable":true,"href":"https:\/\/www.delideli.zoner.dev\/fin\/wp-json\/wp\/v2\/comments?post=141876"}],"version-history":[{"count":0,"href":"https:\/\/www.delideli.zoner.dev\/fin\/wp-json\/wp\/v2\/product\/141876\/revisions"}],"wp:featuredmedia":[{"embeddable":true,"href":"https:\/\/www.delideli.zoner.dev\/fin\/wp-json\/wp\/v2\/media\/140293"}],"wp:attachment":[{"href":"https:\/\/www.delideli.zoner.dev\/fin\/wp-json\/wp\/v2\/media?parent=141876"}],"wp:term":[{"taxonomy":"product_brand","embeddable":true,"href":"https:\/\/www.delideli.zoner.dev\/fin\/wp-json\/wp\/v2\/product_brand?post=141876"},{"taxonomy":"product_cat","embeddable":true,"href":"https:\/\/www.delideli.zoner.dev\/fin\/wp-json\/wp\/v2\/product_cat?post=141876"},{"taxonomy":"product_tag","embeddable":true,"href":"https:\/\/www.delideli.zoner.dev\/fin\/wp-json\/wp\/v2\/product_tag?post=141876"}],"curies":[{"name":"wp","href":"https:\/\/api.w.org\/{rel}","templated":true}]}}