{"id":141877,"date":"2025-10-16T12:51:40","date_gmt":"2025-10-16T12:51:40","guid":{"rendered":"https:\/\/www.delideli.zoner.dev\/tuote\/terre-mer-kalaherkku-katkarapu-inkivaarilla-ja-korianterilla-90g\/"},"modified":"2026-05-04T16:16:49","modified_gmt":"2026-05-04T16:16:49","slug":"terre-mer-kalaherkku-katkarapu-inkivaarilla-ja-korianterilla-90g","status":"publish","type":"product","link":"https:\/\/www.delideli.zoner.dev\/fin\/tuote\/terre-mer-kalaherkku-katkarapu-inkivaarilla-ja-korianterilla-90g\/","title":{"rendered":"Terre et Mer kalaherkku katkarapu inkiv\u00e4\u00e4rill\u00e4 ja korianterilla 90g"},"content":{"rendered":"<p>Terre et Mer kalaherkku on ranskalainen k\u00e4sity\u00f6tuote Maison Marthelta. Tuote on valmistettu laadukkaasta pohjankatkaravusta, joka on maustettu tuoreella inkiv\u00e4\u00e4rill\u00e4 ja korianterilla.<\/p>\n<p>Tuotteessa on 46,54% pohjankatkarapua, mik\u00e4 tekee siit\u00e4 erityisen t\u00e4ytel\u00e4isen ja merenel\u00e4v\u00e4n makuisen. Katkarapupalat ovat suuria ja sulavia. Inkiv\u00e4\u00e4rin (2,36%) ter\u00e4v\u00e4 maku ja korianterin (1,29%) raikas aromi luovat tasapainoisen ja mielenkiintoisen makuyhdistelm\u00e4n.<\/p>\n<p>Maison Marthe valmistaa tuotteen perinteisell\u00e4 tavalla k\u00e4ytt\u00e4en tuoreita yrttej\u00e4. Koska tuote sis\u00e4lt\u00e4\u00e4 tuoretta korianteria lehten\u00e4 (ei vartta), maku on pehme\u00e4mpi ja v\u00e4hemm\u00e4n kitker\u00e4. Kalaliemi syvent\u00e4\u00e4 merenel\u00e4v\u00e4n makua entisest\u00e4\u00e4n.<\/p>\n<p>K\u00e4ytt\u00f6vinkit:<\/p>\n<p>Tarjoa levitteen\u00e4 tuoreelle patonkileip\u00e4v\u00e4lle. K\u00e4yt\u00e4 t\u00e4ytteen\u00e4 voileiviss\u00e4 tai wrapoissa. Nauti alkupalana krakereiden tai n\u00e4kkileiv\u00e4n kanssa. Lis\u00e4\u00e4 aasialaisiin salaatteihin makuel\u00e4myst\u00e4. Kokeile my\u00f6s t\u00e4ytteen\u00e4 avokadon puolikkaaseen. Anna tulla huoneenl\u00e4mp\u00f6\u00f6n ennen tarjoilua. S\u00e4ilyt\u00e4 avaamisen j\u00e4lkeen j\u00e4\u00e4kaapissa ja k\u00e4yt\u00e4 kahden p\u00e4iv\u00e4n sis\u00e4ll\u00e4.<\/p>\n<p>Tuottaja:<\/p>\n<p>Maison Marthe on k\u00e4sity\u00f6l\u00e4iskonserveria La Cotini\u00e8ress\u00e4 \u00cele d&#8217;Ol\u00e9ronin saarella. Yritys sijaitsee vain 100 metri\u00e4 La Cotini\u00e8ren satamasta, joka on Nouvelle-Aquitainen suurin kalastussatama noin 100 veneell\u00e4 ja 300 kalastajalla. Maison Marthe k\u00e4ytt\u00e4\u00e4 tuoreita yrttej\u00e4 ja poistaa katkeran varren k\u00e4ytt\u00e4en vain yrtin lehdet. Yrityksen tuotteet on palkittu useilla mitaleilla arvostettuissa kilpailuissa.<\/p>\n","protected":false},"excerpt":{"rendered":"<p>Pohjankatkarapua tuoreella inkiv\u00e4\u00e4rill\u00e4 ja korianterilla. Sulavia katkarapupaloja, 46% katkarapua. Maustettu raikkaasti.<\/p>\n","protected":false},"featured_media":140295,"comment_status":"open","ping_status":"open","template":"","meta":{"_acf_changed":false},"product_brand":[669],"product_cat":[728,676],"product_tag":[],"class_list":{"0":"post-141877","1":"product","2":"type-product","3":"status-publish","4":"has-post-thumbnail","6":"product_brand-conserverie-maison-marthe-ile-doleron","7":"product_cat-kalatuotteet","8":"product_cat-suolaiset","9":"product_shipping_class-shipping-discount","10":"pa_alkuperamaa-ranska","12":"first","13":"instock","14":"taxable","15":"shipping-taxable","16":"purchasable","17":"product-type-simple","swatches":"rey-swatches","show_selected":""},"acf":[],"_links":{"self":[{"href":"https:\/\/www.delideli.zoner.dev\/fin\/wp-json\/wp\/v2\/product\/141877","targetHints":{"allow":["GET"]}}],"collection":[{"href":"https:\/\/www.delideli.zoner.dev\/fin\/wp-json\/wp\/v2\/product"}],"about":[{"href":"https:\/\/www.delideli.zoner.dev\/fin\/wp-json\/wp\/v2\/types\/product"}],"replies":[{"embeddable":true,"href":"https:\/\/www.delideli.zoner.dev\/fin\/wp-json\/wp\/v2\/comments?post=141877"}],"version-history":[{"count":0,"href":"https:\/\/www.delideli.zoner.dev\/fin\/wp-json\/wp\/v2\/product\/141877\/revisions"}],"wp:featuredmedia":[{"embeddable":true,"href":"https:\/\/www.delideli.zoner.dev\/fin\/wp-json\/wp\/v2\/media\/140295"}],"wp:attachment":[{"href":"https:\/\/www.delideli.zoner.dev\/fin\/wp-json\/wp\/v2\/media?parent=141877"}],"wp:term":[{"taxonomy":"product_brand","embeddable":true,"href":"https:\/\/www.delideli.zoner.dev\/fin\/wp-json\/wp\/v2\/product_brand?post=141877"},{"taxonomy":"product_cat","embeddable":true,"href":"https:\/\/www.delideli.zoner.dev\/fin\/wp-json\/wp\/v2\/product_cat?post=141877"},{"taxonomy":"product_tag","embeddable":true,"href":"https:\/\/www.delideli.zoner.dev\/fin\/wp-json\/wp\/v2\/product_tag?post=141877"}],"curies":[{"name":"wp","href":"https:\/\/api.w.org\/{rel}","templated":true}]}}