{"id":141878,"date":"2025-10-16T12:51:41","date_gmt":"2025-10-16T12:51:41","guid":{"rendered":"https:\/\/www.delideli.zoner.dev\/tuote\/terre-et-mer-lihaherkku-porsasta-valkosipulia-ja-timjamia-170g\/"},"modified":"2026-05-04T16:16:49","modified_gmt":"2026-05-04T16:16:49","slug":"terre-et-mer-lihaherkku-porsasta-valkosipulia-ja-timjamia-170g","status":"publish","type":"product","link":"https:\/\/www.delideli.zoner.dev\/fin\/tuote\/terre-et-mer-lihaherkku-porsasta-valkosipulia-ja-timjamia-170g\/","title":{"rendered":"Terre et Mer lihaherkku porsasta valkosipulia ja timjamia 170g"},"content":{"rendered":"<p>Terre et Mer lihaherkku on ranskalainen k\u00e4sity\u00f6tuote Maison Marthelta. Tuote on perinteinen Grillon Charentais, joka on tunnusomainen sikarilliette Charenten alueelta.<\/p>\n<p>Grillon charentais eroaa tavallisista rillieteista suurempien lihapalojensa ansiosta. Tuotteessa on 76% ranskalaista sianlapaa ja -rintaa sek\u00e4 19% sianrasvaa, mik\u00e4 takaa t\u00e4ytel\u00e4isen ja mehev\u00e4n rakenteen. Mauste on yksinkertainen mutta tehokas: valkosipuli, timjami, muskottip\u00e4hkin\u00e4 ja mustapippuri.<\/p>\n<p>Maison Marthe marinoi lihan timjamilla ja valkosipulilla ennen valmistusta. T\u00e4m\u00e4 antaa tuotteelle tyypillisen aromin ja tekee siit\u00e4 erinomaisen t\u00e4ydennyksen ostereille &#8211; klassinen &#8221;terre et mer&#8221; (maa ja meri) -yhdistelm\u00e4.<\/p>\n<p>K\u00e4ytt\u00f6vinkit:<\/p>\n<p>Tarjoa levitteen\u00e4 tuoreelle patonkileip\u00e4v\u00e4lle tai maaseutuleiv\u00e4ll\u00e4. Yhdist\u00e4 ostereiden kanssa klassisen ranskalaisen tavan mukaan. Nauti alkupalana piknikeill\u00e4 tai juhlap\u00f6yd\u00e4ss\u00e4. Maistuu hyvin my\u00f6s suolattujen kurkkujen ja tuoreen salaatin kanssa. Anna tulla huoneenl\u00e4mp\u00f6\u00f6n ennen tarjoilua. S\u00e4ilyt\u00e4 avaamisen j\u00e4lkeen j\u00e4\u00e4kaapissa ja k\u00e4yt\u00e4 kahden p\u00e4iv\u00e4n sis\u00e4ll\u00e4.<\/p>\n<p>Tuottaja:<\/p>\n<p>Maison Marthe on k\u00e4sity\u00f6l\u00e4iskonserveria saarella \u00cele d&#8217;Ol\u00e9ron La Cotini\u00e8ress\u00e4. Yritys perustettiin vuonna 2014 ja on noin 10 hengen tiimi, joka valmistaa k\u00e4sin levitteit\u00e4 ja j\u00e4lkiruokia. Maison Marthen tuotteet ovat v\u00e4h\u00e4rasvaisia ja v\u00e4h\u00e4suolaisia, ja ne sis\u00e4lt\u00e4v\u00e4t runsaasti lihaa ja makua. Yrityksen tuotteet on palkittu useilla mitaleilla arvostettuissa kilpailuissa, ja niit\u00e4 k\u00e4ytt\u00e4v\u00e4t muun muassa Lafayette Gourmet ja Ranskan tasavallan presidentti.<\/p>\n","protected":false},"excerpt":{"rendered":"<p>Grillon charentais &#8211; perinteinen charentelainen sikarilliette. Sis\u00e4lt\u00e4\u00e4 suuria makupaloja. Maustettu timjamilla ja valkosipulilla.<\/p>\n","protected":false},"featured_media":140297,"comment_status":"open","ping_status":"open","template":"","meta":{"_acf_changed":false},"product_brand":[669],"product_cat":[729,676],"product_tag":[],"class_list":{"0":"post-141878","1":"product","2":"type-product","3":"status-publish","4":"has-post-thumbnail","6":"product_brand-conserverie-maison-marthe-ile-doleron","7":"product_cat-lihatuotteet","8":"product_cat-suolaiset","9":"product_shipping_class-shipping-discount","10":"pa_alkuperamaa-ranska","12":"first","13":"instock","14":"taxable","15":"shipping-taxable","16":"purchasable","17":"product-type-simple","swatches":"rey-swatches","show_selected":""},"acf":[],"_links":{"self":[{"href":"https:\/\/www.delideli.zoner.dev\/fin\/wp-json\/wp\/v2\/product\/141878","targetHints":{"allow":["GET"]}}],"collection":[{"href":"https:\/\/www.delideli.zoner.dev\/fin\/wp-json\/wp\/v2\/product"}],"about":[{"href":"https:\/\/www.delideli.zoner.dev\/fin\/wp-json\/wp\/v2\/types\/product"}],"replies":[{"embeddable":true,"href":"https:\/\/www.delideli.zoner.dev\/fin\/wp-json\/wp\/v2\/comments?post=141878"}],"version-history":[{"count":0,"href":"https:\/\/www.delideli.zoner.dev\/fin\/wp-json\/wp\/v2\/product\/141878\/revisions"}],"wp:featuredmedia":[{"embeddable":true,"href":"https:\/\/www.delideli.zoner.dev\/fin\/wp-json\/wp\/v2\/media\/140297"}],"wp:attachment":[{"href":"https:\/\/www.delideli.zoner.dev\/fin\/wp-json\/wp\/v2\/media?parent=141878"}],"wp:term":[{"taxonomy":"product_brand","embeddable":true,"href":"https:\/\/www.delideli.zoner.dev\/fin\/wp-json\/wp\/v2\/product_brand?post=141878"},{"taxonomy":"product_cat","embeddable":true,"href":"https:\/\/www.delideli.zoner.dev\/fin\/wp-json\/wp\/v2\/product_cat?post=141878"},{"taxonomy":"product_tag","embeddable":true,"href":"https:\/\/www.delideli.zoner.dev\/fin\/wp-json\/wp\/v2\/product_tag?post=141878"}],"curies":[{"name":"wp","href":"https:\/\/api.w.org\/{rel}","templated":true}]}}