{"id":141881,"date":"2025-10-25T08:27:50","date_gmt":"2025-10-25T08:27:50","guid":{"rendered":"https:\/\/www.delideli.zoner.dev\/tuote\/herkkukassi-le-petit-plaisir\/"},"modified":"2026-05-04T16:16:51","modified_gmt":"2026-05-04T16:16:51","slug":"herkkukassi-le-petit-plaisir","status":"publish","type":"product","link":"https:\/\/www.delideli.zoner.dev\/fin\/tuote\/herkkukassi-le-petit-plaisir\/","title":{"rendered":"Herkkukassi Le Petit Plaisir"},"content":{"rendered":"<p>Tarvitsetko nopeasti laadukkaan, mutta helpon muistamisen. Asiakkaat, henkil\u00f6kunta, naapurit, opettajat\u2026<br \/>\nValitse t\u00e4st\u00e4 pieni kassi t\u00e4ynn\u00e4 makuja.<br \/>\nV\u00e4h\u00e4n suolaista, v\u00e4h\u00e4n makeaa ja ripaus joulua!<br \/>\nHerkkukassi sis\u00e4lt\u00e4\u00e4 seuraavat tuotteet:<br \/>\n1594 &#8211; KORI lahjaikassi ruskea-lehtikuvio pieni 19x9x27cm<br \/>\n1226 &#8211; Piparimarenki pussi 140g<br \/>\n1362 &#8211; Hanhirillette 65g<br \/>\n2821 &#8211; Oliivit &#8211; Provencen sekoitus 150g<br \/>\n4892 &#8211; Viikuna &amp; saksanp\u00e4hkin\u00e4hillo 125g<br \/>\n9627 &#8211; Toffeepussi 100g<\/p>\n<p>*Mik\u00e4li joku tuote on loppunut varastosta, voimme vaihtaa sen toiseen vastavaan.&#8221;&#8221;&#8221;<\/p>\n","protected":false},"excerpt":{"rendered":"<p>Tarvitsetko nopeasti laadukkaan, mutta helpon muistamisen. Asiakkaat, henkil\u00f6kunta, naapurit, opettajat\u2026<br \/>\nValitse t\u00e4st\u00e4 pieni kassi t\u00e4ynn\u00e4 makuja.<br \/>\nV\u00e4h\u00e4n suolaista, v\u00e4h\u00e4n makeaa ja ripaus joulua!<br \/>\nHerkkukassi sis\u00e4lt\u00e4\u00e4 seuraavat tuotteet:<br \/>\n1594 &#8211; KORI lahjaikassi ruskea-lehtikuvio pieni 19x9x27cm<br \/>\n1226 &#8211; Piparimarenki pussi 140g<br \/>\n1362 &#8211; Hanhirillette 65g<br \/>\n2821 &#8211; Oliivit &#8211; Provencen sekoitus 150g<br \/>\n4892 &#8211; Viikuna &amp; saksanp\u00e4hkin\u00e4hillo 125g<br \/>\n9627 &#8211; Toffeepussi 100g<\/p>\n<p>*Mik\u00e4li joku tuote on loppunut varastosta, voimme vaihtaa sen toiseen vastavaan.&#8221;&#8221;&#8221;<\/p>\n","protected":false},"featured_media":140301,"comment_status":"open","ping_status":"open","template":"","meta":{"_acf_changed":false},"product_brand":[625],"product_cat":[685,727],"product_tag":[],"class_list":{"0":"post-141881","1":"product","2":"type-product","3":"status-publish","4":"has-post-thumbnail","6":"product_brand-delideli","7":"product_cat-herkkupakkaukset","8":"product_cat-lahjaksi","9":"product_shipping_class-shipping-discount","10":"pa_alkuperamaa-ranska","12":"first","13":"outofstock","14":"taxable","15":"shipping-taxable","16":"purchasable","17":"product-type-simple","swatches":"rey-swatches","show_selected":""},"acf":[],"_links":{"self":[{"href":"https:\/\/www.delideli.zoner.dev\/fin\/wp-json\/wp\/v2\/product\/141881","targetHints":{"allow":["GET"]}}],"collection":[{"href":"https:\/\/www.delideli.zoner.dev\/fin\/wp-json\/wp\/v2\/product"}],"about":[{"href":"https:\/\/www.delideli.zoner.dev\/fin\/wp-json\/wp\/v2\/types\/product"}],"replies":[{"embeddable":true,"href":"https:\/\/www.delideli.zoner.dev\/fin\/wp-json\/wp\/v2\/comments?post=141881"}],"version-history":[{"count":0,"href":"https:\/\/www.delideli.zoner.dev\/fin\/wp-json\/wp\/v2\/product\/141881\/revisions"}],"wp:featuredmedia":[{"embeddable":true,"href":"https:\/\/www.delideli.zoner.dev\/fin\/wp-json\/wp\/v2\/media\/140301"}],"wp:attachment":[{"href":"https:\/\/www.delideli.zoner.dev\/fin\/wp-json\/wp\/v2\/media?parent=141881"}],"wp:term":[{"taxonomy":"product_brand","embeddable":true,"href":"https:\/\/www.delideli.zoner.dev\/fin\/wp-json\/wp\/v2\/product_brand?post=141881"},{"taxonomy":"product_cat","embeddable":true,"href":"https:\/\/www.delideli.zoner.dev\/fin\/wp-json\/wp\/v2\/product_cat?post=141881"},{"taxonomy":"product_tag","embeddable":true,"href":"https:\/\/www.delideli.zoner.dev\/fin\/wp-json\/wp\/v2\/product_tag?post=141881"}],"curies":[{"name":"wp","href":"https:\/\/api.w.org\/{rel}","templated":true}]}}