{"id":141884,"date":"2025-10-25T13:02:53","date_gmt":"2025-10-25T13:02:53","guid":{"rendered":"https:\/\/www.delideli.zoner.dev\/tuote\/herkkukori-the-signature-collection\/"},"modified":"2026-05-04T16:16:54","modified_gmt":"2026-05-04T16:16:54","slug":"herkkukori-the-signature-collection","status":"publish","type":"product","link":"https:\/\/www.delideli.zoner.dev\/fin\/tuote\/herkkukori-the-signature-collection\/","title":{"rendered":"Herkkukori The Signature Collection"},"content":{"rendered":"<p>Nimens\u00e4 mukaan t\u00e4m\u00e4n korin sis\u00e4lt\u00f6 on harkittu huolella.<br \/>\nAndalusian aavikkomaisella alueella kasvatetaan oliivipuita, joista saadaan moneen kertaan palkittua Oro Del Desierto extra virgin oliivi\u00f6ljy\u00e4. Etel\u00e4-Ranskasta tulee timjamilla maustettuja mustia ryppyoliiveja ja Cahorin alueelta huippusuosittu tryffelimajoneesi, jota kannattaa kokeilla lihan lis\u00e4ksi mm. l\u00e4mminsavulohen kanssa. L\u00e4helt\u00e4 Bordeaux:ta tulevat parhaat pateet, pieni maistiainen kunnon ranskalaista maalaispateeta ja kampasimpukka kalaherkku. Juustojen kanssa viikunahillo ja pieneksi suolaiseksi kivan juoman seuraksi l\u00f6ytyy vuohenjuustolevite, jossa mausteena savustettu paprika.<br \/>\nK\u00e4sintehtyj\u00e4 reilun kaupan luomusuklaakonvehteja voi nauttia milloin vain.<br \/>\nVain parhaita makuja vaativallekin lahjan saajalle.<br \/>\nHerkkukori sis\u00e4lt\u00e4\u00e4 seuraavat tuotteet:<br \/>\n1552 &#8211; KORI musta metallivati soikea PIENI 30x20x7cm<br \/>\n1041 &#8211; Luomu suklaakonvehtirasia tumma 72% ja maito 184g<br \/>\n2901 &#8211; Oliivit &#8211; Timjamilla maustettu musta 150g<br \/>\n4878 &#8211; Provencen viikuna hillo 50g<br \/>\n5215 &#8211; Maalaispat\u00e9 70g<br \/>\n5400 &#8211; Vuohenjuustotahna maustettu savustetuilla paprikan hiutaleita 110g<br \/>\n6802 &#8211; Terre et Mer kalaherkku kampasimpukkaa ja savukylke\u00e4 90g<br \/>\n9161 &#8211; Kes\u00e4tryffelimajoneesi 180g<br \/>\n9922 &#8211; Oro del Deserto luomu extra virgin oliivi\u00f6ljy-Coupage 500 ml<\/p>\n<p>*Mik\u00e4li joku tuote on loppunut varastosta, voimme vaihtaa sen toiseen vastavaan.<\/p>\n","protected":false},"excerpt":{"rendered":"<p>Nimens\u00e4 mukaan t\u00e4m\u00e4n korin sis\u00e4lt\u00f6 on harkittu huolella.<br \/>\nAndalusian aavikkomaisella alueella kasvatetaan oliivipuita, joista saadaan moneen kertaan palkittua Oro Del Desierto extra virgin oliivi\u00f6ljy\u00e4. Etel\u00e4-Ranskasta tulee timjamilla maustettuja mustia ryppyoliiveja ja Cahorin alueelta huippusuosittu tryffelimajoneesi, jota kannattaa kokeilla lihan lis\u00e4ksi mm. l\u00e4mminsavulohen kanssa. L\u00e4helt\u00e4 Bordeaux:ta tulevat parhaat pateet, pieni maistiainen kunnon ranskalaista maalaispateeta ja kampasimpukka kalaherkku. Juustojen kanssa viikunahillo ja pieneksi suolaiseksi kivan juoman seuraksi l\u00f6ytyy vuohenjuustolevite, jossa mausteena savustettu paprika.<br \/>\nK\u00e4sintehtyj\u00e4 reilun kaupan luomusuklaakonvehteja voi nauttia milloin vain.<br \/>\nVain parhaita makuja vaativallekin lahjan saajalle.<br \/>\nHerkkukori sis\u00e4lt\u00e4\u00e4 seuraavat tuotteet:<br \/>\n1552 &#8211; KORI musta metallivati soikea PIENI 30x20x7cm<br \/>\n1041 &#8211; Luomu suklaakonvehtirasia tumma 72% ja maito 184g<br \/>\n2901 &#8211; Oliivit &#8211; Timjamilla maustettu musta 150g<br \/>\n4878 &#8211; Provencen viikuna hillo 50g<br \/>\n5215 &#8211; Maalaispat\u00e9 70g<br \/>\n5400 &#8211; Vuohenjuustotahna maustettu savustetuilla paprikan hiutaleita 110g<br \/>\n6802 &#8211; Terre et Mer kalaherkku kampasimpukkaa ja savukylke\u00e4 90g<br \/>\n9161 &#8211; Kes\u00e4tryffelimajoneesi 180g<br \/>\n9922 &#8211; Oro del Deserto luomu extra virgin oliivi\u00f6ljy-Coupage 500 ml<\/p>\n<p>*Mik\u00e4li joku tuote on loppunut varastosta, voimme vaihtaa sen toiseen vastavaan.<\/p>\n","protected":false},"featured_media":140303,"comment_status":"open","ping_status":"open","template":"","meta":{"_acf_changed":false},"product_brand":[625],"product_cat":[684,727],"product_tag":[],"class_list":{"0":"post-141884","1":"product","2":"type-product","3":"status-publish","4":"has-post-thumbnail","6":"product_brand-delideli","7":"product_cat-herkkukorit","8":"product_cat-lahjaksi","9":"product_shipping_class-shipping-discount","10":"pa_alkuperamaa-espanja","11":"pa_alkuperamaa-ranska","13":"first","14":"outofstock","15":"taxable","16":"shipping-taxable","17":"purchasable","18":"product-type-simple","swatches":"rey-swatches","show_selected":""},"acf":[],"_links":{"self":[{"href":"https:\/\/www.delideli.zoner.dev\/fin\/wp-json\/wp\/v2\/product\/141884","targetHints":{"allow":["GET"]}}],"collection":[{"href":"https:\/\/www.delideli.zoner.dev\/fin\/wp-json\/wp\/v2\/product"}],"about":[{"href":"https:\/\/www.delideli.zoner.dev\/fin\/wp-json\/wp\/v2\/types\/product"}],"replies":[{"embeddable":true,"href":"https:\/\/www.delideli.zoner.dev\/fin\/wp-json\/wp\/v2\/comments?post=141884"}],"version-history":[{"count":0,"href":"https:\/\/www.delideli.zoner.dev\/fin\/wp-json\/wp\/v2\/product\/141884\/revisions"}],"wp:featuredmedia":[{"embeddable":true,"href":"https:\/\/www.delideli.zoner.dev\/fin\/wp-json\/wp\/v2\/media\/140303"}],"wp:attachment":[{"href":"https:\/\/www.delideli.zoner.dev\/fin\/wp-json\/wp\/v2\/media?parent=141884"}],"wp:term":[{"taxonomy":"product_brand","embeddable":true,"href":"https:\/\/www.delideli.zoner.dev\/fin\/wp-json\/wp\/v2\/product_brand?post=141884"},{"taxonomy":"product_cat","embeddable":true,"href":"https:\/\/www.delideli.zoner.dev\/fin\/wp-json\/wp\/v2\/product_cat?post=141884"},{"taxonomy":"product_tag","embeddable":true,"href":"https:\/\/www.delideli.zoner.dev\/fin\/wp-json\/wp\/v2\/product_tag?post=141884"}],"curies":[{"name":"wp","href":"https:\/\/api.w.org\/{rel}","templated":true}]}}