{"id":141886,"date":"2025-10-25T13:02:53","date_gmt":"2025-10-25T13:02:53","guid":{"rendered":"https:\/\/www.delideli.zoner.dev\/tuote\/herkkukori-la-fiesta-espanola\/"},"modified":"2026-05-04T16:17:00","modified_gmt":"2026-05-04T16:17:00","slug":"herkkukori-la-fiesta-espanola","status":"publish","type":"product","link":"https:\/\/www.delideli.zoner.dev\/fin\/tuote\/herkkukori-la-fiesta-espanola\/","title":{"rendered":"Herkkukori La Fiesta Espanola"},"content":{"rendered":"<p>T\u00e4m\u00e4n korin sis\u00e4ll\u00f6ll\u00e4 p\u00e4\u00e4see helposti espanjan aurinkoisiin tunnelmiin.<br \/>\nKorkea polyfenolinen luomu extra oliivi\u00f6ljy on pakattu niin kauniisti, ett\u00e4 sen voi pit\u00e4\u00e4 p\u00f6yd\u00e4ll\u00e4 aina koristeena. Alkupalaksi voi laittaa esille Iberian possusta tehty\u00e4 pateeta ja savustetulla paprikalla maustettua vuohenjuustolevitett\u00e4. Paellaa varten on riisi ja mauste, lis\u00e4\u00e4 vain omavalintainen liha, kala tai merenel\u00e4v\u00e4t, koristeeksi paahdetut Piquillo paprikat. Mausteena valkosipulin yst\u00e4v\u00e4n ehdoton mauste, savustettu valkosipuli. Tyylik\u00e4s l\u00e4mminhenkinen kori sopii monelle.<br \/>\nHerkkukori sis\u00e4lt\u00e4\u00e4 seuraavat tuotteet:<br \/>\n1573 &#8211; KORI musta puinen neli\u00f6 kori + kangas iso 30x30x10cm<br \/>\n1441 &#8211; Nobleza del Sur Eco Day 500ml<br \/>\n1502 &#8211; Capirete sherryviinietikka 20v 375 ml<br \/>\n5379 &#8211; Savustettu mustapippuri 70g mylly<br \/>\n5388 &#8211; Savustettu valkosipuli 40 g<br \/>\n5397 &#8211; Iberian possupat\u00e9 maustettu savustetulla paprikalla 110g<br \/>\n5400 &#8211; Vuohenjuustotahna maustettu savustetuilla paprikan hiutaleita 110g<br \/>\n5415 &#8211; Paella mauste 48g -sis 4x12g pussia<br \/>\n5417 &#8211; Paahdetut Piquillo paprikat 255g<br \/>\n9627 &#8211; Toffeepussi 100g<br \/>\n9841 &#8211; Paellariisi Maratelli lajike 1 kg<\/p>\n<p>*Mik\u00e4li joku tuote on loppunut varastosta, voimme vaihtaa sen toiseen vastavaan.<\/p>\n","protected":false},"excerpt":{"rendered":"<p>T\u00e4m\u00e4n korin sis\u00e4ll\u00f6ll\u00e4 p\u00e4\u00e4see helposti espanjan aurinkoisiin tunnelmiin.<br \/>\nKorkea polyfenolinen luomu extra oliivi\u00f6ljy on pakattu niin kauniisti, ett\u00e4 sen voi pit\u00e4\u00e4 p\u00f6yd\u00e4ll\u00e4 aina koristeena. Alkupalaksi voi laittaa esille Iberian possusta tehty\u00e4 pateeta ja savustetulla paprikalla maustettua vuohenjuustolevitett\u00e4. Paellaa varten on riisi ja mauste, lis\u00e4\u00e4 vain omavalintainen liha, kala tai merenel\u00e4v\u00e4t, koristeeksi paahdetut Piquillo paprikat. Mausteena valkosipulin yst\u00e4v\u00e4n ehdoton mauste, savustettu valkosipuli. Tyylik\u00e4s l\u00e4mminhenkinen kori sopii monelle.<br \/>\nHerkkukori sis\u00e4lt\u00e4\u00e4 seuraavat tuotteet:<br \/>\n1573 &#8211; KORI musta puinen neli\u00f6 kori + kangas iso 30x30x10cm<br \/>\n1441 &#8211; Nobleza del Sur Eco Day 500ml<br \/>\n1502 &#8211; Capirete sherryviinietikka 20v 375 ml<br \/>\n5379 &#8211; Savustettu mustapippuri 70g mylly<br \/>\n5388 &#8211; Savustettu valkosipuli 40 g<br \/>\n5397 &#8211; Iberian possupat\u00e9 maustettu savustetulla paprikalla 110g<br \/>\n5400 &#8211; Vuohenjuustotahna maustettu savustetuilla paprikan hiutaleita 110g<br \/>\n5415 &#8211; Paella mauste 48g -sis 4x12g pussia<br \/>\n5417 &#8211; Paahdetut Piquillo paprikat 255g<br \/>\n9627 &#8211; Toffeepussi 100g<br \/>\n9841 &#8211; Paellariisi Maratelli lajike 1 kg<\/p>\n<p>*Mik\u00e4li joku tuote on loppunut varastosta, voimme vaihtaa sen toiseen vastavaan.<\/p>\n","protected":false},"featured_media":140305,"comment_status":"open","ping_status":"open","template":"","meta":{"_acf_changed":false},"product_brand":[625],"product_cat":[684,727],"product_tag":[],"class_list":{"0":"post-141886","1":"product","2":"type-product","3":"status-publish","4":"has-post-thumbnail","6":"product_brand-delideli","7":"product_cat-herkkukorit","8":"product_cat-lahjaksi","9":"product_shipping_class-shipping-discount","10":"pa_alkuperamaa-espanja","12":"first","13":"instock","14":"taxable","15":"shipping-taxable","16":"purchasable","17":"product-type-simple","swatches":"rey-swatches","show_selected":""},"acf":[],"_links":{"self":[{"href":"https:\/\/www.delideli.zoner.dev\/fin\/wp-json\/wp\/v2\/product\/141886","targetHints":{"allow":["GET"]}}],"collection":[{"href":"https:\/\/www.delideli.zoner.dev\/fin\/wp-json\/wp\/v2\/product"}],"about":[{"href":"https:\/\/www.delideli.zoner.dev\/fin\/wp-json\/wp\/v2\/types\/product"}],"replies":[{"embeddable":true,"href":"https:\/\/www.delideli.zoner.dev\/fin\/wp-json\/wp\/v2\/comments?post=141886"}],"version-history":[{"count":0,"href":"https:\/\/www.delideli.zoner.dev\/fin\/wp-json\/wp\/v2\/product\/141886\/revisions"}],"wp:featuredmedia":[{"embeddable":true,"href":"https:\/\/www.delideli.zoner.dev\/fin\/wp-json\/wp\/v2\/media\/140305"}],"wp:attachment":[{"href":"https:\/\/www.delideli.zoner.dev\/fin\/wp-json\/wp\/v2\/media?parent=141886"}],"wp:term":[{"taxonomy":"product_brand","embeddable":true,"href":"https:\/\/www.delideli.zoner.dev\/fin\/wp-json\/wp\/v2\/product_brand?post=141886"},{"taxonomy":"product_cat","embeddable":true,"href":"https:\/\/www.delideli.zoner.dev\/fin\/wp-json\/wp\/v2\/product_cat?post=141886"},{"taxonomy":"product_tag","embeddable":true,"href":"https:\/\/www.delideli.zoner.dev\/fin\/wp-json\/wp\/v2\/product_tag?post=141886"}],"curies":[{"name":"wp","href":"https:\/\/api.w.org\/{rel}","templated":true}]}}