{"id":141887,"date":"2025-10-25T13:02:53","date_gmt":"2025-10-25T13:02:53","guid":{"rendered":"https:\/\/www.delideli.zoner.dev\/tuote\/herkkukori-tresori-italiani\/"},"modified":"2026-05-04T16:17:00","modified_gmt":"2026-05-04T16:17:00","slug":"herkkukori-tresori-italiani","status":"publish","type":"product","link":"https:\/\/www.delideli.zoner.dev\/fin\/tuote\/herkkukori-tresori-italiani\/","title":{"rendered":"Herkkukori Tresori Italiani"},"content":{"rendered":"<p>T\u00e4m\u00e4n korin sis\u00e4lt\u00f6 on todella laadukas ja helppo antaa. Korin tuotteista voit valmistaa helposti korkealuokkaisen italialaisen aterian.<br \/>\nAlkunaposteluksi juoman kanssa tryffelill\u00e4 maustettuja perunalastuja, P\u00e4\u00e4ruuaksi Toscanasta pastaa ja palkittua oliivi\u00f6ljy\u00e4 ja Alban alueen viljelij\u00f6ilt\u00e4 pestoa. J\u00e4lkiruuaksi vaniljaj\u00e4\u00e4tel\u00f6\u00e4, jonka p\u00e4\u00e4lle siirapissa s\u00e4il\u00f6ttyj\u00e4 kirsikoita tai aprikooseja, joiden maku tuo mieleen kes\u00e4n.<br \/>\nKahvin seuraksi Astin vanhasta kaupungista Piedmonten Gianduiotti hasselp\u00e4hkin\u00e4suklaakonvehteja.<br \/>\nKutsu perhe tai yst\u00e4v\u00e4t koolle. Buon Apetito!<br \/>\nHerkkukori sis\u00e4lt\u00e4\u00e4 seuraavat tuotteet:<br \/>\n1573 &#8211; KORI musta puinen neli\u00f6 kori + kangas iso 30x30x10cm<br \/>\n1260 &#8211; Gianduiotti hasselp\u00e4hkin\u00e4suklaakonvehti 100g<br \/>\n1532 &#8211; FOX Perunalastut tryffeli ja merisuola 120g<br \/>\n2241 &#8211; Pappardelle pasta 500g<br \/>\n9204 &#8211; Luomupesto 130g<br \/>\n9215 &#8211; Kirsikat siirapissa 320g<br \/>\n9772 &#8211; Pruneti Fruttato Intenso Extra Virgin oliivi\u00f6ljy 0,5 l<br \/>\n*Mik\u00e4li joku tuote on loppunut varastosta, voimme vaihtaa sen toiseen vastavaan.<\/p>\n","protected":false},"excerpt":{"rendered":"<p>T\u00e4m\u00e4n korin sis\u00e4lt\u00f6 on todella laadukas ja helppo antaa. Korin tuotteista voit valmistaa helposti korkealuokkaisen italialaisen aterian.<br \/>\nAlkunaposteluksi juoman kanssa tryffelill\u00e4 maustettuja perunalastuja, P\u00e4\u00e4ruuaksi Toscanasta pastaa ja palkittua oliivi\u00f6ljy\u00e4 ja Alban alueen viljelij\u00f6ilt\u00e4 pestoa. J\u00e4lkiruuaksi vaniljaj\u00e4\u00e4tel\u00f6\u00e4, jonka p\u00e4\u00e4lle siirapissa s\u00e4il\u00f6ttyj\u00e4 kirsikoita tai aprikooseja, joiden maku tuo mieleen kes\u00e4n.<br \/>\nKahvin seuraksi Astin vanhasta kaupungista Piedmonten Gianduiotti hasselp\u00e4hkin\u00e4suklaakonvehteja.<br \/>\nKutsu perhe tai yst\u00e4v\u00e4t koolle. Buon Apetito!<br \/>\nHerkkukori sis\u00e4lt\u00e4\u00e4 seuraavat tuotteet:<br \/>\n1573 &#8211; KORI musta puinen neli\u00f6 kori + kangas iso 30x30x10cm<br \/>\n1260 &#8211; Gianduiotti hasselp\u00e4hkin\u00e4suklaakonvehti 100g<br \/>\n1532 &#8211; FOX Perunalastut tryffeli ja merisuola 120g<br \/>\n2241 &#8211; Pappardelle pasta 500g<br \/>\n9204 &#8211; Luomupesto 130g<br \/>\n9215 &#8211; Kirsikat siirapissa 320g<br \/>\n9772 &#8211; Pruneti Fruttato Intenso Extra Virgin oliivi\u00f6ljy 0,5 l<br \/>\n*Mik\u00e4li joku tuote on loppunut varastosta, voimme vaihtaa sen toiseen vastavaan.<\/p>\n","protected":false},"featured_media":140307,"comment_status":"open","ping_status":"open","template":"","meta":{"_acf_changed":false},"product_brand":[625],"product_cat":[684,727],"product_tag":[],"class_list":{"0":"post-141887","1":"product","2":"type-product","3":"status-publish","4":"has-post-thumbnail","6":"product_brand-delideli","7":"product_cat-herkkukorit","8":"product_cat-lahjaksi","9":"product_shipping_class-shipping-discount","10":"pa_alkuperamaa-italia","12":"first","13":"instock","14":"taxable","15":"shipping-taxable","16":"purchasable","17":"product-type-simple","swatches":"rey-swatches","show_selected":""},"acf":[],"_links":{"self":[{"href":"https:\/\/www.delideli.zoner.dev\/fin\/wp-json\/wp\/v2\/product\/141887","targetHints":{"allow":["GET"]}}],"collection":[{"href":"https:\/\/www.delideli.zoner.dev\/fin\/wp-json\/wp\/v2\/product"}],"about":[{"href":"https:\/\/www.delideli.zoner.dev\/fin\/wp-json\/wp\/v2\/types\/product"}],"replies":[{"embeddable":true,"href":"https:\/\/www.delideli.zoner.dev\/fin\/wp-json\/wp\/v2\/comments?post=141887"}],"version-history":[{"count":0,"href":"https:\/\/www.delideli.zoner.dev\/fin\/wp-json\/wp\/v2\/product\/141887\/revisions"}],"wp:featuredmedia":[{"embeddable":true,"href":"https:\/\/www.delideli.zoner.dev\/fin\/wp-json\/wp\/v2\/media\/140307"}],"wp:attachment":[{"href":"https:\/\/www.delideli.zoner.dev\/fin\/wp-json\/wp\/v2\/media?parent=141887"}],"wp:term":[{"taxonomy":"product_brand","embeddable":true,"href":"https:\/\/www.delideli.zoner.dev\/fin\/wp-json\/wp\/v2\/product_brand?post=141887"},{"taxonomy":"product_cat","embeddable":true,"href":"https:\/\/www.delideli.zoner.dev\/fin\/wp-json\/wp\/v2\/product_cat?post=141887"},{"taxonomy":"product_tag","embeddable":true,"href":"https:\/\/www.delideli.zoner.dev\/fin\/wp-json\/wp\/v2\/product_tag?post=141887"}],"curies":[{"name":"wp","href":"https:\/\/api.w.org\/{rel}","templated":true}]}}