{"id":141890,"date":"2025-10-27T08:54:46","date_gmt":"2025-10-27T08:54:46","guid":{"rendered":"https:\/\/www.delideli.zoner.dev\/tuote\/parqueoliva-serie-blue-oro-dop-extra-virgin-oliivioljy-500-ml\/"},"modified":"2026-05-04T16:17:01","modified_gmt":"2026-05-04T16:17:01","slug":"parqueoliva-serie-blue-oro-dop-extra-virgin-oliivioljy-500-ml","status":"publish","type":"product","link":"https:\/\/www.delideli.zoner.dev\/fin\/tuote\/parqueoliva-serie-blue-oro-dop-extra-virgin-oliivioljy-500-ml\/","title":{"rendered":"Parqueoliva serie blue ORO DOP extra virgin oliivi\u00f6ljy 500 ml"},"content":{"rendered":"<p>Parqueoliva Serie Oro on huipputasoinen extra-neitsytoliivi\u00f6ljy, joka syntee Andalusian Subb\u00e9tica-vuoriston parhaista oliiveista. Almazaras de la Subb\u00e9tica on tunnettu perinteikk\u00e4ist\u00e4 \u00f6ljynvalmistusmenetelmist\u00e4\u00e4n, jotka on yhdistetty moderniin teknologiaan t\u00e4ydellisen laadun saavuttamiseksi.<br \/>\nT\u00e4m\u00e4n kultasarjan \u00f6ljyn makuprofiili on intensiivinen ja monivivahteinen. Siin\u00e4 on voimakkaita hedelm\u00e4isi\u00e4 aromeja, jotka muistuttavat tuoreita viheri\u00e4 oliiveja ja hienovaraisesti kypsyvi\u00e4 hedelmi\u00e4. Suussa \u00f6ljy tuntuu t\u00e4ytel\u00e4iselt\u00e4 ja silkiselt\u00e4, ja j\u00e4lkimaku on pitk\u00e4 ja harmoninen. Siin\u00e4 on my\u00f6s miellytt\u00e4v\u00e4 pippurisuus ja ter\u00e4vyys, joka kertoo \u00f6ljyn tuoreudesta ja korkealaatuisuudesta.<br \/>\nSerie Oro sopii erinomaisesti sek\u00e4 kylm\u00e4n\u00e4 ett\u00e4 l\u00e4mpim\u00e4n\u00e4 k\u00e4ytett\u00e4v\u00e4ksi. Se nostaa salaattien, kylmien alkupalojen ja meri\u00e4isten maut uusiin sf\u00e4\u00e4reihin. My\u00f6s l\u00e4mpim\u00e4ss\u00e4 ruoanlaitossa, kuten paistamisessa ja hauduttamisessa, \u00f6ljy s\u00e4ilytt\u00e4\u00e4 aromikkuutensa ja antaa ruoille aidon v\u00e4limerelllisen maun.<br \/>\nAlmazaras de la Subb\u00e9tica on perheyritys, joka on sitoutunut ymp\u00e4rist\u00f6yst\u00e4v\u00e4lliseen tuotantoon ja perinteisten valmistusmenetelmien s\u00e4ilytt\u00e4miseen. Jokainen pullo on t\u00e4ytetty huolella ja edustaa sukupolvien mittaista asiantuntemusta oliivi\u00f6ljyn valmistuksessa.<\/p>\n","protected":false},"excerpt":{"rendered":"<p>Parqueoliva Serie Oro on premium-luokan extra-neitsytoliivi\u00f6ljy Almazaras de la Subb\u00e9tican valmistama. T\u00e4m\u00e4 kultasarjan oliivi\u00f6ljy edustaa andalusialaisen \u00f6ljynvalmistuksen huippuosaamista ja tarjoaa poikkeuksellisen rikkaan makuprofiilin aitojen espanjalaisten oliivien ansiosta.<\/p>\n","protected":false},"featured_media":139332,"comment_status":"open","ping_status":"open","template":"","meta":{"_acf_changed":false},"product_brand":[656],"product_cat":[691,678],"product_tag":[174],"class_list":{"0":"post-141890","1":"product","2":"type-product","3":"status-publish","4":"has-post-thumbnail","6":"product_brand-almazaras-de-la-subbetica","7":"product_cat-oliivioljyt","8":"product_cat-oljyt-etikat","9":"product_tag-luomu","10":"product_shipping_class-shipping-discount","11":"pa_alkuperamaa-espanja","12":"pa_ruokavalio-ei-gluteenia","13":"pa_ruokavalio-laktoositon","14":"pa_ruokavalio-luomu","15":"pa_ruokavalio-vegaanituote","17":"first","18":"instock","19":"taxable","20":"shipping-taxable","21":"purchasable","22":"product-type-simple","swatches":"rey-swatches","show_selected":""},"acf":[],"_links":{"self":[{"href":"https:\/\/www.delideli.zoner.dev\/fin\/wp-json\/wp\/v2\/product\/141890","targetHints":{"allow":["GET"]}}],"collection":[{"href":"https:\/\/www.delideli.zoner.dev\/fin\/wp-json\/wp\/v2\/product"}],"about":[{"href":"https:\/\/www.delideli.zoner.dev\/fin\/wp-json\/wp\/v2\/types\/product"}],"replies":[{"embeddable":true,"href":"https:\/\/www.delideli.zoner.dev\/fin\/wp-json\/wp\/v2\/comments?post=141890"}],"version-history":[{"count":0,"href":"https:\/\/www.delideli.zoner.dev\/fin\/wp-json\/wp\/v2\/product\/141890\/revisions"}],"wp:featuredmedia":[{"embeddable":true,"href":"https:\/\/www.delideli.zoner.dev\/fin\/wp-json\/wp\/v2\/media\/139332"}],"wp:attachment":[{"href":"https:\/\/www.delideli.zoner.dev\/fin\/wp-json\/wp\/v2\/media?parent=141890"}],"wp:term":[{"taxonomy":"product_brand","embeddable":true,"href":"https:\/\/www.delideli.zoner.dev\/fin\/wp-json\/wp\/v2\/product_brand?post=141890"},{"taxonomy":"product_cat","embeddable":true,"href":"https:\/\/www.delideli.zoner.dev\/fin\/wp-json\/wp\/v2\/product_cat?post=141890"},{"taxonomy":"product_tag","embeddable":true,"href":"https:\/\/www.delideli.zoner.dev\/fin\/wp-json\/wp\/v2\/product_tag?post=141890"}],"curies":[{"name":"wp","href":"https:\/\/api.w.org\/{rel}","templated":true}]}}