{"id":141891,"date":"2025-10-29T18:45:31","date_gmt":"2025-10-29T18:45:31","guid":{"rendered":"https:\/\/www.delideli.zoner.dev\/tuote\/herkkukori-bonjour\/"},"modified":"2026-05-04T16:17:01","modified_gmt":"2026-05-04T16:17:01","slug":"herkkukori-bonjour","status":"publish","type":"product","link":"https:\/\/www.delideli.zoner.dev\/fin\/tuote\/herkkukori-bonjour\/","title":{"rendered":"Herkkukori Bonjour"},"content":{"rendered":"<p>Bonjour on tuulahdus ranskalaisen keitti\u00f6n saloja helposti toteutettavina tuotteina jokaiseen kotiin ja suuremmallekin perheelle riitt\u00e4\u00e4 maisteltavaa.<br \/>\nMuhkea kori on t\u00e4ynn\u00e4 Provencen aurinkoa maussa ja v\u00e4reiss\u00e4 ja saa saajan varmasti hyv\u00e4lle tuulelle!<br \/>\nHerkkukori sis\u00e4lt\u00e4\u00e4 seuraavat tuotteet:<br \/>\n1580 &#8211; KORI juutti 100% natural suorakaide 33x18x10cm<br \/>\n1144 &#8211; Alziari ekstraneitsyt luomuoliivi\u00f6ljy 500ml cuv\u00e9e PAULINE<br \/>\n1100 &#8211; Alziari aprikoosi-vaniljaetikka 200 ml<br \/>\n4869 &#8211; Ranskalainen rakuunasinappi 200g<br \/>\n6809 &#8211; Terre et Mer lihaherkku porsasta valkosipulia ja timjamia 170g<br \/>\n6300 &#8211; DeliDeli saksanp\u00e4hkin\u00e4 kuorittu AOP Noix du P\u00e9rigord 150g<br \/>\n4898 &#8211; Laventelihunaja 150g<br \/>\n4878 &#8211; Provencen viikuna hillo 50g<br \/>\n8073 &#8211; Calisson Lahjarasia 270 g<br \/>\n1066 &#8211; Luomu ja reilun kaupan orangettes 180g<\/p>\n<p>*Mik\u00e4li joku tuote on loppunut varastosta, voimme vaihtaa sen toiseen vastavaan.<\/p>\n","protected":false},"excerpt":{"rendered":"<p>Bonjour on tuulahdus ranskalaisen keitti\u00f6n saloja helposti toteutettavina tuotteina jokaiseen kotiin ja suuremmallekin perheelle riitt\u00e4\u00e4 maisteltavaa.<br \/>\nMuhkea kori on t\u00e4ynn\u00e4 Provencen aurinkoa maussa ja v\u00e4reiss\u00e4 ja saa saajan varmasti hyv\u00e4lle tuulelle!<br \/>\nHerkkukori sis\u00e4lt\u00e4\u00e4 seuraavat tuotteet:<br \/>\n1580 &#8211; KORI juutti 100% natural suorakaide 33x18x10cm<br \/>\n1144 &#8211; Alziari ekstraneitsyt luomuoliivi\u00f6ljy 500ml cuv\u00e9e PAULINE<br \/>\n1100 &#8211; Alziari aprikoosi-vaniljaetikka 200 ml<br \/>\n4869 &#8211; Ranskalainen rakuunasinappi 200g<br \/>\n6809 &#8211; Terre et Mer lihaherkku porsasta valkosipulia ja timjamia 170g<br \/>\n6300 &#8211; DeliDeli saksanp\u00e4hkin\u00e4 kuorittu AOP Noix du P\u00e9rigord 150g<br \/>\n4898 &#8211; Laventelihunaja 150g<br \/>\n4878 &#8211; Provencen viikuna hillo 50g<br \/>\n8073 &#8211; Calisson Lahjarasia 270 g<br \/>\n1066 &#8211; Luomu ja reilun kaupan orangettes 180g<\/p>\n<p>*Mik\u00e4li joku tuote on loppunut varastosta, voimme vaihtaa sen toiseen vastavaan.<\/p>\n","protected":false},"featured_media":140313,"comment_status":"open","ping_status":"open","template":"","meta":{"_acf_changed":false},"product_brand":[625],"product_cat":[684,727],"product_tag":[],"class_list":{"0":"post-141891","1":"product","2":"type-product","3":"status-publish","4":"has-post-thumbnail","6":"product_brand-delideli","7":"product_cat-herkkukorit","8":"product_cat-lahjaksi","9":"product_shipping_class-shipping-discount","10":"pa_alkuperamaa-ranska","12":"first","13":"outofstock","14":"taxable","15":"shipping-taxable","16":"purchasable","17":"product-type-simple","swatches":"rey-swatches","show_selected":""},"acf":[],"_links":{"self":[{"href":"https:\/\/www.delideli.zoner.dev\/fin\/wp-json\/wp\/v2\/product\/141891","targetHints":{"allow":["GET"]}}],"collection":[{"href":"https:\/\/www.delideli.zoner.dev\/fin\/wp-json\/wp\/v2\/product"}],"about":[{"href":"https:\/\/www.delideli.zoner.dev\/fin\/wp-json\/wp\/v2\/types\/product"}],"replies":[{"embeddable":true,"href":"https:\/\/www.delideli.zoner.dev\/fin\/wp-json\/wp\/v2\/comments?post=141891"}],"version-history":[{"count":0,"href":"https:\/\/www.delideli.zoner.dev\/fin\/wp-json\/wp\/v2\/product\/141891\/revisions"}],"wp:featuredmedia":[{"embeddable":true,"href":"https:\/\/www.delideli.zoner.dev\/fin\/wp-json\/wp\/v2\/media\/140313"}],"wp:attachment":[{"href":"https:\/\/www.delideli.zoner.dev\/fin\/wp-json\/wp\/v2\/media?parent=141891"}],"wp:term":[{"taxonomy":"product_brand","embeddable":true,"href":"https:\/\/www.delideli.zoner.dev\/fin\/wp-json\/wp\/v2\/product_brand?post=141891"},{"taxonomy":"product_cat","embeddable":true,"href":"https:\/\/www.delideli.zoner.dev\/fin\/wp-json\/wp\/v2\/product_cat?post=141891"},{"taxonomy":"product_tag","embeddable":true,"href":"https:\/\/www.delideli.zoner.dev\/fin\/wp-json\/wp\/v2\/product_tag?post=141891"}],"curies":[{"name":"wp","href":"https:\/\/api.w.org\/{rel}","templated":true}]}}