{"id":141892,"date":"2025-10-29T18:56:23","date_gmt":"2025-10-29T18:56:23","guid":{"rendered":"https:\/\/www.delideli.zoner.dev\/tuote\/herkkubox-artisan\/"},"modified":"2026-05-04T16:17:02","modified_gmt":"2026-05-04T16:17:02","slug":"herkkubox-artisan","status":"publish","type":"product","link":"https:\/\/www.delideli.zoner.dev\/fin\/tuote\/herkkubox-artisan\/","title":{"rendered":"Herkkubox Artisan"},"content":{"rendered":"<p>T\u00e4h\u00e4n Artisan salkkuun on koottu pienten tuottajien herkkuja. Pakkaukset ovat kauniita, ja sis\u00e4lt\u00f6 ei pet\u00e4. Se on ollut DeliDelin motto aina vuodesta 2001. T\u00e4m\u00e4 salkku sopii erinomaisesti my\u00f6s asiakaslahjaksi.<\/p>\n<p>1616 \u2013 KORI kartonkisalkku ikkunalla 34,5x26x11,5cm<br \/>\n1441 \u2013 Nobleza del Sur Eco Day extra virgin oliivi\u00f6ljy 500ml<br \/>\n1362 \u2013 Hanhirillette 65g<br \/>\n1001 \u2013 Provencen yrttisekoitus vintage 80g<br \/>\n4716 \u2013 Aprikoosihillo Roussillon-extra 350g<br \/>\n4869 \u2013 Ranskalainen rakuunasinappi 200g<br \/>\n1209 \u2013 Marenki pussi 140g<\/p>\n<p>*Mik\u00e4li joku tuote on loppunut varastosta, voimme vaihtaa sen toiseen vastaavaan.<\/p>\n","protected":false},"excerpt":{"rendered":"<p>T\u00e4h\u00e4n Artisan salkkuun on koottu pienten tuottajien herkkuja. Pakkaukset ovat kauniita, ja sis\u00e4lt\u00f6 ei pet\u00e4. Se on ollut DeliDelin motto aina vuodesta 2001. T\u00e4m\u00e4 salkku sopii erinomaisesti my\u00f6s asiakaslahjaksi.<\/p>\n<p>1616 \u2013 KORI kartonkisalkku ikkunalla 34,5x26x11,5cm<br \/>\n1441 \u2013 Nobleza del Sur Eco Day extra virgin oliivi\u00f6ljy 500ml<br \/>\n1362 \u2013 Hanhirillette 65g<br \/>\n1001 \u2013 Provencen yrttisekoitus vintage 80g<br \/>\n4716 \u2013 Aprikoosihillo Roussillon-extra 350g<br \/>\n4869 \u2013 Ranskalainen rakuunasinappi 200g<br \/>\n1209 \u2013 Marenki pussi 140g<\/p>\n<p>*Mik\u00e4li joku tuote on loppunut varastosta, voimme vaihtaa sen toiseen vastaavaan.<\/p>\n","protected":false},"featured_media":140315,"comment_status":"open","ping_status":"open","template":"","meta":{"_acf_changed":false},"product_brand":[625],"product_cat":[685,727],"product_tag":[],"class_list":{"0":"post-141892","1":"product","2":"type-product","3":"status-publish","4":"has-post-thumbnail","6":"product_brand-delideli","7":"product_cat-herkkupakkaukset","8":"product_cat-lahjaksi","9":"pa_alkuperamaa-espanja","10":"pa_alkuperamaa-ranska","12":"first","13":"outofstock","14":"taxable","15":"shipping-taxable","16":"purchasable","17":"product-type-simple","swatches":"rey-swatches","show_selected":""},"acf":[],"_links":{"self":[{"href":"https:\/\/www.delideli.zoner.dev\/fin\/wp-json\/wp\/v2\/product\/141892","targetHints":{"allow":["GET"]}}],"collection":[{"href":"https:\/\/www.delideli.zoner.dev\/fin\/wp-json\/wp\/v2\/product"}],"about":[{"href":"https:\/\/www.delideli.zoner.dev\/fin\/wp-json\/wp\/v2\/types\/product"}],"replies":[{"embeddable":true,"href":"https:\/\/www.delideli.zoner.dev\/fin\/wp-json\/wp\/v2\/comments?post=141892"}],"version-history":[{"count":0,"href":"https:\/\/www.delideli.zoner.dev\/fin\/wp-json\/wp\/v2\/product\/141892\/revisions"}],"wp:featuredmedia":[{"embeddable":true,"href":"https:\/\/www.delideli.zoner.dev\/fin\/wp-json\/wp\/v2\/media\/140315"}],"wp:attachment":[{"href":"https:\/\/www.delideli.zoner.dev\/fin\/wp-json\/wp\/v2\/media?parent=141892"}],"wp:term":[{"taxonomy":"product_brand","embeddable":true,"href":"https:\/\/www.delideli.zoner.dev\/fin\/wp-json\/wp\/v2\/product_brand?post=141892"},{"taxonomy":"product_cat","embeddable":true,"href":"https:\/\/www.delideli.zoner.dev\/fin\/wp-json\/wp\/v2\/product_cat?post=141892"},{"taxonomy":"product_tag","embeddable":true,"href":"https:\/\/www.delideli.zoner.dev\/fin\/wp-json\/wp\/v2\/product_tag?post=141892"}],"curies":[{"name":"wp","href":"https:\/\/api.w.org\/{rel}","templated":true}]}}