{"id":141894,"date":"2025-11-05T15:19:59","date_gmt":"2025-11-05T15:19:59","guid":{"rendered":"https:\/\/www.delideli.zoner.dev\/tuote\/cocagne-sardiinit-vedessa-125g\/"},"modified":"2026-05-04T16:17:11","modified_gmt":"2026-05-04T16:17:11","slug":"cocagne-sardiinit-vedessa-125g","status":"publish","type":"product","link":"https:\/\/www.delideli.zoner.dev\/fin\/tuote\/cocagne-sardiinit-vedessa-125g\/","title":{"rendered":"Cocagne sardiinit vedess\u00e4 125g"},"content":{"rendered":"<p>Cocagnen sardiinit vedess\u00e4 ovat erinomainen valinta terveystietoisille ja niille, jotka haluavat nauttia portugalilaisten sardiinien puhtaasta, luonnollisesta mausta ilman lis\u00e4tty\u00e4 \u00f6ljy\u00e4. Sardiinit s\u00e4il\u00f6t\u00e4\u00e4n yksinkertaisesti vedess\u00e4 ja merisuolassa, mik\u00e4 tekee niist\u00e4 kevyen ja v\u00e4h\u00e4kalorisen valinnan menett\u00e4m\u00e4tt\u00e4 mit\u00e4\u00e4n sardiinien ravitsemuksellisista eduista.<br \/>\nMaku on puhdas ja merentuore &#8211; kalan oma aromi p\u00e4\u00e4see t\u00e4ysin oikeuksiinsa ilman \u00f6ljyn pehmennyst\u00e4. T\u00e4m\u00e4 tekee niist\u00e4 erityisen monipuolisia, sill\u00e4 ne sopivat kaikkiin ruokiin ilman ett\u00e4 ne tuovat mukanaan lis\u00e4rasvaa. Sardiinit ovat edelleen t\u00e4ynn\u00e4 omega-3-rasvahappoja (jotka tulevat kalan omasta rasvasta), proteiinia, D-vitamiinia ja kalsiumia.<br \/>\nCocagnen sardiinit vedess\u00e4 ovat t\u00e4ydellisi\u00e4 salaateissa, joissa halutaan kontrolloida \u00f6ljyn m\u00e4\u00e4r\u00e4\u00e4. Ne sopivat erinomaisesti my\u00f6s l\u00e4mpimiin ruokiin kuten pastacastikkeisiin, pihveiksi muovatuissa kalakakoissa tai sekoitettuna perunasoseeseen. Murskaa sardiinit haarukalla, lis\u00e4\u00e4 sitruunamehua, valkosipulia, persiljaa ja omaa \u00f6ljyvalintaasi nopean ja terveellisen levitteen aikaansaamiseksi.<br \/>\nT\u00e4m\u00e4 on erinomainen valinta niille, jotka noudattavat v\u00e4h\u00e4rasvaista ruokavaliota mutta eiv\u00e4t halua luopua portugalilaisten sardiinien ravitsemuksellisista eduista ja mausta.<\/p>\n","protected":false},"excerpt":{"rendered":"<p>Cocagnen sardiinit vedess\u00e4 ovat kevyt, v\u00e4h\u00e4rasvainen vaihtoehto niille, jotka haluavat nauttia portugalilaisten sardiinien puhtaasta mausta ilman \u00f6ljy\u00e4. Terveellinen ja monipuolinen valinta.<\/p>\n","protected":false},"featured_media":140319,"comment_status":"open","ping_status":"open","template":"","meta":{"_acf_changed":false},"product_brand":[671],"product_cat":[728,676],"product_tag":[],"class_list":{"0":"post-141894","1":"product","2":"type-product","3":"status-publish","4":"has-post-thumbnail","6":"product_brand-cocagne","7":"product_cat-kalatuotteet","8":"product_cat-suolaiset","9":"product_shipping_class-shipping-discount","10":"pa_alkuperamaa-portugali","12":"first","13":"outofstock","14":"taxable","15":"shipping-taxable","16":"purchasable","17":"product-type-simple","swatches":"rey-swatches","show_selected":""},"acf":[],"_links":{"self":[{"href":"https:\/\/www.delideli.zoner.dev\/fin\/wp-json\/wp\/v2\/product\/141894","targetHints":{"allow":["GET"]}}],"collection":[{"href":"https:\/\/www.delideli.zoner.dev\/fin\/wp-json\/wp\/v2\/product"}],"about":[{"href":"https:\/\/www.delideli.zoner.dev\/fin\/wp-json\/wp\/v2\/types\/product"}],"replies":[{"embeddable":true,"href":"https:\/\/www.delideli.zoner.dev\/fin\/wp-json\/wp\/v2\/comments?post=141894"}],"version-history":[{"count":0,"href":"https:\/\/www.delideli.zoner.dev\/fin\/wp-json\/wp\/v2\/product\/141894\/revisions"}],"wp:featuredmedia":[{"embeddable":true,"href":"https:\/\/www.delideli.zoner.dev\/fin\/wp-json\/wp\/v2\/media\/140319"}],"wp:attachment":[{"href":"https:\/\/www.delideli.zoner.dev\/fin\/wp-json\/wp\/v2\/media?parent=141894"}],"wp:term":[{"taxonomy":"product_brand","embeddable":true,"href":"https:\/\/www.delideli.zoner.dev\/fin\/wp-json\/wp\/v2\/product_brand?post=141894"},{"taxonomy":"product_cat","embeddable":true,"href":"https:\/\/www.delideli.zoner.dev\/fin\/wp-json\/wp\/v2\/product_cat?post=141894"},{"taxonomy":"product_tag","embeddable":true,"href":"https:\/\/www.delideli.zoner.dev\/fin\/wp-json\/wp\/v2\/product_tag?post=141894"}],"curies":[{"name":"wp","href":"https:\/\/api.w.org\/{rel}","templated":true}]}}