{"id":141895,"date":"2025-11-05T15:20:07","date_gmt":"2025-11-05T15:20:07","guid":{"rendered":"https:\/\/www.delideli.zoner.dev\/tuote\/cocagne-sardiini-oliivioljyssa-125g\/"},"modified":"2026-05-04T16:17:11","modified_gmt":"2026-05-04T16:17:11","slug":"cocagne-sardiini-oliivioljyssa-125g","status":"publish","type":"product","link":"https:\/\/www.delideli.zoner.dev\/fin\/tuote\/cocagne-sardiini-oliivioljyssa-125g\/","title":{"rendered":"Cocagne sardiini oliivi\u00f6ljyss\u00e4 125g"},"content":{"rendered":"<p>Cocagnen sardiinit oliivi\u00f6ljyss\u00e4 ovat perinteinen portugalilainen laatutuote, joka edustaa klassista sardiinis\u00e4ilykkeen valmistusta parhaimmillaan. Portugal on kuuluisa maailmanluokan sardiineistaan, ja Cocagne jatkaa t\u00e4t\u00e4 ylpe\u00e4\u00e4 perinnett\u00e4. Sardiinit valitaan huolellisesti Portugalin rannikon vesist\u00e4, pakataan k\u00e4sin ja s\u00e4il\u00f6t\u00e4\u00e4n laadukkaaseen oliivi\u00f6ljy\u00f6lyn, joka pit\u00e4\u00e4 kalan mehev\u00e4n\u00e4 ja rikastaa sen makua ajan my\u00f6t\u00e4.<br \/>\nMaku on puhdas ja t\u00e4ytel\u00e4inen &#8211; merentuoreiden portugalilaisten sardiinien luonnollinen aromi yhdistyy oliivi\u00f6ljyn pehme\u00e4\u00e4n, hedelm\u00e4iseen makuun. T\u00e4m\u00e4 on no-nonsense sardiinis\u00e4ilyke niille, jotka arvostavat aitoja makuja ilman ylim\u00e4\u00e4r\u00e4isi\u00e4 lisukkeita. Sardiinit ovat eritt\u00e4in ravitseva valinta, t\u00e4ynn\u00e4 omega-3-rasvahappoja, proteiinia, D-vitamiinia, B12-vitamiinia ja kalsiumia.<br \/>\nNauti Cocagnen sardiineja klassiseen portugalilaiseen tyyliin tuoreen leiv\u00e4n tai broan (portugalilainen maissileip\u00e4) kanssa. Lis\u00e4\u00e4 ripaus merisuolaa, mustapippuria ja tuoretta sitruunamehua yksinkertaisen t\u00e4ydellisyyden saavuttamiseksi. Sardiinit sopivat my\u00f6s erinomaisesti salaattiin, pastaan tai pizzan t\u00e4ytteeksi. Tarjoile aperitiivin yhteydess\u00e4 vihre\u00e4n viinin, ros\u00e9en tai oluelle.<br \/>\nMonien sardiinien yst\u00e4vien mielest\u00e4 paras tapa nauttia n\u00e4it\u00e4 sardiineja on antaa purkin &#8221;kypsy\u00e4&#8221; muutama kuukausi tai jopa vuosi &#8211; maku syvenee ja pehmenee entisest\u00e4\u00e4n.<\/p>\n","protected":false},"excerpt":{"rendered":"<p>Cocagnen sardiinit oliivi\u00f6ljyss\u00e4 ovat klassinen portugalilainen s\u00e4ilyke, joka valmistetaan laadukkaista sardiineista ja puhtaasta oliivi\u00f6ljyst\u00e4. Yksinkertainen, aito ja t\u00e4ynn\u00e4 omega-3:a.<\/p>\n","protected":false},"featured_media":140321,"comment_status":"open","ping_status":"open","template":"","meta":{"_acf_changed":false},"product_brand":[671],"product_cat":[728,676],"product_tag":[],"class_list":{"0":"post-141895","1":"product","2":"type-product","3":"status-publish","4":"has-post-thumbnail","6":"product_brand-cocagne","7":"product_cat-kalatuotteet","8":"product_cat-suolaiset","9":"product_shipping_class-shipping-discount","10":"pa_alkuperamaa-portugali","12":"first","13":"outofstock","14":"taxable","15":"shipping-taxable","16":"purchasable","17":"product-type-simple","swatches":"rey-swatches","show_selected":""},"acf":[],"_links":{"self":[{"href":"https:\/\/www.delideli.zoner.dev\/fin\/wp-json\/wp\/v2\/product\/141895","targetHints":{"allow":["GET"]}}],"collection":[{"href":"https:\/\/www.delideli.zoner.dev\/fin\/wp-json\/wp\/v2\/product"}],"about":[{"href":"https:\/\/www.delideli.zoner.dev\/fin\/wp-json\/wp\/v2\/types\/product"}],"replies":[{"embeddable":true,"href":"https:\/\/www.delideli.zoner.dev\/fin\/wp-json\/wp\/v2\/comments?post=141895"}],"version-history":[{"count":0,"href":"https:\/\/www.delideli.zoner.dev\/fin\/wp-json\/wp\/v2\/product\/141895\/revisions"}],"wp:featuredmedia":[{"embeddable":true,"href":"https:\/\/www.delideli.zoner.dev\/fin\/wp-json\/wp\/v2\/media\/140321"}],"wp:attachment":[{"href":"https:\/\/www.delideli.zoner.dev\/fin\/wp-json\/wp\/v2\/media?parent=141895"}],"wp:term":[{"taxonomy":"product_brand","embeddable":true,"href":"https:\/\/www.delideli.zoner.dev\/fin\/wp-json\/wp\/v2\/product_brand?post=141895"},{"taxonomy":"product_cat","embeddable":true,"href":"https:\/\/www.delideli.zoner.dev\/fin\/wp-json\/wp\/v2\/product_cat?post=141895"},{"taxonomy":"product_tag","embeddable":true,"href":"https:\/\/www.delideli.zoner.dev\/fin\/wp-json\/wp\/v2\/product_tag?post=141895"}],"curies":[{"name":"wp","href":"https:\/\/api.w.org\/{rel}","templated":true}]}}