{"id":141896,"date":"2025-11-05T15:20:08","date_gmt":"2025-11-05T15:20:08","guid":{"rendered":"https:\/\/www.delideli.zoner.dev\/tuote\/cocagne-ruodoton-ja-nahaton-sardiinifile-sitruunalla-100g\/"},"modified":"2026-05-04T16:17:12","modified_gmt":"2026-05-04T16:17:12","slug":"cocagne-ruodoton-ja-nahaton-sardiinifile-sitruunalla-100g","status":"publish","type":"product","link":"https:\/\/www.delideli.zoner.dev\/fin\/tuote\/cocagne-ruodoton-ja-nahaton-sardiinifile-sitruunalla-100g\/","title":{"rendered":"Cocagne ruodoton ja nahaton sardiinifile sitruunalla 100g"},"content":{"rendered":"<p>Cocagnen sardiinifileet sitruunalla edustavat modernia tulkintaa perinteisest\u00e4 portugalilaisesta sardiinis\u00e4ilykeest\u00e4. Fileet ovat huolellisesti valmistettuja, t\u00e4ysin ruodottomia ja nahattomia, mik\u00e4 tekee niist\u00e4 \u00e4\u00e4rimm\u00e4isen helppok\u00e4ytt\u00f6isi\u00e4 ja nautittavia. Tuoreessa sitruunamehussa ja oliivi\u00f6ljyss\u00e4 marinoituina ne tarjoavat raikasta ja kevytt\u00e4 makuel\u00e4myst\u00e4.<br \/>\nSitruuna tuo mukaan kirpeytt\u00e4 ja raikkautta, joka nostaa sardiinin luonnollista merellist\u00e4 makua esiin ilman, ett\u00e4 se peitt\u00e4\u00e4 sit\u00e4 alleen. Yhdistelm\u00e4 on harmoninen ja kes\u00e4inen &#8211; t\u00e4ydellinen valinta niille, jotka arvostavat kevyempi\u00e4, v\u00e4limerellisi\u00e4 makuja. Sardiinit ovat erinomainen proteiinin, omega-3-rasvahappojen, D-vitamiinin ja kalsiumin l\u00e4hde.<br \/>\nNauti Cocagnen sardiinifileit\u00e4 kevyess\u00e4 salaatissa vihre\u00e4n salaatin, kirsikkatomaattien ja punasipulin kanssa. Ne sopivat loistavasti my\u00f6s bruschettaksi valkosipulin ja tuoreen basilikan kera. Lis\u00e4\u00e4 sardiinifileit\u00e4 pastaan sitruunakastikkeen kanssa tai tarjoile antipastona oliivien ja grillattujen kasvisten rinnalla. T\u00e4ydellinen kumppani vihre\u00e4lle viinille tai kevyelle valkoviinille kes\u00e4isell\u00e4 terassilla &#8211; aivan kuten Portugalin Algarven rannikolla!<br \/>\nKevyt sitruunamaku tekee t\u00e4st\u00e4 s\u00e4ilykeest\u00e4 erityisen monipuolisen ja helposti l\u00e4hestytt\u00e4v\u00e4n.<\/p>\n","protected":false},"excerpt":{"rendered":"<p>Cocagnen ruodottomat ja nahattomat sardiinifileet sitruunalla ovat kevyt ja raikas versio klassisesta portugalilaisesta sardiinis\u00e4ilykeest\u00e4. Sitruunan kirpeys t\u00e4ydent\u00e4\u00e4 sardiinin mehevyytt\u00e4 t\u00e4ydellisesti.<\/p>\n","protected":false},"featured_media":140323,"comment_status":"open","ping_status":"open","template":"","meta":{"_acf_changed":false},"product_brand":[671],"product_cat":[728,676],"product_tag":[],"class_list":{"0":"post-141896","1":"product","2":"type-product","3":"status-publish","4":"has-post-thumbnail","6":"product_brand-cocagne","7":"product_cat-kalatuotteet","8":"product_cat-suolaiset","9":"product_shipping_class-shipping-discount","10":"pa_alkuperamaa-portugali","12":"first","13":"instock","14":"taxable","15":"shipping-taxable","16":"purchasable","17":"product-type-simple","swatches":"rey-swatches","show_selected":""},"acf":[],"_links":{"self":[{"href":"https:\/\/www.delideli.zoner.dev\/fin\/wp-json\/wp\/v2\/product\/141896","targetHints":{"allow":["GET"]}}],"collection":[{"href":"https:\/\/www.delideli.zoner.dev\/fin\/wp-json\/wp\/v2\/product"}],"about":[{"href":"https:\/\/www.delideli.zoner.dev\/fin\/wp-json\/wp\/v2\/types\/product"}],"replies":[{"embeddable":true,"href":"https:\/\/www.delideli.zoner.dev\/fin\/wp-json\/wp\/v2\/comments?post=141896"}],"version-history":[{"count":0,"href":"https:\/\/www.delideli.zoner.dev\/fin\/wp-json\/wp\/v2\/product\/141896\/revisions"}],"wp:featuredmedia":[{"embeddable":true,"href":"https:\/\/www.delideli.zoner.dev\/fin\/wp-json\/wp\/v2\/media\/140323"}],"wp:attachment":[{"href":"https:\/\/www.delideli.zoner.dev\/fin\/wp-json\/wp\/v2\/media?parent=141896"}],"wp:term":[{"taxonomy":"product_brand","embeddable":true,"href":"https:\/\/www.delideli.zoner.dev\/fin\/wp-json\/wp\/v2\/product_brand?post=141896"},{"taxonomy":"product_cat","embeddable":true,"href":"https:\/\/www.delideli.zoner.dev\/fin\/wp-json\/wp\/v2\/product_cat?post=141896"},{"taxonomy":"product_tag","embeddable":true,"href":"https:\/\/www.delideli.zoner.dev\/fin\/wp-json\/wp\/v2\/product_tag?post=141896"}],"curies":[{"name":"wp","href":"https:\/\/api.w.org\/{rel}","templated":true}]}}