{"id":141897,"date":"2025-11-05T15:20:09","date_gmt":"2025-11-05T15:20:09","guid":{"rendered":"https:\/\/www.delideli.zoner.dev\/tuote\/cocagne-sardiini-luomu-extra-virgin-oliivioljyssa-msc-125g\/"},"modified":"2026-05-04T16:17:12","modified_gmt":"2026-05-04T16:17:12","slug":"cocagne-sardiini-luomu-extra-virgin-oliivioljyssa-msc-125g","status":"publish","type":"product","link":"https:\/\/www.delideli.zoner.dev\/fin\/tuote\/cocagne-sardiini-luomu-extra-virgin-oliivioljyssa-msc-125g\/","title":{"rendered":"Cocagne sardiini luomu extra virgin oliivi\u00f6ljyss\u00e4 MSC 125g"},"content":{"rendered":"<p>Cocagnen luomu sardiinit extra virgin oliivi\u00f6ljyss\u00e4 ovat huippuluokan valinta niille, jotka arvostavat sek\u00e4 erinomaista makua ett\u00e4 ymp\u00e4rist\u00f6vastuullisuutta. Sardiinit on kalastettu MSC-sertifioiduin (Marine Stewardship Council) kest\u00e4vin menetelmin Portugalin rannikkovesilt\u00e4, ja koko tuotantoketju noudattaa luomusertifioinnin tiukkoja vaatimuksia.<br \/>\nSardiinit s\u00e4il\u00f6t\u00e4\u00e4n ensimm\u00e4isell\u00e4 kylm\u00e4puristuksella valmistettuun extra virgin oliivi\u00f6ljyyn, joka on oliivi\u00f6ljyn ylin laatuluokka. T\u00e4m\u00e4 premium-oliivi\u00f6ljy on hedelm\u00e4ist\u00e4, aromaattista ja t\u00e4ynn\u00e4 terveellisi\u00e4 antioksidantteja. Se t\u00e4ydent\u00e4\u00e4 sardiinien luonnollista, t\u00e4ytel\u00e4ist\u00e4 makua t\u00e4ydellisesti ja luo harmonisen makuel\u00e4myksen.<br \/>\nPortugalilaisten sardiinien yhdistelm\u00e4 laadukkaaseen extra virgin oliivi\u00f6ljyyn tekee t\u00e4st\u00e4 tuotteesta sek\u00e4 ravitsemuksellisesti ett\u00e4 maullisesti erinomaisen. Sardiinit ovat t\u00e4ynn\u00e4 omega-3-rasvahappoja, proteiinia, D-vitamiinia, B12-vitamiinia ja kalsiumia. Extra virgin oliivi\u00f6ljy lis\u00e4\u00e4 terveellisi\u00e4 rasvahappoja ja E-vitamiinia.<br \/>\nNauti Cocagnen luomu sardiineja perinteiseen portugalilaiseen tapaan tuoreen leiv\u00e4n kanssa, lis\u00e4\u00e4 sitruunaa ja tuoretta yrttej\u00e4. Ne sopivat erinomaisesti my\u00f6s salaatteihin, pastaan tai tarjoiltuna antipastotarjottimella oliivien ja paahdettujen paprikoiden kanssa. Yhdist\u00e4 vihre\u00e4\u00e4n viiniin, valkoviiniin tai oluelle autenttista nautintoa varten.<br \/>\nValitsemalla MSC- ja luomusertifioidun tuotteen teet vastuullisen valinnan merten tulevaisuuden puolesta.<\/p>\n","protected":false},"excerpt":{"rendered":"<p>Cocagnen luomu sardiinit extra virgin oliivi\u00f6ljyss\u00e4 ovat MSC-sertifioitu portugalilainen premium-tuote. Vastuullisesti kalastetut sardiinit korkeimmanlaatuisessa oliivi\u00f6ljyss\u00e4 &#8211; makua ja vastuullisuutta samassa purkissa.<\/p>\n","protected":false},"featured_media":140325,"comment_status":"open","ping_status":"open","template":"","meta":{"_acf_changed":false},"product_brand":[671],"product_cat":[728,676],"product_tag":[],"class_list":{"0":"post-141897","1":"product","2":"type-product","3":"status-publish","4":"has-post-thumbnail","6":"product_brand-cocagne","7":"product_cat-kalatuotteet","8":"product_cat-suolaiset","9":"product_shipping_class-shipping-discount","10":"pa_alkuperamaa-portugali","11":"pa_ruokavalio-luomu","13":"first","14":"instock","15":"taxable","16":"shipping-taxable","17":"purchasable","18":"product-type-simple","swatches":"rey-swatches","show_selected":""},"acf":[],"_links":{"self":[{"href":"https:\/\/www.delideli.zoner.dev\/fin\/wp-json\/wp\/v2\/product\/141897","targetHints":{"allow":["GET"]}}],"collection":[{"href":"https:\/\/www.delideli.zoner.dev\/fin\/wp-json\/wp\/v2\/product"}],"about":[{"href":"https:\/\/www.delideli.zoner.dev\/fin\/wp-json\/wp\/v2\/types\/product"}],"replies":[{"embeddable":true,"href":"https:\/\/www.delideli.zoner.dev\/fin\/wp-json\/wp\/v2\/comments?post=141897"}],"version-history":[{"count":0,"href":"https:\/\/www.delideli.zoner.dev\/fin\/wp-json\/wp\/v2\/product\/141897\/revisions"}],"wp:featuredmedia":[{"embeddable":true,"href":"https:\/\/www.delideli.zoner.dev\/fin\/wp-json\/wp\/v2\/media\/140325"}],"wp:attachment":[{"href":"https:\/\/www.delideli.zoner.dev\/fin\/wp-json\/wp\/v2\/media?parent=141897"}],"wp:term":[{"taxonomy":"product_brand","embeddable":true,"href":"https:\/\/www.delideli.zoner.dev\/fin\/wp-json\/wp\/v2\/product_brand?post=141897"},{"taxonomy":"product_cat","embeddable":true,"href":"https:\/\/www.delideli.zoner.dev\/fin\/wp-json\/wp\/v2\/product_cat?post=141897"},{"taxonomy":"product_tag","embeddable":true,"href":"https:\/\/www.delideli.zoner.dev\/fin\/wp-json\/wp\/v2\/product_tag?post=141897"}],"curies":[{"name":"wp","href":"https:\/\/api.w.org\/{rel}","templated":true}]}}