{"id":141898,"date":"2025-11-05T15:20:10","date_gmt":"2025-11-05T15:20:10","guid":{"rendered":"https:\/\/www.delideli.zoner.dev\/tuote\/cocagne-tonnikalafile-luomu-extra-virgin-oliivioljyssa-msc-120\/"},"modified":"2026-05-04T16:17:12","modified_gmt":"2026-05-04T16:17:12","slug":"cocagne-tonnikalafile-luomu-extra-virgin-oliivioljyssa-msc-120","status":"publish","type":"product","link":"https:\/\/www.delideli.zoner.dev\/fin\/tuote\/cocagne-tonnikalafile-luomu-extra-virgin-oliivioljyssa-msc-120\/","title":{"rendered":"Cocagne tonnikalafile luomu extra virgin oliivi\u00f6ljyss\u00e4 MSC 120"},"content":{"rendered":"<p>Cocagnen luomu tonnikalafileet edustavat korkeinta laatua ja vastuullisuutta kalas\u00e4ilykkeiden maailmassa. Tonnikalat on kalastettu MSC-sertifioiduin (Marine Stewardship Council) menetelmin, mik\u00e4 takaa kest\u00e4v\u00e4n kalastuksen ja kalakantojen suojelun. Tuote on my\u00f6s luomusertifioitu, mik\u00e4 tarkoittaa tiukkoja laatuvaatimuksia koko tuotantoketjussa.<br \/>\nTonnikalat s\u00e4il\u00f6t\u00e4\u00e4n korkealaatuisessa extra virgin oliivi\u00f6ljyss\u00e4 &#8211; ensimm\u00e4isell\u00e4 kylm\u00e4puristuksella valmistettu oliivi\u00f6ljy on ravintoarvoltaan parasta ja maultaan hedelm\u00e4isint\u00e4. T\u00e4m\u00e4 yhdistelm\u00e4 tekee tuotteesta erityisen herkullisen ja terveellisen. Maku on t\u00e4ytel\u00e4inen ja pehme\u00e4, tonnikalan luonnollinen aromi yhdistyy extra virgin oliivi\u00f6ljyn hedelm\u00e4iseen, hieman p\u00e4hkin\u00e4iseen makuun.<br \/>\nTonnikalassa on runsaasti proteiinia, omega-3-rasvahappoja ja B-vitamiineja. Extra virgin oliivi\u00f6ljy tuo mukanaan terveellisi\u00e4 yksityydyttym\u00e4tt\u00f6mi\u00e4 rasvahappoja ja antioksidantteja.<br \/>\nK\u00e4yt\u00e4 Cocagnen luomu tonnikalaa salaateissa, pastacastikkeissa tai sellaisenaan tuoreen leiv\u00e4n kanssa. Se sopii erinomaisesti my\u00f6s bruschettaan, tonnikalapihveihin tai sekoitettuna valkoviiniin, kapriksiin ja tomaatteihin mediteraaniseksi pastakastikkeeksi. Tarjoile portugalilaiseen tapaan yksinkertaisesti kanan- tai valkosipulin, persiljaa ja sitruunaa.<br \/>\nValitsemalla MSC- ja luomusertifioidun tuotteen tuet vastuullista kalastusta ja kest\u00e4v\u00e4\u00e4 tulevaisuutta.<\/p>\n","protected":false},"excerpt":{"rendered":"<p>Cocagnen luomu tonnikalafileet extra virgin oliivi\u00f6ljyss\u00e4 ovat MSC-sertifioitu premium-valinta vastuullisesti kalastetusta tonnikalasta. Portugalilainen laatutuote, jossa yhdistyv\u00e4t ymp\u00e4rist\u00f6vastuullisuus ja erinomainen maku.<\/p>\n","protected":false},"featured_media":140327,"comment_status":"open","ping_status":"open","template":"","meta":{"_acf_changed":false},"product_brand":[671],"product_cat":[728,676],"product_tag":[],"class_list":{"0":"post-141898","1":"product","2":"type-product","3":"status-publish","4":"has-post-thumbnail","6":"product_brand-cocagne","7":"product_cat-kalatuotteet","8":"product_cat-suolaiset","9":"product_shipping_class-shipping-discount","10":"pa_alkuperamaa-portugali","11":"pa_ruokavalio-luomu","13":"first","14":"instock","15":"taxable","16":"shipping-taxable","17":"purchasable","18":"product-type-simple","swatches":"rey-swatches","show_selected":""},"acf":[],"_links":{"self":[{"href":"https:\/\/www.delideli.zoner.dev\/fin\/wp-json\/wp\/v2\/product\/141898","targetHints":{"allow":["GET"]}}],"collection":[{"href":"https:\/\/www.delideli.zoner.dev\/fin\/wp-json\/wp\/v2\/product"}],"about":[{"href":"https:\/\/www.delideli.zoner.dev\/fin\/wp-json\/wp\/v2\/types\/product"}],"replies":[{"embeddable":true,"href":"https:\/\/www.delideli.zoner.dev\/fin\/wp-json\/wp\/v2\/comments?post=141898"}],"version-history":[{"count":0,"href":"https:\/\/www.delideli.zoner.dev\/fin\/wp-json\/wp\/v2\/product\/141898\/revisions"}],"wp:featuredmedia":[{"embeddable":true,"href":"https:\/\/www.delideli.zoner.dev\/fin\/wp-json\/wp\/v2\/media\/140327"}],"wp:attachment":[{"href":"https:\/\/www.delideli.zoner.dev\/fin\/wp-json\/wp\/v2\/media?parent=141898"}],"wp:term":[{"taxonomy":"product_brand","embeddable":true,"href":"https:\/\/www.delideli.zoner.dev\/fin\/wp-json\/wp\/v2\/product_brand?post=141898"},{"taxonomy":"product_cat","embeddable":true,"href":"https:\/\/www.delideli.zoner.dev\/fin\/wp-json\/wp\/v2\/product_cat?post=141898"},{"taxonomy":"product_tag","embeddable":true,"href":"https:\/\/www.delideli.zoner.dev\/fin\/wp-json\/wp\/v2\/product_tag?post=141898"}],"curies":[{"name":"wp","href":"https:\/\/api.w.org\/{rel}","templated":true}]}}