{"id":141899,"date":"2025-11-05T15:20:10","date_gmt":"2025-11-05T15:20:10","guid":{"rendered":"https:\/\/www.delideli.zoner.dev\/tuote\/berthe-portugalilainen-sardiini-oliivioljyssa-125g\/"},"modified":"2026-05-04T16:17:12","modified_gmt":"2026-05-04T16:17:12","slug":"berthe-portugalilainen-sardiini-oliivioljyssa-125g","status":"publish","type":"product","link":"https:\/\/www.delideli.zoner.dev\/fin\/tuote\/berthe-portugalilainen-sardiini-oliivioljyssa-125g\/","title":{"rendered":"Berthe Portugalilainen sardiini oliivi\u00f6ljyss\u00e4 125g"},"content":{"rendered":"<p>Berthen portugalilaiset sardiinit ovat premium-tuote, joka valmistetaan huolellisesti valituista, kypsist\u00e4 sardiineista Portugalin rannikon puhtaista vesist\u00e4. Toisin kuin fileet, n\u00e4m\u00e4 sardiinit pakataan kokonaisina (ruodot mukana, mutta ne ovat pehmeit\u00e4 ja sy\u00f6t\u00e4vi\u00e4), mik\u00e4 on perinteinen portugalilainen tapa valmistaa laadukkaita sardiinis\u00e4ilykkeit\u00e4.<br \/>\nSardiinit s\u00e4il\u00f6t\u00e4\u00e4n puhtaassa oliivi\u00f6ljyss\u00e4, joka rikastaa niiden makua ja pit\u00e4\u00e4 kalan mehev\u00e4n\u00e4. Maku on t\u00e4ytel\u00e4inen, syv\u00e4 ja merentuore &#8211; portugalilaiset sardiinit ovat maailmankuuluja erityisen hyv\u00e4st\u00e4 maustaan. Ruodot ovat pehmeit\u00e4 ja sis\u00e4lt\u00e4v\u00e4t runsaasti kalsiumia. Sardiineissa on my\u00f6s runsaasti omega-3-rasvahappoja, proteiinia, D-vitamiinia ja B12-vitamiinia.<br \/>\nPortugalilainen tapa nauttia sardiineja on grellattujen paprikoiden, valkosipulin ja tuoreen leiv\u00e4n kanssa. Tarjoile sardiinit yksinkertaisesti paahdetun leiv\u00e4n p\u00e4\u00e4ll\u00e4, ripaus sitruunamehua ja tuoretta persiljaa. Ne sopivat erinomaisesti my\u00f6s tapas-tarjoiluun oliivien, kirsikkatomaattien ja juuston kera. Yhdist\u00e4 portugalilaiseen vihre\u00e4\u00e4n viiniin tai oluelle autenttista nautintoa varten &#8211; aivan kuten Lissabonin ravintoloissa!<br \/>\nS\u00e4ilyvyys avaamattomana on pitk\u00e4, ja monet gourmetet antavat sardiinien &#8221;kypsy\u00e4&#8221; vuosia t\u00e4ytel\u00e4isemm\u00e4n maun saavuttamiseksi.<\/p>\n","protected":false},"excerpt":{"rendered":"<p>Berthen portugalilaiset sardiinit oliivi\u00f6ljyss\u00e4 ovat t\u00e4yskokoisia, kypsi\u00e4 sardiineja Portugalin vesist\u00e4. Premium-laatua edustava s\u00e4ilyke, joka valmistetaan perinteisin portugalilaisin menetelmin kokonaisesta kalasta.<\/p>\n","protected":false},"featured_media":140329,"comment_status":"open","ping_status":"open","template":"","meta":{"_acf_changed":false},"product_brand":[670],"product_cat":[728,676],"product_tag":[],"class_list":{"0":"post-141899","1":"product","2":"type-product","3":"status-publish","4":"has-post-thumbnail","6":"product_brand-berthe","7":"product_cat-kalatuotteet","8":"product_cat-suolaiset","9":"product_shipping_class-shipping-discount","10":"pa_alkuperamaa-portugali","12":"first","13":"instock","14":"taxable","15":"shipping-taxable","16":"purchasable","17":"product-type-simple","swatches":"rey-swatches","show_selected":""},"acf":[],"_links":{"self":[{"href":"https:\/\/www.delideli.zoner.dev\/fin\/wp-json\/wp\/v2\/product\/141899","targetHints":{"allow":["GET"]}}],"collection":[{"href":"https:\/\/www.delideli.zoner.dev\/fin\/wp-json\/wp\/v2\/product"}],"about":[{"href":"https:\/\/www.delideli.zoner.dev\/fin\/wp-json\/wp\/v2\/types\/product"}],"replies":[{"embeddable":true,"href":"https:\/\/www.delideli.zoner.dev\/fin\/wp-json\/wp\/v2\/comments?post=141899"}],"version-history":[{"count":0,"href":"https:\/\/www.delideli.zoner.dev\/fin\/wp-json\/wp\/v2\/product\/141899\/revisions"}],"wp:featuredmedia":[{"embeddable":true,"href":"https:\/\/www.delideli.zoner.dev\/fin\/wp-json\/wp\/v2\/media\/140329"}],"wp:attachment":[{"href":"https:\/\/www.delideli.zoner.dev\/fin\/wp-json\/wp\/v2\/media?parent=141899"}],"wp:term":[{"taxonomy":"product_brand","embeddable":true,"href":"https:\/\/www.delideli.zoner.dev\/fin\/wp-json\/wp\/v2\/product_brand?post=141899"},{"taxonomy":"product_cat","embeddable":true,"href":"https:\/\/www.delideli.zoner.dev\/fin\/wp-json\/wp\/v2\/product_cat?post=141899"},{"taxonomy":"product_tag","embeddable":true,"href":"https:\/\/www.delideli.zoner.dev\/fin\/wp-json\/wp\/v2\/product_tag?post=141899"}],"curies":[{"name":"wp","href":"https:\/\/api.w.org\/{rel}","templated":true}]}}