{"id":141900,"date":"2025-11-05T15:20:11","date_gmt":"2025-11-05T15:20:11","guid":{"rendered":"https:\/\/www.delideli.zoner.dev\/tuote\/berthe-makrillifile-sinappikastikkeessa-120g\/"},"modified":"2026-05-04T16:17:13","modified_gmt":"2026-05-04T16:17:13","slug":"berthe-makrillifile-sinappikastikkeessa-120g","status":"publish","type":"product","link":"https:\/\/www.delideli.zoner.dev\/fin\/tuote\/berthe-makrillifile-sinappikastikkeessa-120g\/","title":{"rendered":"Berthe makrillifile sinappikastikkeessa 120g"},"content":{"rendered":"<p>Berthen makrillifileet sinappikastikkeessa ovat portugalilainen erikoisuus, jossa mehev\u00e4t makrillinfileet yhdistyv\u00e4t t\u00e4ytel\u00e4iseen, hieman pist\u00e4v\u00e4\u00e4n sinappikastikkeeseen. Makrilli on yksi ravintoarvoltaan parhaimmista kaloista &#8211; se on eritt\u00e4in rikas omega-3-rasvahappojen, D-vitamiinin, B12-vitamiinin ja seleenin l\u00e4hde.<br \/>\nMaku on voimakas ja t\u00e4ytel\u00e4inen: makrillilla on luonnostaan rikkaampi, \u00f6ljyisempi rakenne kuin sardiinilla, ja sinappi tuo mukaan pist\u00e4v\u00e4\u00e4 maukkuutta ja hieman happamuutta, joka tasapainottaa kalan rasvaisuutta t\u00e4ydellisesti. Kastike on kermainen ja aromaattinen, ei liian voimakas vaan harmoninen.<br \/>\nNauti Berthen makrillifileit\u00e4 perunasalaatin tai paahdettujen perunoiden kanssa pohjoismaiseen tapaan. Ne sopivat erinomaisesti my\u00f6s tumman ruisleiv\u00e4n p\u00e4\u00e4lle, koristeltuina punasipulilla ja tillik\u00f6ynn\u00f6ksin. Lis\u00e4\u00e4 makrillifileit\u00e4 pastasalaattiin tai tarjoile kylm\u00e4n oluen tai valkoviinin kanssa. Makrilli on my\u00f6s loistava lis\u00e4 juustotarjottimelle &#8211; se sopii erityisen hyvin voimakkaiden juustojen rinnalle.<br \/>\nPortugalilainen laatu yhdistettyn\u00e4 makrilliin ja sinappiin tekee t\u00e4st\u00e4 s\u00e4ilykeest\u00e4 ainutlaatuisen ja monipuolisen lis\u00e4n ruokakomeroosi.<\/p>\n","protected":false},"excerpt":{"rendered":"<p>Berthen makrillifileet sinappikastikkeessa yhdist\u00e4v\u00e4t mehev\u00e4n makrillinkalan ja maukkaan sinappikastikkeen. Portugalilainen laatutuote, joka on t\u00e4ynn\u00e4 omega-3:a ja makuel\u00e4myksi\u00e4.<\/p>\n","protected":false},"featured_media":140331,"comment_status":"open","ping_status":"open","template":"","meta":{"_acf_changed":false},"product_brand":[670],"product_cat":[728,676],"product_tag":[],"class_list":{"0":"post-141900","1":"product","2":"type-product","3":"status-publish","4":"has-post-thumbnail","6":"product_brand-berthe","7":"product_cat-kalatuotteet","8":"product_cat-suolaiset","9":"product_shipping_class-shipping-discount","10":"pa_alkuperamaa-portugali","12":"first","13":"outofstock","14":"taxable","15":"shipping-taxable","16":"purchasable","17":"product-type-simple","swatches":"rey-swatches","show_selected":""},"acf":[],"_links":{"self":[{"href":"https:\/\/www.delideli.zoner.dev\/fin\/wp-json\/wp\/v2\/product\/141900","targetHints":{"allow":["GET"]}}],"collection":[{"href":"https:\/\/www.delideli.zoner.dev\/fin\/wp-json\/wp\/v2\/product"}],"about":[{"href":"https:\/\/www.delideli.zoner.dev\/fin\/wp-json\/wp\/v2\/types\/product"}],"replies":[{"embeddable":true,"href":"https:\/\/www.delideli.zoner.dev\/fin\/wp-json\/wp\/v2\/comments?post=141900"}],"version-history":[{"count":0,"href":"https:\/\/www.delideli.zoner.dev\/fin\/wp-json\/wp\/v2\/product\/141900\/revisions"}],"wp:featuredmedia":[{"embeddable":true,"href":"https:\/\/www.delideli.zoner.dev\/fin\/wp-json\/wp\/v2\/media\/140331"}],"wp:attachment":[{"href":"https:\/\/www.delideli.zoner.dev\/fin\/wp-json\/wp\/v2\/media?parent=141900"}],"wp:term":[{"taxonomy":"product_brand","embeddable":true,"href":"https:\/\/www.delideli.zoner.dev\/fin\/wp-json\/wp\/v2\/product_brand?post=141900"},{"taxonomy":"product_cat","embeddable":true,"href":"https:\/\/www.delideli.zoner.dev\/fin\/wp-json\/wp\/v2\/product_cat?post=141900"},{"taxonomy":"product_tag","embeddable":true,"href":"https:\/\/www.delideli.zoner.dev\/fin\/wp-json\/wp\/v2\/product_tag?post=141900"}],"curies":[{"name":"wp","href":"https:\/\/api.w.org\/{rel}","templated":true}]}}