{"id":141902,"date":"2025-11-05T15:20:13","date_gmt":"2025-11-05T15:20:13","guid":{"rendered":"https:\/\/www.delideli.zoner.dev\/tuote\/berthe-sardiinifile-oliivioljyssa-100g\/"},"modified":"2026-05-04T16:17:13","modified_gmt":"2026-05-04T16:17:13","slug":"berthe-sardiinifile-oliivioljyssa-100g","status":"publish","type":"product","link":"https:\/\/www.delideli.zoner.dev\/fin\/tuote\/berthe-sardiinifile-oliivioljyssa-100g\/","title":{"rendered":"Berthe sardiinifile oliivi\u00f6ljyss\u00e4 100g"},"content":{"rendered":"<p>Berthen sardiinifileet oliivi\u00f6ljyss\u00e4 edustavat portugalilaista laatua ja perinteist\u00e4 k\u00e4sity\u00f6taitoa. Jokainen sardiini valitaan huolellisesti Portugalin rannikon vesist\u00e4, fileoituu k\u00e4sin ja pakataan laadukkaaseen oliivi\u00f6ljyyn, joka s\u00e4ilytt\u00e4\u00e4 kalan mehevyyden ja rikastaa makua. Sardiinit ovat ruodottomia ja nahattomia, mik\u00e4 tekee niist\u00e4 eritt\u00e4in helppok\u00e4ytt\u00f6isi\u00e4.Maku on t\u00e4ytel\u00e4inen ja merentuore, hieman suolainen mutta tasapainoinen. Oliivi\u00f6ljy tuo mukanaan pehmeytt\u00e4 ja py\u00f6reytt\u00e4, kun taas sardiinien oma aromi s\u00e4ilyy voimakkaana. Tuote on rikas omega-3-rasvahappojen, proteiinin, D-vitamiinin ja seleenin l\u00e4hde &#8211; t\u00e4ydellinen yhdistelm\u00e4 makua ja terveytt\u00e4.Nauti Berthen sardiinifileit\u00e4 klassisesti tuoreen patongin tai tumman ruisleiv\u00e4n p\u00e4\u00e4ll\u00e4, ripaus sitruunaa ja ripaus mustapippuria. Ne sopivat erinomaisesti my\u00f6s pastaan, salaatteihin tai pizza-pohjalle. Yhdist\u00e4 kapriksiin, kirsikkatomaatteihin ja tuoreeseen basilikaan v\u00e4limerellist\u00e4 tunnelmaa varten. Tarjoile aperitiivina portugalilaisessa tyyliss\u00e4 vihre\u00e4n viinin tai oluen kanssa.S\u00e4ilyke on sulkeutumattomana pitk\u00e4ik\u00e4inen, avaamisen j\u00e4lkeen s\u00e4ilyt\u00e4 j\u00e4\u00e4kaapissa ja k\u00e4yt\u00e4 muutaman p\u00e4iv\u00e4n sis\u00e4ll\u00e4.<\/p>\n","protected":false},"excerpt":{"rendered":"<p>Berthen sardiinifileet ovat ruodottomia, k\u00e4sin pakattuja premium-sardiineja puhtaassa oliivi\u00f6ljyss\u00e4. Portugalilaisella tarkkuudella valmistetut fileet ovat mehevi\u00e4, t\u00e4ytel\u00e4isi\u00e4 ja t\u00e4ynn\u00e4 omega-3-rasvahappoja.<\/p>\n","protected":false},"featured_media":140335,"comment_status":"open","ping_status":"open","template":"","meta":{"_acf_changed":false},"product_brand":[670],"product_cat":[677,728,676,726],"product_tag":[],"class_list":{"0":"post-141902","1":"product","2":"type-product","3":"status-publish","4":"has-post-thumbnail","6":"product_brand-berthe","7":"product_cat-ajankohtaisia","8":"product_cat-kalatuotteet","9":"product_cat-suolaiset","10":"product_cat-uudet-tuotteet","11":"product_shipping_class-shipping-discount","13":"first","14":"instock","15":"taxable","16":"shipping-taxable","17":"purchasable","18":"product-type-simple","swatches":"rey-swatches","show_selected":""},"acf":[],"_links":{"self":[{"href":"https:\/\/www.delideli.zoner.dev\/fin\/wp-json\/wp\/v2\/product\/141902","targetHints":{"allow":["GET"]}}],"collection":[{"href":"https:\/\/www.delideli.zoner.dev\/fin\/wp-json\/wp\/v2\/product"}],"about":[{"href":"https:\/\/www.delideli.zoner.dev\/fin\/wp-json\/wp\/v2\/types\/product"}],"replies":[{"embeddable":true,"href":"https:\/\/www.delideli.zoner.dev\/fin\/wp-json\/wp\/v2\/comments?post=141902"}],"version-history":[{"count":0,"href":"https:\/\/www.delideli.zoner.dev\/fin\/wp-json\/wp\/v2\/product\/141902\/revisions"}],"wp:featuredmedia":[{"embeddable":true,"href":"https:\/\/www.delideli.zoner.dev\/fin\/wp-json\/wp\/v2\/media\/140335"}],"wp:attachment":[{"href":"https:\/\/www.delideli.zoner.dev\/fin\/wp-json\/wp\/v2\/media?parent=141902"}],"wp:term":[{"taxonomy":"product_brand","embeddable":true,"href":"https:\/\/www.delideli.zoner.dev\/fin\/wp-json\/wp\/v2\/product_brand?post=141902"},{"taxonomy":"product_cat","embeddable":true,"href":"https:\/\/www.delideli.zoner.dev\/fin\/wp-json\/wp\/v2\/product_cat?post=141902"},{"taxonomy":"product_tag","embeddable":true,"href":"https:\/\/www.delideli.zoner.dev\/fin\/wp-json\/wp\/v2\/product_tag?post=141902"}],"curies":[{"name":"wp","href":"https:\/\/api.w.org\/{rel}","templated":true}]}}