{"id":141903,"date":"2025-11-05T15:20:14","date_gmt":"2025-11-05T15:20:14","guid":{"rendered":"https:\/\/www.delideli.zoner.dev\/tuote\/berthe-lahjarasia-4-kalatuotetta\/"},"modified":"2026-05-04T16:17:14","modified_gmt":"2026-05-04T16:17:14","slug":"berthe-lahjarasia-4-kalatuotetta","status":"publish","type":"product","link":"https:\/\/www.delideli.zoner.dev\/fin\/tuote\/berthe-lahjarasia-4-kalatuotetta\/","title":{"rendered":"Berthe lahjarasia 4 kalatuotetta"},"content":{"rendered":"<p>Berthen lahjarasia on upea kokoelma portugalilaisia premium-kalas\u00e4ilykkeit\u00e4, jotka on pakattu tyylikk\u00e4\u00e4seen lahjarasiaan. Rasia sis\u00e4lt\u00e4\u00e4 nelj\u00e4 erilaista kalatuotetta, jotka edustavat Berthen osaamista perinteisten kalas\u00e4ilykkeiden valmistuksessa. Jokainen tuote on valmistettu huolellisesti valituista raaka-aineista ja pakattu k\u00e4sin laadun takaamiseksi.Berthe on portugalilainen perheyritys, joka on erikoistunut laadukkaisiin kalas\u00e4ilykkeihin jo vuosikymmenten ajan. Portugal tunnetaan maailmanluokan sardiineistaan ja kalas\u00e4ilykkeist\u00e4\u00e4n, ja Berthe jatkaa t\u00e4t\u00e4 ylpe\u00e4\u00e4 perinnett\u00e4. Br\u00e4ndi tunnetaan sitoutumisestaan perinteisiin valmistusmenetelmiin ja vastuulliseen kalakantojen hallintaan. Tuotteet valmistetaan ilman keinotekoisia lis\u00e4aineita tai s\u00e4il\u00f6nt\u00e4aineita.Lahjarasia sopii erinomaisesti lahjakseni gourmeteille, kalanherkuttelijoille tai kenelle tahansa, joka arvostaa laadukkaita portugalilaisia elintarvikkeita. Se on t\u00e4ydellinen valinta syntym\u00e4p\u00e4iv\u00e4lahjaksi, is\u00e4np\u00e4iv\u00e4lahjaksi tai yll\u00e4tyslahjaksi. Rasia on my\u00f6s mainio lis\u00e4 juhlap\u00f6yt\u00e4\u00e4n tai piknikin kruununa.Avaa s\u00e4ilykkeet, tarjoile tuoreen patongin, voileiv\u00e4n tai salaatin kanssa ja nauti portugalilaisesta makuel\u00e4myksest\u00e4. Yhdist\u00e4 vihre\u00e4\u00e4n viiniin tai oluelle autenttista nautintoa varten.<\/p>\n","protected":false},"excerpt":{"rendered":"<p>Berthen lahjarasia sis\u00e4lt\u00e4\u00e4 nelj\u00e4 huolellisesti valittua premium-kalatuotetta kauniissa lahjapakkauksessa. T\u00e4ydellinen lahja kalanherkuttelijalle tai itselle nautittavaksi &#8211; laadukkaat portugalilaiset kalas\u00e4ilykkeet elegantissa asussaan.<br \/>\n&#8211; Bertha Portugalilainen sardiini oliivi\u00f6ljyss\u00e4 125g<br \/>\n&#8211; Bertha makrillifile sinappikastikkeessa 120g<br \/>\n&#8211; Bertha tonnikalafile oliivi\u00f6ljyss\u00e4 120g<br \/>\n&#8211; Bertha sardiinifile oliivi\u00f6ljyss\u00e4 100g<\/p>\n","protected":false},"featured_media":140337,"comment_status":"open","ping_status":"open","template":"","meta":{"_acf_changed":false},"product_brand":[670],"product_cat":[728,676],"product_tag":[],"class_list":{"0":"post-141903","1":"product","2":"type-product","3":"status-publish","4":"has-post-thumbnail","6":"product_brand-berthe","7":"product_cat-kalatuotteet","8":"product_cat-suolaiset","9":"product_shipping_class-shipping-discount","11":"first","12":"instock","13":"taxable","14":"shipping-taxable","15":"purchasable","16":"product-type-simple","swatches":"rey-swatches","show_selected":""},"acf":[],"_links":{"self":[{"href":"https:\/\/www.delideli.zoner.dev\/fin\/wp-json\/wp\/v2\/product\/141903","targetHints":{"allow":["GET"]}}],"collection":[{"href":"https:\/\/www.delideli.zoner.dev\/fin\/wp-json\/wp\/v2\/product"}],"about":[{"href":"https:\/\/www.delideli.zoner.dev\/fin\/wp-json\/wp\/v2\/types\/product"}],"replies":[{"embeddable":true,"href":"https:\/\/www.delideli.zoner.dev\/fin\/wp-json\/wp\/v2\/comments?post=141903"}],"version-history":[{"count":0,"href":"https:\/\/www.delideli.zoner.dev\/fin\/wp-json\/wp\/v2\/product\/141903\/revisions"}],"wp:featuredmedia":[{"embeddable":true,"href":"https:\/\/www.delideli.zoner.dev\/fin\/wp-json\/wp\/v2\/media\/140337"}],"wp:attachment":[{"href":"https:\/\/www.delideli.zoner.dev\/fin\/wp-json\/wp\/v2\/media?parent=141903"}],"wp:term":[{"taxonomy":"product_brand","embeddable":true,"href":"https:\/\/www.delideli.zoner.dev\/fin\/wp-json\/wp\/v2\/product_brand?post=141903"},{"taxonomy":"product_cat","embeddable":true,"href":"https:\/\/www.delideli.zoner.dev\/fin\/wp-json\/wp\/v2\/product_cat?post=141903"},{"taxonomy":"product_tag","embeddable":true,"href":"https:\/\/www.delideli.zoner.dev\/fin\/wp-json\/wp\/v2\/product_tag?post=141903"}],"curies":[{"name":"wp","href":"https:\/\/api.w.org\/{rel}","templated":true}]}}