{"id":141909,"date":"2025-11-11T14:41:25","date_gmt":"2025-11-11T14:41:25","guid":{"rendered":"https:\/\/www.delideli.zoner.dev\/tuote\/luomukastanjat-vakumipakkaus-200g-fi-eko-201\/"},"modified":"2026-05-04T16:17:20","modified_gmt":"2026-05-04T16:17:20","slug":"luomukastanjat-vakumipakkaus-200g-fi-eko-201","status":"publish","type":"product","link":"https:\/\/www.delideli.zoner.dev\/fin\/tuote\/luomukastanjat-vakumipakkaus-200g-fi-eko-201\/","title":{"rendered":"Luomukastanjat vakumipakkaus 200g FI-EKO-201"},"content":{"rendered":"<p>Inovfruitin luomukastanjat ovat ranskalaisia, huolellisesti valikoituja laatukastanjoita, jotka on kuorittu, kypsennetty ja pakattu tyhji\u00f6\u00f6n s\u00e4ilyvyyden varmistamiseksi. Vakuumipakkaus takaa, ett\u00e4 kastanjat s\u00e4ilytt\u00e4v\u00e4t mehevyytens\u00e4, t\u00e4ytel\u00e4isen makunsa ja ravintosis\u00e4lt\u00f6ns\u00e4 aina avaushetkeen asti.<br \/>\nKastanjat ovat luonnostaan v\u00e4h\u00e4rasvaisia ja sis\u00e4lt\u00e4v\u00e4t runsaasti hiilihydraatteja, kuituja sek\u00e4 B-vitamiineja ja kivenn\u00e4isaineita kuten kaliumia ja magnesiumia. Ne ovat t\u00e4ydellinen energianl\u00e4hde ja terveellinen v\u00e4lipala. Tuote on luonnostaan gluteeniton, maidoton ja vegaaninen.<br \/>\nK\u00e4yt\u00e4 kastanjoita suoraan pakkauksesta salaateissa, keittoissa tai paistoksissa. Ne sopivat erinomaisesti lihan seuralaiseksi, riistan kanssa tai paahdettuna kasvislisukkeena. L\u00e4mmit\u00e4 kastanjat pannulla voin ja yrttien kanssa, lis\u00e4\u00e4 liemeen tai soseuta kastanjakastikkeeksi. Ne maistuvat my\u00f6s herkullisina sellaisenaan tai murennettuna juuston p\u00e4\u00e4lle.<br \/>\nHelppok\u00e4ytt\u00f6inen paketti tekee kastanjoista arjen luksusta ilman vaivalloista kuorintaa.<\/p>\n","protected":false},"excerpt":{"rendered":"<p>Inovfruitin kuoritut luomukastanjat vakuumipakkauksessa ovat valmiiksi kypsennettyj\u00e4 ja k\u00e4ytt\u00f6valmiita. Ranskalaiset luomukastanjat sopivat suoraan sy\u00f6t\u00e4viksi tai l\u00e4mmitett\u00e4viksi monipuolisiin ruokiin.<\/p>\n","protected":false},"featured_media":140349,"comment_status":"closed","ping_status":"open","template":"","meta":{"_acf_changed":false},"product_brand":[672],"product_cat":[712,681],"product_tag":[],"class_list":{"0":"post-141909","1":"product","2":"type-product","3":"status-publish","4":"has-post-thumbnail","6":"product_brand-inovfruit","7":"product_cat-kastanjat","8":"product_cat-marjat-hedelmat","9":"pa_alkuperamaa-ranska","10":"pa_ruokavalio-luomu","12":"first","13":"instock","14":"taxable","15":"shipping-taxable","16":"purchasable","17":"product-type-simple","swatches":"rey-swatches","show_selected":""},"acf":[],"_links":{"self":[{"href":"https:\/\/www.delideli.zoner.dev\/fin\/wp-json\/wp\/v2\/product\/141909","targetHints":{"allow":["GET"]}}],"collection":[{"href":"https:\/\/www.delideli.zoner.dev\/fin\/wp-json\/wp\/v2\/product"}],"about":[{"href":"https:\/\/www.delideli.zoner.dev\/fin\/wp-json\/wp\/v2\/types\/product"}],"replies":[{"embeddable":true,"href":"https:\/\/www.delideli.zoner.dev\/fin\/wp-json\/wp\/v2\/comments?post=141909"}],"version-history":[{"count":0,"href":"https:\/\/www.delideli.zoner.dev\/fin\/wp-json\/wp\/v2\/product\/141909\/revisions"}],"wp:featuredmedia":[{"embeddable":true,"href":"https:\/\/www.delideli.zoner.dev\/fin\/wp-json\/wp\/v2\/media\/140349"}],"wp:attachment":[{"href":"https:\/\/www.delideli.zoner.dev\/fin\/wp-json\/wp\/v2\/media?parent=141909"}],"wp:term":[{"taxonomy":"product_brand","embeddable":true,"href":"https:\/\/www.delideli.zoner.dev\/fin\/wp-json\/wp\/v2\/product_brand?post=141909"},{"taxonomy":"product_cat","embeddable":true,"href":"https:\/\/www.delideli.zoner.dev\/fin\/wp-json\/wp\/v2\/product_cat?post=141909"},{"taxonomy":"product_tag","embeddable":true,"href":"https:\/\/www.delideli.zoner.dev\/fin\/wp-json\/wp\/v2\/product_tag?post=141909"}],"curies":[{"name":"wp","href":"https:\/\/api.w.org\/{rel}","templated":true}]}}