{"id":141911,"date":"2025-11-11T14:41:26","date_gmt":"2025-11-11T14:41:26","guid":{"rendered":"https:\/\/www.delideli.zoner.dev\/tuote\/luomukastanjalevite-300g-fi-eko-201\/"},"modified":"2026-05-04T16:17:21","modified_gmt":"2026-05-04T16:17:21","slug":"luomukastanjalevite-300g-fi-eko-201","status":"publish","type":"product","link":"https:\/\/www.delideli.zoner.dev\/fin\/tuote\/luomukastanjalevite-300g-fi-eko-201\/","title":{"rendered":"Luomukastanjalevite 300g FI-EKO-201"},"content":{"rendered":"<p>Inovfruitin luomukastanjalevite on ranskalainen herkku, joka valmistetaan 100% luomukastanjoista lis\u00e4\u00e4m\u00e4tt\u00e4 keinotekoisia makeutusaineita tai s\u00e4il\u00f6nt\u00e4aineita. Levitteen samettimainen koostumus ja luonnostaan makea, p\u00e4hkin\u00e4inen aromi tekev\u00e4t siit\u00e4 ainutlaatuisen nautinnon.<br \/>\nKastanjat ovat luontaisesti v\u00e4h\u00e4rasvaisia ja sis\u00e4lt\u00e4v\u00e4t runsaasti ravintokuituja, B-vitamiineja sek\u00e4 t\u00e4rkeit\u00e4 kivenn\u00e4isaineita. Levite on luonnostaan gluteeniton, maidoton ja vegaaninen, joten se sopii moniin ruokavalioihin.<br \/>\nNauti kastanjalevitett\u00e4 tuoreen patongin tai croissantin kanssa aamukahvilla. Se maistuu my\u00f6s loistavasti cr\u00eapeiss\u00e4, vohveleissa tai pannukakuissa. Kokeile sit\u00e4 j\u00e4lkiruokien t\u00e4ytteen\u00e4, smoothieissa tai sellaisenaan lusikallinen kerrallaan nautittuna. Kastanjalevite sopii erinomaisesti my\u00f6s leipomotuotteiden t\u00e4ytteeksi ja juustotarjottimelle kontrastiksi suolaisille juustoille.<br \/>\nS\u00e4ilyt\u00e4 avaamaton purkki huoneenl\u00e4mm\u00f6ss\u00e4 ja avaamisen j\u00e4lkeen j\u00e4\u00e4kaapissa.<\/p>\n","protected":false},"excerpt":{"rendered":"<p>Inovfruitin luomukastanjalevite on herkullinen, samettimainen levite ranskalaisista luomukastanjoista. Luonnostaan makea ja t\u00e4ytel\u00e4inen levite sopii niin aamiaiselle kuin j\u00e4lkiruokallekin.<\/p>\n","protected":false},"featured_media":140351,"comment_status":"closed","ping_status":"open","template":"","meta":{"_acf_changed":false},"product_brand":[672],"product_cat":[712,681],"product_tag":[],"class_list":{"0":"post-141911","1":"product","2":"type-product","3":"status-publish","4":"has-post-thumbnail","6":"product_brand-inovfruit","7":"product_cat-kastanjat","8":"product_cat-marjat-hedelmat","9":"pa_alkuperamaa-ranska","10":"pa_ruokavalio-luomu","12":"first","13":"instock","14":"taxable","15":"shipping-taxable","16":"purchasable","17":"product-type-simple","swatches":"rey-swatches","show_selected":""},"acf":[],"_links":{"self":[{"href":"https:\/\/www.delideli.zoner.dev\/fin\/wp-json\/wp\/v2\/product\/141911","targetHints":{"allow":["GET"]}}],"collection":[{"href":"https:\/\/www.delideli.zoner.dev\/fin\/wp-json\/wp\/v2\/product"}],"about":[{"href":"https:\/\/www.delideli.zoner.dev\/fin\/wp-json\/wp\/v2\/types\/product"}],"replies":[{"embeddable":true,"href":"https:\/\/www.delideli.zoner.dev\/fin\/wp-json\/wp\/v2\/comments?post=141911"}],"version-history":[{"count":0,"href":"https:\/\/www.delideli.zoner.dev\/fin\/wp-json\/wp\/v2\/product\/141911\/revisions"}],"wp:featuredmedia":[{"embeddable":true,"href":"https:\/\/www.delideli.zoner.dev\/fin\/wp-json\/wp\/v2\/media\/140351"}],"wp:attachment":[{"href":"https:\/\/www.delideli.zoner.dev\/fin\/wp-json\/wp\/v2\/media?parent=141911"}],"wp:term":[{"taxonomy":"product_brand","embeddable":true,"href":"https:\/\/www.delideli.zoner.dev\/fin\/wp-json\/wp\/v2\/product_brand?post=141911"},{"taxonomy":"product_cat","embeddable":true,"href":"https:\/\/www.delideli.zoner.dev\/fin\/wp-json\/wp\/v2\/product_cat?post=141911"},{"taxonomy":"product_tag","embeddable":true,"href":"https:\/\/www.delideli.zoner.dev\/fin\/wp-json\/wp\/v2\/product_tag?post=141911"}],"curies":[{"name":"wp","href":"https:\/\/api.w.org\/{rel}","templated":true}]}}