{"id":141915,"date":"2025-11-12T16:54:50","date_gmt":"2025-11-12T16:54:50","guid":{"rendered":"https:\/\/www.delideli.zoner.dev\/tuote\/savustettu-himalajan-suola-mylly-150-g\/"},"modified":"2026-05-04T16:17:22","modified_gmt":"2026-05-04T16:17:22","slug":"savustettu-himalajan-suola-mylly-150-g","status":"publish","type":"product","link":"https:\/\/www.delideli.zoner.dev\/fin\/tuote\/savustettu-himalajan-suola-mylly-150-g\/","title":{"rendered":"Savustettu Himalajan suola,  mylly 150 g"},"content":{"rendered":"<p>Finca La Barcan Sal del Himalaya Ahumada Molinillo 150g on korkealaatuinen tuote, joka yhdist\u00e4\u00e4 puhtaan Himalajan vaaleanpunaisen suolan herkulliseen savuiseen makuun, joka saavutetaan perinteisell\u00e4 La Veran savustusmenetelm\u00e4ll\u00e4.<br \/>\nT\u00e4m\u00e4 suola erottuu puhtaasta mineraalialkuper\u00e4st\u00e4\u00e4n ja k\u00e4sity\u00f6m\u00e4isest\u00e4 prosessista, joka antaa sille ainutlaatuisen ja syv\u00e4n makuprofiilin. Savuinen vivahde antaa suolalle voimakkaan luonteen, tehden siit\u00e4 v\u00e4ltt\u00e4m\u00e4tt\u00f6m\u00e4n raaka-aineen kokeille ja gourmet-keitti\u00f6n yst\u00e4ville, jotka haluavat nostaa ruokiensa makua uudelle tasolle. Ihanteellinen lihan, kalan, kasvisten tai monimutkaisempien ruokien maustamiseen &#8211; t\u00e4m\u00e4 savusuola muuttaa jokaisen suupalan ainutlaatuisella maullaan.<br \/>\nNauti perinteest\u00e4 ja Himalajan savustetun suolan puhtaudesta jokaisella myll\u00e4n kierroksella. T\u00e4ydellinen gourmet-kosketus keitti\u00f6\u00f6si.<\/p>\n","protected":false},"excerpt":{"rendered":"<p>Sal del Himalaya Ahumada Molinillo 150g yhdist\u00e4\u00e4 puhtaan Himalajan vaaleanpunaisen suolan perinteiseen La Veran savuiseen makuun. K\u00e4sity\u00f6m\u00e4inen valmistusprosessi antaa sille ainutlaatuisen makuprofiilin, joka sopii t\u00e4ydellisesti lihan, kalan, kasvisten ja muiden ruokien maustamiseen tuoden gourmet-vivahteen keitti\u00f6\u00f6si.<\/p>\n","protected":false},"featured_media":140355,"comment_status":"open","ping_status":"open","template":"","meta":{"_acf_changed":false},"product_brand":[628],"product_cat":[677,682,764,717],"product_tag":[],"class_list":{"0":"post-141915","1":"product","2":"type-product","3":"status-publish","4":"has-post-thumbnail","6":"product_brand-finca-la-barca","7":"product_cat-ajankohtaisia","8":"product_cat-kuivatuotteet","9":"product_cat-paella","10":"product_cat-suolat","11":"product_shipping_class-shipping-discount","12":"pa_alkuperamaa-espanja","14":"first","15":"instock","16":"taxable","17":"shipping-taxable","18":"purchasable","19":"product-type-simple","swatches":"rey-swatches","show_selected":""},"acf":[],"_links":{"self":[{"href":"https:\/\/www.delideli.zoner.dev\/fin\/wp-json\/wp\/v2\/product\/141915","targetHints":{"allow":["GET"]}}],"collection":[{"href":"https:\/\/www.delideli.zoner.dev\/fin\/wp-json\/wp\/v2\/product"}],"about":[{"href":"https:\/\/www.delideli.zoner.dev\/fin\/wp-json\/wp\/v2\/types\/product"}],"replies":[{"embeddable":true,"href":"https:\/\/www.delideli.zoner.dev\/fin\/wp-json\/wp\/v2\/comments?post=141915"}],"version-history":[{"count":0,"href":"https:\/\/www.delideli.zoner.dev\/fin\/wp-json\/wp\/v2\/product\/141915\/revisions"}],"wp:featuredmedia":[{"embeddable":true,"href":"https:\/\/www.delideli.zoner.dev\/fin\/wp-json\/wp\/v2\/media\/140355"}],"wp:attachment":[{"href":"https:\/\/www.delideli.zoner.dev\/fin\/wp-json\/wp\/v2\/media?parent=141915"}],"wp:term":[{"taxonomy":"product_brand","embeddable":true,"href":"https:\/\/www.delideli.zoner.dev\/fin\/wp-json\/wp\/v2\/product_brand?post=141915"},{"taxonomy":"product_cat","embeddable":true,"href":"https:\/\/www.delideli.zoner.dev\/fin\/wp-json\/wp\/v2\/product_cat?post=141915"},{"taxonomy":"product_tag","embeddable":true,"href":"https:\/\/www.delideli.zoner.dev\/fin\/wp-json\/wp\/v2\/product_tag?post=141915"}],"curies":[{"name":"wp","href":"https:\/\/api.w.org\/{rel}","templated":true}]}}