{"id":141924,"date":"2025-12-24T07:46:24","date_gmt":"2025-12-24T07:46:24","guid":{"rendered":"https:\/\/www.delideli.zoner.dev\/tuote\/punaviinihyytelo-merlot-125g\/"},"modified":"2026-05-04T16:17:24","modified_gmt":"2026-05-04T16:17:24","slug":"punaviinihyytelo-merlot-125g","status":"publish","type":"product","link":"https:\/\/www.delideli.zoner.dev\/fin\/tuote\/punaviinihyytelo-merlot-125g\/","title":{"rendered":"Punaviinihyytel\u00f6 MERLOT 125g"},"content":{"rendered":"<p>Merlot-punaviinihyytel\u00f6 on ranskalainen k\u00e4sity\u00f6tuote, joka on valmistettu laadukkaasta Merlot-punaviinist\u00e4. Hyytel\u00f6 on monipuolinen tuote, joka sopii juustojen, lihojen ja hanhenmaksan seuralaiseksi.<\/p>\n<p>Merlot on suosittu punaviiniryp\u00e4le, joka tunnetaan pehme\u00e4st\u00e4 ja hedelm\u00e4isest\u00e4 luonteestaan. Hyytel\u00f6ss\u00e4 on 55% Merlot-viini\u00e4, ja sen maku on t\u00e4ytel\u00e4inen ja tasapainoinen. Punaviinin v\u00e4ri ja maku tekev\u00e4t siit\u00e4 erinomaisen lis\u00e4n moniin ruokiin.<\/p>\n<p>Hyytel\u00f6 toimii erinomaisesti juustop\u00f6yd\u00e4ss\u00e4 kypsien juustojen kanssa. Se sopii my\u00f6s lihan seuraksi, erityisesti naudanlihan ja riistan kanssa. Hanhenmaksan kanssa se luo klassisen ranskalaisen makuyhdistelm\u00e4n.<\/p>\n<p>K\u00e4ytt\u00f6vinkit:<\/p>\n<p>Tarjoa hyytel\u00f6 juustop\u00f6yd\u00e4ss\u00e4 kypsien juustojen kanssa. Kokeile my\u00f6s paistettun naudanlihan tai riistan kanssa. K\u00e4yt\u00e4 kastikkeiden sitomiseen tai hanhenmaksan kera. Anna hyytel\u00f6n tulla huoneenl\u00e4mp\u00f6\u00f6n ennen tarjoilua. S\u00e4ilyt\u00e4 viile\u00e4ss\u00e4 avaamisen j\u00e4lkeen.<\/p>\n","protected":false},"excerpt":{"rendered":"<p>Merlot-punaviinihyytel\u00f6 juustoille. Ranskalainen k\u00e4sity\u00f6tuote. Sopii lihoille, juustoille ja hanhenmaksalle. 55% Merlot-viini\u00e4.<\/p>\n","protected":false},"featured_media":141925,"comment_status":"open","ping_status":"open","template":"","meta":{"_acf_changed":false},"product_brand":[626],"product_cat":[677,763,732,681,726],"product_tag":[],"class_list":{"0":"post-141924","1":"product","2":"type-product","3":"status-publish","4":"has-post-thumbnail","6":"product_brand-delideli-herkkukauppa","7":"product_cat-ajankohtaisia","8":"product_cat-delidelin-tuotemerkki","9":"product_cat-hyytelot","10":"product_cat-marjat-hedelmat","11":"product_cat-uudet-tuotteet","12":"product_shipping_class-shipping-discount","13":"pa_alkuperamaa-ranska","15":"first","16":"instock","17":"taxable","18":"shipping-taxable","19":"purchasable","20":"product-type-simple","swatches":"rey-swatches","show_selected":""},"acf":[],"_links":{"self":[{"href":"https:\/\/www.delideli.zoner.dev\/fin\/wp-json\/wp\/v2\/product\/141924","targetHints":{"allow":["GET"]}}],"collection":[{"href":"https:\/\/www.delideli.zoner.dev\/fin\/wp-json\/wp\/v2\/product"}],"about":[{"href":"https:\/\/www.delideli.zoner.dev\/fin\/wp-json\/wp\/v2\/types\/product"}],"replies":[{"embeddable":true,"href":"https:\/\/www.delideli.zoner.dev\/fin\/wp-json\/wp\/v2\/comments?post=141924"}],"version-history":[{"count":0,"href":"https:\/\/www.delideli.zoner.dev\/fin\/wp-json\/wp\/v2\/product\/141924\/revisions"}],"wp:featuredmedia":[{"embeddable":true,"href":"https:\/\/www.delideli.zoner.dev\/fin\/wp-json\/wp\/v2\/media\/141925"}],"wp:attachment":[{"href":"https:\/\/www.delideli.zoner.dev\/fin\/wp-json\/wp\/v2\/media?parent=141924"}],"wp:term":[{"taxonomy":"product_brand","embeddable":true,"href":"https:\/\/www.delideli.zoner.dev\/fin\/wp-json\/wp\/v2\/product_brand?post=141924"},{"taxonomy":"product_cat","embeddable":true,"href":"https:\/\/www.delideli.zoner.dev\/fin\/wp-json\/wp\/v2\/product_cat?post=141924"},{"taxonomy":"product_tag","embeddable":true,"href":"https:\/\/www.delideli.zoner.dev\/fin\/wp-json\/wp\/v2\/product_tag?post=141924"}],"curies":[{"name":"wp","href":"https:\/\/api.w.org\/{rel}","templated":true}]}}