{"id":141931,"date":"2017-05-12T18:44:26","date_gmt":"2017-05-12T18:44:26","guid":{"rendered":"https:\/\/www.delideli.zoner.dev\/tuote\/sardiineja-maustettu-sao-tome-pippurilla-115g\/"},"modified":"2026-05-04T16:17:32","modified_gmt":"2026-05-04T16:17:32","slug":"sardiineja-maustettu-sao-tome-pippurilla-115g","status":"publish","type":"product","link":"https:\/\/www.delideli.zoner.dev\/fin\/tuote\/sardiineja-maustettu-sao-tome-pippurilla-115g\/","title":{"rendered":"Sardiineja maustettu Sao Tom\u00e9 pippurilla -LIMITED EDITION 115g"},"content":{"rendered":"<p>Sardiinit S\u00e3o Tom\u00e9n pippurilla on ranskalainen premiumtuote La Belle-Iloiselta. Tuote on osa br\u00e4ndin mausteisia sardiinivalikoiman uusinta lis\u00e4yst\u00e4, ja se tarjoaa hienostuneen makuel\u00e4myksen eksotiikan yst\u00e4ville.<\/p>\n<p>S\u00e3o Tom\u00e9n pippuri on kotoisin S\u00e3o Tom\u00e9sta ja Pr\u00edncipen saarivaltiosta L\u00e4nsi-Afrikasta. T\u00e4m\u00e4 harvinainen pippuri tunnetaan miedosta, hedelm\u00e4isest\u00e4 ja kukkaismaisesta aromaistaan, joka eroaa tavallisesta mustapippurista. Pippuri tuo sardiineihin vivahteikkaan, l\u00e4mpim\u00e4n aromin ilman liikaa ter\u00e4vyytt\u00e4.<\/p>\n<p>La Belle-Iloise on k\u00e4ytt\u00e4nyt reseptiss\u00e4 22% rypsi\u00f6ljy\u00e4, joka on kevyt ja neutraali \u00f6ljy. Limemehu tuo raikkautta ja tasapainottaa pippurin l\u00e4mp\u00f6\u00e4. Sardiinit on pyydystetty kyps\u00e4n\u00e4 kauden aikana l\u00e4hell\u00e4 Quiberonia ja k\u00e4sitelty tuoreina k\u00e4sin 24 tunnin sis\u00e4ll\u00e4 vastaanottamisesta.<\/p>\n<p>Sardiinit valitaan huolellisesti, suolataan ja puhdistetaan ennen kypsennyst\u00e4. Ne pakataan purkkeihin suurella huolella kypsent\u00e4misen j\u00e4lkeen. Huolellisesti riviin asetettuina ne esitet\u00e4\u00e4n tyhjiss\u00e4 astioissaan &#8211; t\u00e4ydellisen laadun tae.<\/p>\n<p>K\u00e4ytt\u00f6vinkit:<\/p>\n<p>Nauti suoraan purkista paahdetun leiv\u00e4n p\u00e4\u00e4ll\u00e4. Lis\u00e4\u00e4 salaatteihin eksootista makua. K\u00e4yt\u00e4 piirakoissa tai pastaruokien t\u00e4ytteen\u00e4. Tarjoa perunoiden, riisin tai pastan kanssa. Yhdist\u00e4 kreikkalaisen jogurtin ja tuoreiden yrttien kanssa. Rikkaat omega-3-rasvahapot, D-vitamiini, kalsium ja fosfori tekev\u00e4t sardiineista ravitsemuksellisesti erinomaisen valinnan.<\/p>\n<p>Tuottaja:<\/p>\n<p>La Belle-Iloise on ranskalainen premium-sardiinikonserveja valmistava yritys, joka perustettiin vuonna 1932 Georges Hilliet&#8217;n toimesta Quiberonissa Bretagnessa. Yritys tunnetaan k\u00e4sity\u00f6l\u00e4ismetodeistaan ja laadustaan. La Belle-Iloise pyydyst\u00e4\u00e4 sardiinit vastuullisesti l\u00e4hivesilt\u00e4 ja k\u00e4sittelee ne tuoreina 24 tunnin sis\u00e4ll\u00e4. Yritys on perheyritys, ja se on erikoistunut premium-s\u00e4ilykekalaan yli 90 vuoden ajan.<\/p>\n","protected":false},"excerpt":{"rendered":"<p>Ranskalainen premiumsardiini S\u00e3o Tom\u00e9n pippurilla. La Belle-Iloise. 22% rypsi\u00f6ljy. Hedelm\u00e4iset ja kukkaismaiset aromit. K\u00e4sity\u00f6tuote. 115g.<\/p>\n","protected":false},"featured_media":141932,"comment_status":"open","ping_status":"open","template":"","meta":{"_acf_changed":false},"product_brand":[632],"product_cat":[677,728,676,726],"product_tag":[],"class_list":{"0":"post-141931","1":"product","2":"type-product","3":"status-publish","4":"has-post-thumbnail","6":"product_brand-la-belle-iloise","7":"product_cat-ajankohtaisia","8":"product_cat-kalatuotteet","9":"product_cat-suolaiset","10":"product_cat-uudet-tuotteet","11":"product_shipping_class-shipping-discount","12":"pa_alkuperamaa-ranska","14":"first","15":"instock","16":"taxable","17":"shipping-taxable","18":"purchasable","19":"product-type-simple","swatches":"rey-swatches","show_selected":""},"acf":[],"_links":{"self":[{"href":"https:\/\/www.delideli.zoner.dev\/fin\/wp-json\/wp\/v2\/product\/141931","targetHints":{"allow":["GET"]}}],"collection":[{"href":"https:\/\/www.delideli.zoner.dev\/fin\/wp-json\/wp\/v2\/product"}],"about":[{"href":"https:\/\/www.delideli.zoner.dev\/fin\/wp-json\/wp\/v2\/types\/product"}],"replies":[{"embeddable":true,"href":"https:\/\/www.delideli.zoner.dev\/fin\/wp-json\/wp\/v2\/comments?post=141931"}],"version-history":[{"count":0,"href":"https:\/\/www.delideli.zoner.dev\/fin\/wp-json\/wp\/v2\/product\/141931\/revisions"}],"wp:featuredmedia":[{"embeddable":true,"href":"https:\/\/www.delideli.zoner.dev\/fin\/wp-json\/wp\/v2\/media\/141932"}],"wp:attachment":[{"href":"https:\/\/www.delideli.zoner.dev\/fin\/wp-json\/wp\/v2\/media?parent=141931"}],"wp:term":[{"taxonomy":"product_brand","embeddable":true,"href":"https:\/\/www.delideli.zoner.dev\/fin\/wp-json\/wp\/v2\/product_brand?post=141931"},{"taxonomy":"product_cat","embeddable":true,"href":"https:\/\/www.delideli.zoner.dev\/fin\/wp-json\/wp\/v2\/product_cat?post=141931"},{"taxonomy":"product_tag","embeddable":true,"href":"https:\/\/www.delideli.zoner.dev\/fin\/wp-json\/wp\/v2\/product_tag?post=141931"}],"curies":[{"name":"wp","href":"https:\/\/api.w.org\/{rel}","templated":true}]}}