{"id":141934,"date":"2026-02-24T09:25:21","date_gmt":"2026-02-24T09:25:21","guid":{"rendered":"https:\/\/www.delideli.zoner.dev\/tuote\/espeletten-chililla-maustettu-tomaattikastike-150g\/"},"modified":"2026-05-04T16:17:34","modified_gmt":"2026-05-04T16:17:34","slug":"espeletten-chililla-maustettu-tomaattikastike-150g","status":"publish","type":"product","link":"https:\/\/www.delideli.zoner.dev\/fin\/tuote\/espeletten-chililla-maustettu-tomaattikastike-150g\/","title":{"rendered":"Espeletten chilill\u00e4 maustettu tomaattikastike 150g"},"content":{"rendered":"<p>Lucien Georgelinin espelettechilill\u00e4 maustettu tomaattikastike tuo Lounais-Ranskan aurinkoisen maiseman lautasellesi. T\u00e4m\u00e4 autenttinen kastike valmistetaan paikallisten tuottajien Marmande-tomaateista, jotka tunnetaan mehevyydest\u00e4\u00e4n ja luonnollisen makeasta maustaan.<\/p>\n<p>Espelettechili antaa kastikkeelle hienovaraisen, miellytt\u00e4v\u00e4n tulisuuden ilman, ett\u00e4 se peitt\u00e4\u00e4 tomaatin raikasta makua alleen. Lucien Georgelin on valmistanuut t\u00e4m\u00e4n kastikkeen ilman v\u00e4riaineita, s\u00e4il\u00f6nt\u00e4aineita tai keinotekoisia aromeja \u2013 puhtaasti hyvist\u00e4 raaka-aineista.<\/p>\n<p>K\u00e4ytt\u00f6ideoita:<br \/>\n\u2013 Pastakastike (spaghetti, penne, rigatoni)<br \/>\n\u2013 Pizzapohjan kastike<br \/>\n\u2013 Liha- ja kasvishaudutuksien pohja<br \/>\n\u2013 Riisin tai couscousin lisuke<\/p>\n<p>S\u00e4ilyt\u00e4 avaamisen j\u00e4lkeen j\u00e4\u00e4kaapissa ja k\u00e4yt\u00e4 noin viikon kuluessa. Tuote on valmistettu Ranskassa Lot-et-Garonnessa.<\/p>\n","protected":false},"excerpt":{"rendered":"<p>Lucien Georgelinin autenttinen Marmande-tomaattikastike h\u00f6ystettyn\u00e4 espelettechilill\u00e4. T\u00e4ydellinen lisuke pastalle, riisille tai pizzapohjalle. Ilman v\u00e4riaineita, s\u00e4il\u00f6nt\u00e4aineita ja keinotekoisia aromeja. 150g.<\/p>\n","protected":false},"featured_media":141935,"comment_status":"open","ping_status":"open","template":"","meta":{"_acf_changed":false},"product_brand":[641],"product_cat":[688,733,755,676,734,748],"product_tag":[],"class_list":{"0":"post-141934","1":"product","2":"type-product","3":"status-publish","4":"has-post-thumbnail","6":"product_brand-lucien-georgelin","7":"product_cat-kastikkeet","8":"product_cat-pasta-italiana","9":"product_cat-pizza-ainekset","10":"product_cat-suolaiset","11":"product_cat-teemat","12":"product_cat-tomaatit-osasto","13":"product_shipping_class-shipping-discount","14":"pa_alkuperamaa-ranska","16":"first","17":"instock","18":"taxable","19":"shipping-taxable","20":"purchasable","21":"product-type-simple","swatches":"rey-swatches","show_selected":""},"acf":[],"_links":{"self":[{"href":"https:\/\/www.delideli.zoner.dev\/fin\/wp-json\/wp\/v2\/product\/141934","targetHints":{"allow":["GET"]}}],"collection":[{"href":"https:\/\/www.delideli.zoner.dev\/fin\/wp-json\/wp\/v2\/product"}],"about":[{"href":"https:\/\/www.delideli.zoner.dev\/fin\/wp-json\/wp\/v2\/types\/product"}],"replies":[{"embeddable":true,"href":"https:\/\/www.delideli.zoner.dev\/fin\/wp-json\/wp\/v2\/comments?post=141934"}],"version-history":[{"count":0,"href":"https:\/\/www.delideli.zoner.dev\/fin\/wp-json\/wp\/v2\/product\/141934\/revisions"}],"wp:featuredmedia":[{"embeddable":true,"href":"https:\/\/www.delideli.zoner.dev\/fin\/wp-json\/wp\/v2\/media\/141935"}],"wp:attachment":[{"href":"https:\/\/www.delideli.zoner.dev\/fin\/wp-json\/wp\/v2\/media?parent=141934"}],"wp:term":[{"taxonomy":"product_brand","embeddable":true,"href":"https:\/\/www.delideli.zoner.dev\/fin\/wp-json\/wp\/v2\/product_brand?post=141934"},{"taxonomy":"product_cat","embeddable":true,"href":"https:\/\/www.delideli.zoner.dev\/fin\/wp-json\/wp\/v2\/product_cat?post=141934"},{"taxonomy":"product_tag","embeddable":true,"href":"https:\/\/www.delideli.zoner.dev\/fin\/wp-json\/wp\/v2\/product_tag?post=141934"}],"curies":[{"name":"wp","href":"https:\/\/api.w.org\/{rel}","templated":true}]}}