{"id":141936,"date":"2026-02-24T14:05:07","date_gmt":"2026-02-24T14:05:07","guid":{"rendered":"https:\/\/www.delideli.zoner.dev\/tuote\/sipulilla-ja-valkosipulilla-maustettu-tomaattikastike-150g\/"},"modified":"2026-05-04T16:17:36","modified_gmt":"2026-05-04T16:17:36","slug":"sipulilla-ja-valkosipulilla-maustettu-tomaattikastike-150g","status":"publish","type":"product","link":"https:\/\/www.delideli.zoner.dev\/fin\/tuote\/sipulilla-ja-valkosipulilla-maustettu-tomaattikastike-150g\/","title":{"rendered":"Sipulilla ja valkosipulilla maustettu tomaattikastike 150g"},"content":{"rendered":"<p>Sipulin ja valkosipulin t\u00e4ytel\u00e4inen makuyhdistelm\u00e4 tekee t\u00e4st\u00e4 Lucien Georgelinin Marmande-tomaattikastikkeesta klassisen, rakastetun arkiruoan. Kastike sis\u00e4lt\u00e4\u00e4 per\u00e4ti 28,4g sipulia per 100g, mik\u00e4 antaa sille syvyytt\u00e4 ja hieman makeaa, karamellimaisempaa makua.<\/p>\n<p>Valkosipuli tuo oman eleganssinsa \u2013 ranskalainen valkosipuli on tunnettua laadusta ja hienovaraisesta maustaan. Yhdess\u00e4 Marmande-tomaatin kanssa syntyy kastike, joka maistuu kotitekoiselta.<\/p>\n<p>Ilman v\u00e4riaineita, s\u00e4il\u00f6nt\u00e4aineita tai keinotekoisia aromeja \u2013 juuri niin kuin kotona.<\/p>\n<p>K\u00e4ytt\u00f6ideoita:<br \/>\n\u2013 Pastakastike (klassinen, nopea arkiruoka)<br \/>\n\u2013 Pizzapohjan kastike<br \/>\n\u2013 Liha- tai kasvishaudutuksen pohja<br \/>\n\u2013 Riisin tai quinoan lisuke<\/p>\n<p>S\u00e4ilyt\u00e4 avaamisen j\u00e4lkeen j\u00e4\u00e4kaapissa ja k\u00e4yt\u00e4 noin viikon kuluessa.<\/p>\n","protected":false},"excerpt":{"rendered":"<p>Klassinen Lucien Georgelinin Marmande-tomaattikastike reippaalla sipulim\u00e4\u00e4r\u00e4ll\u00e4 ja ranskalaisella valkosipulilla. Monipuolinen arkikastike ilman lis\u00e4aineita. Sopii pastaan, riisiin, pizzaan ja haudutuksiin. 150g.<\/p>\n","protected":false},"featured_media":141937,"comment_status":"open","ping_status":"open","template":"","meta":{"_acf_changed":false},"product_brand":[641],"product_cat":[688,733,755,676,734,748],"product_tag":[],"class_list":{"0":"post-141936","1":"product","2":"type-product","3":"status-publish","4":"has-post-thumbnail","6":"product_brand-lucien-georgelin","7":"product_cat-kastikkeet","8":"product_cat-pasta-italiana","9":"product_cat-pizza-ainekset","10":"product_cat-suolaiset","11":"product_cat-teemat","12":"product_cat-tomaatit-osasto","13":"product_shipping_class-shipping-discount","14":"pa_alkuperamaa-ranska","16":"first","17":"instock","18":"taxable","19":"shipping-taxable","20":"purchasable","21":"product-type-simple","swatches":"rey-swatches","show_selected":""},"acf":[],"_links":{"self":[{"href":"https:\/\/www.delideli.zoner.dev\/fin\/wp-json\/wp\/v2\/product\/141936","targetHints":{"allow":["GET"]}}],"collection":[{"href":"https:\/\/www.delideli.zoner.dev\/fin\/wp-json\/wp\/v2\/product"}],"about":[{"href":"https:\/\/www.delideli.zoner.dev\/fin\/wp-json\/wp\/v2\/types\/product"}],"replies":[{"embeddable":true,"href":"https:\/\/www.delideli.zoner.dev\/fin\/wp-json\/wp\/v2\/comments?post=141936"}],"version-history":[{"count":0,"href":"https:\/\/www.delideli.zoner.dev\/fin\/wp-json\/wp\/v2\/product\/141936\/revisions"}],"wp:featuredmedia":[{"embeddable":true,"href":"https:\/\/www.delideli.zoner.dev\/fin\/wp-json\/wp\/v2\/media\/141937"}],"wp:attachment":[{"href":"https:\/\/www.delideli.zoner.dev\/fin\/wp-json\/wp\/v2\/media?parent=141936"}],"wp:term":[{"taxonomy":"product_brand","embeddable":true,"href":"https:\/\/www.delideli.zoner.dev\/fin\/wp-json\/wp\/v2\/product_brand?post=141936"},{"taxonomy":"product_cat","embeddable":true,"href":"https:\/\/www.delideli.zoner.dev\/fin\/wp-json\/wp\/v2\/product_cat?post=141936"},{"taxonomy":"product_tag","embeddable":true,"href":"https:\/\/www.delideli.zoner.dev\/fin\/wp-json\/wp\/v2\/product_tag?post=141936"}],"curies":[{"name":"wp","href":"https:\/\/api.w.org\/{rel}","templated":true}]}}