{"id":141940,"date":"2026-02-24T14:05:09","date_gmt":"2026-02-24T14:05:09","guid":{"rendered":"https:\/\/www.delideli.zoner.dev\/tuote\/salsakastike-mieto-200g\/"},"modified":"2026-05-04T16:17:44","modified_gmt":"2026-05-04T16:17:44","slug":"salsakastike-mieto-200g","status":"publish","type":"product","link":"https:\/\/www.delideli.zoner.dev\/fin\/tuote\/salsakastike-mieto-200g\/","title":{"rendered":"Salsakastike mieto 200g"},"content":{"rendered":"<p>Lucien Georgelin on uudistanut klassisen meksikalaisen salsakastikkeen ranskalaisen terroir-henkens\u00e4 mukaisesti. Miedossa salsakastikkeessa Marmande-tomaattien t\u00e4ytel\u00e4inen maku yhdistyy sipulin, paprikan, korianterin ja kurkuman kanssa \u2013 viimeistelev\u00e4n\u00e4 twistin\u00e4 hienovarainen espelettechili.<\/p>\n<p>Tulos on salsa, joka soveltuu erinomaisesti koko perheen makuun \u2013 ei liian tulinen, mutta mausteinen ja t\u00e4ytel\u00e4inen.<\/p>\n<p>K\u00e4ytt\u00f6ideoita:<br \/>\n\u2013 Dippi tortillachipsien kanssa<br \/>\n\u2013 T\u00e4yte fajitaksille, burrotoille tai tacoille<br \/>\n\u2013 Lisuke grillatulle lihalle tai kalalle<br \/>\n\u2013 Kastike kasviskeittoihin tai quesadillaan<\/p>\n<p>S\u00e4ilyt\u00e4 avaamisen j\u00e4lkeen j\u00e4\u00e4kaapissa ja k\u00e4yt\u00e4 noin viikon kuluessa. Ei v\u00e4riaineita, s\u00e4il\u00f6nt\u00e4aineita tai keinotekoisia aromeja.<\/p>\n","protected":false},"excerpt":{"rendered":"<p>Ranskalainen tulkinta klassisesta tex-mex-salsasta! Lucien Georgelinin mieto salsakastike on valmistettu Marmande-tomaateista ja espelettechilill\u00e4 miedosti h\u00f6ystetty. Sopii tortillachipsien, fajitasin ja burritojen kanssa. 200g.<\/p>\n","protected":false},"featured_media":141941,"comment_status":"open","ping_status":"open","template":"","meta":{"_acf_changed":false},"product_brand":[641],"product_cat":[688,733,755,676,734,748],"product_tag":[],"class_list":{"0":"post-141940","1":"product","2":"type-product","3":"status-publish","4":"has-post-thumbnail","6":"product_brand-lucien-georgelin","7":"product_cat-kastikkeet","8":"product_cat-pasta-italiana","9":"product_cat-pizza-ainekset","10":"product_cat-suolaiset","11":"product_cat-teemat","12":"product_cat-tomaatit-osasto","13":"product_shipping_class-shipping-discount","14":"pa_alkuperamaa-ranska","16":"first","17":"instock","18":"taxable","19":"shipping-taxable","20":"purchasable","21":"product-type-simple","swatches":"rey-swatches","show_selected":""},"acf":[],"_links":{"self":[{"href":"https:\/\/www.delideli.zoner.dev\/fin\/wp-json\/wp\/v2\/product\/141940","targetHints":{"allow":["GET"]}}],"collection":[{"href":"https:\/\/www.delideli.zoner.dev\/fin\/wp-json\/wp\/v2\/product"}],"about":[{"href":"https:\/\/www.delideli.zoner.dev\/fin\/wp-json\/wp\/v2\/types\/product"}],"replies":[{"embeddable":true,"href":"https:\/\/www.delideli.zoner.dev\/fin\/wp-json\/wp\/v2\/comments?post=141940"}],"version-history":[{"count":0,"href":"https:\/\/www.delideli.zoner.dev\/fin\/wp-json\/wp\/v2\/product\/141940\/revisions"}],"wp:featuredmedia":[{"embeddable":true,"href":"https:\/\/www.delideli.zoner.dev\/fin\/wp-json\/wp\/v2\/media\/141941"}],"wp:attachment":[{"href":"https:\/\/www.delideli.zoner.dev\/fin\/wp-json\/wp\/v2\/media?parent=141940"}],"wp:term":[{"taxonomy":"product_brand","embeddable":true,"href":"https:\/\/www.delideli.zoner.dev\/fin\/wp-json\/wp\/v2\/product_brand?post=141940"},{"taxonomy":"product_cat","embeddable":true,"href":"https:\/\/www.delideli.zoner.dev\/fin\/wp-json\/wp\/v2\/product_cat?post=141940"},{"taxonomy":"product_tag","embeddable":true,"href":"https:\/\/www.delideli.zoner.dev\/fin\/wp-json\/wp\/v2\/product_tag?post=141940"}],"curies":[{"name":"wp","href":"https:\/\/api.w.org\/{rel}","templated":true}]}}