{"id":141942,"date":"2026-02-24T14:05:10","date_gmt":"2026-02-24T14:05:10","guid":{"rendered":"https:\/\/www.delideli.zoner.dev\/tuote\/salsakastike-vahva-200g\/"},"modified":"2026-05-04T16:17:46","modified_gmt":"2026-05-04T16:17:46","slug":"salsakastike-vahva-200g","status":"publish","type":"product","link":"https:\/\/www.delideli.zoner.dev\/fin\/tuote\/salsakastike-vahva-200g\/","title":{"rendered":"Salsakastike vahva 200g"},"content":{"rendered":"<p>Lucien Georgelinin vahva salsakastike on tehty rohkeammalle makupalalle. Sama laadukas Marmande-tomaatin perusta kuin miedossa versiossa, mutta espelettechili\u00e4 on lis\u00e4tty reilusti enemm\u00e4n (0,20%), jolloin kastike saa selke\u00e4n, mutta harmonisen tulisuuden.<\/p>\n<p>Espelettechili on Baskimaan suojattu alkuper\u00e4nimitys (AOP\/PDO), ja sen erityinen tulisuus on tasainen ja miellytt\u00e4v\u00e4 \u2013 ei polttava. Yhdistettyn\u00e4 Marmande-tomaatin luonnolliseen makeaan, tulos on salsa, joka nostattaa ruokahalun.<\/p>\n<p>K\u00e4ytt\u00f6ideoita:<br \/>\n\u2013 Dippi tulisen version yst\u00e4ville<br \/>\n\u2013 T\u00e4yte fajitaksille, burritoille tai tacoille<br \/>\n\u2013 Marinade grillatulle lihalle<br \/>\n\u2013 Lisuke nachoihin tai quesadillaan<\/p>\n<p>S\u00e4ilyt\u00e4 avaamisen j\u00e4lkeen j\u00e4\u00e4kaapissa ja k\u00e4yt\u00e4 noin viikon kuluessa.<\/p>\n","protected":false},"excerpt":{"rendered":"<p>Rohkeille mauille! Lucien Georgelinin vahva salsakastike on valmistettu Marmande-tomaateista ja selke\u00e4sti enemm\u00e4n espelettechili\u00e4 \u2013 mausteinen, mutta silti tasapainoinen. Ihanteellinen tortilloille, fajitaksille ja grillatulle lihalle. 200g.<\/p>\n","protected":false},"featured_media":141943,"comment_status":"open","ping_status":"open","template":"","meta":{"_acf_changed":false},"product_brand":[641],"product_cat":[688,733,755,676,734,748],"product_tag":[],"class_list":{"0":"post-141942","1":"product","2":"type-product","3":"status-publish","4":"has-post-thumbnail","6":"product_brand-lucien-georgelin","7":"product_cat-kastikkeet","8":"product_cat-pasta-italiana","9":"product_cat-pizza-ainekset","10":"product_cat-suolaiset","11":"product_cat-teemat","12":"product_cat-tomaatit-osasto","13":"product_shipping_class-shipping-discount","14":"pa_alkuperamaa-ranska","16":"first","17":"instock","18":"taxable","19":"shipping-taxable","20":"purchasable","21":"product-type-simple","swatches":"rey-swatches","show_selected":""},"acf":[],"_links":{"self":[{"href":"https:\/\/www.delideli.zoner.dev\/fin\/wp-json\/wp\/v2\/product\/141942","targetHints":{"allow":["GET"]}}],"collection":[{"href":"https:\/\/www.delideli.zoner.dev\/fin\/wp-json\/wp\/v2\/product"}],"about":[{"href":"https:\/\/www.delideli.zoner.dev\/fin\/wp-json\/wp\/v2\/types\/product"}],"replies":[{"embeddable":true,"href":"https:\/\/www.delideli.zoner.dev\/fin\/wp-json\/wp\/v2\/comments?post=141942"}],"version-history":[{"count":0,"href":"https:\/\/www.delideli.zoner.dev\/fin\/wp-json\/wp\/v2\/product\/141942\/revisions"}],"wp:featuredmedia":[{"embeddable":true,"href":"https:\/\/www.delideli.zoner.dev\/fin\/wp-json\/wp\/v2\/media\/141943"}],"wp:attachment":[{"href":"https:\/\/www.delideli.zoner.dev\/fin\/wp-json\/wp\/v2\/media?parent=141942"}],"wp:term":[{"taxonomy":"product_brand","embeddable":true,"href":"https:\/\/www.delideli.zoner.dev\/fin\/wp-json\/wp\/v2\/product_brand?post=141942"},{"taxonomy":"product_cat","embeddable":true,"href":"https:\/\/www.delideli.zoner.dev\/fin\/wp-json\/wp\/v2\/product_cat?post=141942"},{"taxonomy":"product_tag","embeddable":true,"href":"https:\/\/www.delideli.zoner.dev\/fin\/wp-json\/wp\/v2\/product_tag?post=141942"}],"curies":[{"name":"wp","href":"https:\/\/api.w.org\/{rel}","templated":true}]}}