{"id":141944,"date":"2026-02-24T14:04:56","date_gmt":"2026-02-24T14:04:56","guid":{"rendered":"https:\/\/www.delideli.zoner.dev\/tuote\/bolognaise-pastakastike-300g\/"},"modified":"2026-05-04T16:17:48","modified_gmt":"2026-05-04T16:17:48","slug":"bolognaise-pastakastike-300g","status":"publish","type":"product","link":"https:\/\/www.delideli.zoner.dev\/fin\/tuote\/bolognaise-pastakastike-300g\/","title":{"rendered":"Bolognaise pastakastike 300g"},"content":{"rendered":"<p>Lucien Georgelinin bolognaisekastike on herkullinen yhdistelm\u00e4 Marmande-tomaatteja ja ranskalaista lihaa. Kastike sis\u00e4lt\u00e4\u00e4 runsaat 18,7% lihaa \u2013 sianlihaa (14%) ja naudanlihaa (4,7%), molemmat alkuper\u00e4lt\u00e4\u00e4n Ranskasta \u2013 mik\u00e4 tekee siit\u00e4 t\u00e4ytt\u00e4v\u00e4n ja proteiinipitoisen.<\/p>\n<p>Marmande-tomaatit tuovat kastikkeeseen aurinkoisen, t\u00e4ytel\u00e4isen pohjan. Sipuli, porkkana, valkosipuli, basilika ja timjami t\u00e4ydent\u00e4v\u00e4t makuprofiilin \u2013 aivan kuin pitk\u00e4\u00e4n haudutettu kotitekoinen bolognese.<\/p>\n<p>Valmistettu Lucien Georgelinin perinteen mukaisesti ilman v\u00e4riaineita, s\u00e4il\u00f6nt\u00e4aineita tai keinotekoisia aromeja.<\/p>\n<p>K\u00e4ytt\u00f6ideoita:<br \/>\n\u2013 Klassinen spaghetti bolognese<br \/>\n\u2013 Lasagnen t\u00e4yte<br \/>\n\u2013 Cannellonin t\u00e4yte<br \/>\n\u2013 Uuniperunan t\u00e4yte<\/p>\n<p>S\u00e4ilyt\u00e4 avaamisen j\u00e4lkeen j\u00e4\u00e4kaapissa ja k\u00e4yt\u00e4 noin viikon kuluessa.<\/p>\n","protected":false},"excerpt":{"rendered":"<p>Lucien Georgelinin autenttinen bolognaisekastike Marmande-tomaateista, ranskalaisesta sianlihasta ja naudanlihasta. T\u00e4ynn\u00e4 makua, ilman lis\u00e4aineita. Valmis hetkess\u00e4 \u2013 vain pasta kiehumaan! 300g.<\/p>\n","protected":false},"featured_media":141945,"comment_status":"open","ping_status":"open","template":"","meta":{"_acf_changed":false},"product_brand":[641],"product_cat":[688,733,755,676,734,748],"product_tag":[],"class_list":{"0":"post-141944","1":"product","2":"type-product","3":"status-publish","4":"has-post-thumbnail","6":"product_brand-lucien-georgelin","7":"product_cat-kastikkeet","8":"product_cat-pasta-italiana","9":"product_cat-pizza-ainekset","10":"product_cat-suolaiset","11":"product_cat-teemat","12":"product_cat-tomaatit-osasto","13":"product_shipping_class-shipping-discount","14":"pa_alkuperamaa-ranska","16":"first","17":"instock","18":"taxable","19":"shipping-taxable","20":"purchasable","21":"product-type-simple","swatches":"rey-swatches","show_selected":""},"acf":[],"_links":{"self":[{"href":"https:\/\/www.delideli.zoner.dev\/fin\/wp-json\/wp\/v2\/product\/141944","targetHints":{"allow":["GET"]}}],"collection":[{"href":"https:\/\/www.delideli.zoner.dev\/fin\/wp-json\/wp\/v2\/product"}],"about":[{"href":"https:\/\/www.delideli.zoner.dev\/fin\/wp-json\/wp\/v2\/types\/product"}],"replies":[{"embeddable":true,"href":"https:\/\/www.delideli.zoner.dev\/fin\/wp-json\/wp\/v2\/comments?post=141944"}],"version-history":[{"count":0,"href":"https:\/\/www.delideli.zoner.dev\/fin\/wp-json\/wp\/v2\/product\/141944\/revisions"}],"wp:featuredmedia":[{"embeddable":true,"href":"https:\/\/www.delideli.zoner.dev\/fin\/wp-json\/wp\/v2\/media\/141945"}],"wp:attachment":[{"href":"https:\/\/www.delideli.zoner.dev\/fin\/wp-json\/wp\/v2\/media?parent=141944"}],"wp:term":[{"taxonomy":"product_brand","embeddable":true,"href":"https:\/\/www.delideli.zoner.dev\/fin\/wp-json\/wp\/v2\/product_brand?post=141944"},{"taxonomy":"product_cat","embeddable":true,"href":"https:\/\/www.delideli.zoner.dev\/fin\/wp-json\/wp\/v2\/product_cat?post=141944"},{"taxonomy":"product_tag","embeddable":true,"href":"https:\/\/www.delideli.zoner.dev\/fin\/wp-json\/wp\/v2\/product_tag?post=141944"}],"curies":[{"name":"wp","href":"https:\/\/api.w.org\/{rel}","templated":true}]}}