{"id":141946,"date":"2026-02-24T14:05:11","date_gmt":"2026-02-24T14:05:11","guid":{"rendered":"https:\/\/www.delideli.zoner.dev\/tuote\/laventelihunaja-150g-2\/"},"modified":"2026-05-04T16:17:50","modified_gmt":"2026-05-04T16:17:50","slug":"laventelihunaja-150g-2","status":"publish","type":"product","link":"https:\/\/www.delideli.zoner.dev\/fin\/tuote\/laventelihunaja-150g-2\/","title":{"rendered":"Laventelihunaja 150g"},"content":{"rendered":"<p>Laventeli on Ranskan Provence-alueen ikiaikainen symboli \u2013 sen hento, aromikas tuoksu vie v\u00e4litt\u00f6m\u00e4sti etel\u00e4ranskalaiselle laventelipellolle. Lucien Georgelinin laventelihunaja on ker\u00e4tty 100% Ranskan kotimaisilta mehil\u00e4istarhoilta ja s\u00e4ilytt\u00e4\u00e4 kaiken laventelin herkkyyden.<\/p>\n<p>Laventelihunaja on rakenteeltaan hieman kiinte\u00e4mp\u00e4\u00e4 kuin esimerkiksi akaasiahunaja, v\u00e4rilt\u00e4\u00e4n vaaleaa kellert\u00e4v\u00e4\u00e4 ja maultaan miedosti kukkainen ja aromikas. Sill\u00e4 on luonnollinen rauhoittava ja rentouttava vaikutus, ja se on tunnettu erinomainen vaihtoehto valkoiselle sokerille.<\/p>\n<p>K\u00e4ytt\u00f6ideoita:<br \/>\n\u2013 Teen tai infuusion makeutukseen<br \/>\n\u2013 Jogurtin tai rahkan kanssa<br \/>\n\u2013 Paahtoleiv\u00e4n tai croissantin p\u00e4\u00e4ll\u00e4<br \/>\n\u2013 Juustolautasen t\u00e4ydennyksen\u00e4 (erityisesti vuohen- tai lampaanmaidon juustojen kanssa)<br \/>\n\u2013 Salaattikastikkeisiin tai marinadehin<br \/>\n\u2013 Leivonnaisiin ja j\u00e4lkiruokiin<\/p>\n<p>S\u00e4ilyt\u00e4 huoneenl\u00e4mm\u00f6ss\u00e4. Hunaja kristalloituu luonnollisesti \u2013 t\u00e4m\u00e4 on merkki sen aitoudesta ja k\u00e4sittelem\u00e4tt\u00f6myydest\u00e4. Voit palauttaa sen nestem\u00e4iseksi asettamalla purkin l\u00e4mpim\u00e4\u00e4n vesihauteeseen.<\/p>\n","protected":false},"excerpt":{"rendered":"<p>Lucien Georgelinin 100% ranskalainen laventelihunaja pieness\u00e4 tutustumispurkissa. Pehme\u00e4n makea, kukkainen aromikimppu joka sopii erinomaisesti teen, jogurtin, leiv\u00e4n tai juustojen kanssa. 150g.<\/p>\n","protected":false},"featured_media":141947,"comment_status":"open","ping_status":"open","template":"","meta":{"_acf_changed":false},"product_brand":[641],"product_cat":[711,681],"product_tag":[],"class_list":{"0":"post-141946","1":"product","2":"type-product","3":"status-publish","4":"has-post-thumbnail","6":"product_brand-lucien-georgelin","7":"product_cat-hunajat","8":"product_cat-marjat-hedelmat","9":"product_shipping_class-shipping-discount","10":"pa_alkuperamaa-ranska","12":"first","13":"instock","14":"taxable","15":"shipping-taxable","16":"purchasable","17":"product-type-simple","swatches":"rey-swatches","show_selected":""},"acf":[],"_links":{"self":[{"href":"https:\/\/www.delideli.zoner.dev\/fin\/wp-json\/wp\/v2\/product\/141946","targetHints":{"allow":["GET"]}}],"collection":[{"href":"https:\/\/www.delideli.zoner.dev\/fin\/wp-json\/wp\/v2\/product"}],"about":[{"href":"https:\/\/www.delideli.zoner.dev\/fin\/wp-json\/wp\/v2\/types\/product"}],"replies":[{"embeddable":true,"href":"https:\/\/www.delideli.zoner.dev\/fin\/wp-json\/wp\/v2\/comments?post=141946"}],"version-history":[{"count":0,"href":"https:\/\/www.delideli.zoner.dev\/fin\/wp-json\/wp\/v2\/product\/141946\/revisions"}],"wp:featuredmedia":[{"embeddable":true,"href":"https:\/\/www.delideli.zoner.dev\/fin\/wp-json\/wp\/v2\/media\/141947"}],"wp:attachment":[{"href":"https:\/\/www.delideli.zoner.dev\/fin\/wp-json\/wp\/v2\/media?parent=141946"}],"wp:term":[{"taxonomy":"product_brand","embeddable":true,"href":"https:\/\/www.delideli.zoner.dev\/fin\/wp-json\/wp\/v2\/product_brand?post=141946"},{"taxonomy":"product_cat","embeddable":true,"href":"https:\/\/www.delideli.zoner.dev\/fin\/wp-json\/wp\/v2\/product_cat?post=141946"},{"taxonomy":"product_tag","embeddable":true,"href":"https:\/\/www.delideli.zoner.dev\/fin\/wp-json\/wp\/v2\/product_tag?post=141946"}],"curies":[{"name":"wp","href":"https:\/\/api.w.org\/{rel}","templated":true}]}}