{"id":141948,"date":"2026-02-24T14:05:12","date_gmt":"2026-02-24T14:05:12","guid":{"rendered":"https:\/\/www.delideli.zoner.dev\/tuote\/kanapatee-maustettu-mentonin-sitruunalla-220g\/"},"modified":"2026-05-04T16:17:51","modified_gmt":"2026-05-04T16:17:51","slug":"kanapatee-maustettu-mentonin-sitruunalla-220g","status":"publish","type":"product","link":"https:\/\/www.delideli.zoner.dev\/fin\/tuote\/kanapatee-maustettu-mentonin-sitruunalla-220g\/","title":{"rendered":"Kanapatee maustettu Mentonin sitruunalla 220g"},"content":{"rendered":"<p>Lucien Georgelinin V\u00e4limeri-p\u00e2t\u00e9 vie sinut suoraan Ranskan Rivieralle. T\u00e4m\u00e4 ainutlaatuinen p\u00e2t\u00e9 yhdist\u00e4\u00e4 100% ranskalaisen kananlihamakuun arvokkaan Menton sitruunan, joka on kasvatettu C\u00f4te d&#8217;Azurilla \u2013 Italiaa vasten sijaitsevassa pieness\u00e4 kaupungissa, jonka sitruunat ovat kuuluisia poikkeuksellisesta aromistaan ja miedosta kirpeyden.<\/p>\n<p>Legenda kertoo, ett\u00e4 kun Aadam ja Eeva karkotettiin paratiisista, Eeva otti mukaansa sitruunan. H\u00e4n kiersi maailmaa etsien paikkaa, joka olisi yht\u00e4 kaunis kuin paratiisi \u2013 kunnes he saapuivat Garavaniin, Mentoniin. Eeva hautasi sitruunan maahan, josta kasvoi Mentonin kaupunki.<\/p>\n<p>T\u00e4m\u00e4 kertomus inspiroi Lucien Georgelinin V\u00e4limeri-p\u00e2t\u00e9a. P\u00e2t\u00e9 on valmistettu ilman lis\u00e4aineita kotitekoista tapaa noudattaen \u2013 siksi rasva on n\u00e4kyviss\u00e4 pinnalla, mik\u00e4 on merkki aidosta, puhtaasta tuotteesta.<\/p>\n<p>Nauttimisehdotuksia:<br \/>\n\u2013 Vihannesten kanssa leiv\u00e4n p\u00e4\u00e4ll\u00e4<br \/>\n\u2013 Piknikille tai alkuruoaksi<br \/>\n\u2013 Crackereiden tai paahdetun leiv\u00e4n kanssa<br \/>\n\u2013 Osana aperitiivilautasta<\/p>\n<p>S\u00e4ilyt\u00e4 huoneenl\u00e4mm\u00f6ss\u00e4 ennen avaamista. Avaamisen j\u00e4lkeen j\u00e4\u00e4kaapissa ja k\u00e4yt\u00e4 2 p\u00e4iv\u00e4n kuluessa.<\/p>\n","protected":false},"excerpt":{"rendered":"<p>Lucien Georgelinin v\u00e4limeren henkinen kanaa ja Menton sitruunaa sis\u00e4lt\u00e4v\u00e4 p\u00e2t\u00e9. Valmistettu 100% ranskalaisesta lihasta ilman lis\u00e4aineita. T\u00e4ynn\u00e4 Etel\u00e4-Ranskan makuja. 220g.<\/p>\n","protected":false},"featured_media":141949,"comment_status":"open","ping_status":"open","template":"","meta":{"_acf_changed":false},"product_brand":[641],"product_cat":[729,676],"product_tag":[],"class_list":{"0":"post-141948","1":"product","2":"type-product","3":"status-publish","4":"has-post-thumbnail","6":"product_brand-lucien-georgelin","7":"product_cat-lihatuotteet","8":"product_cat-suolaiset","9":"product_shipping_class-shipping-discount","10":"pa_alkuperamaa-ranska","12":"first","13":"instock","14":"taxable","15":"shipping-taxable","16":"purchasable","17":"product-type-simple","swatches":"rey-swatches","show_selected":""},"acf":[],"_links":{"self":[{"href":"https:\/\/www.delideli.zoner.dev\/fin\/wp-json\/wp\/v2\/product\/141948","targetHints":{"allow":["GET"]}}],"collection":[{"href":"https:\/\/www.delideli.zoner.dev\/fin\/wp-json\/wp\/v2\/product"}],"about":[{"href":"https:\/\/www.delideli.zoner.dev\/fin\/wp-json\/wp\/v2\/types\/product"}],"replies":[{"embeddable":true,"href":"https:\/\/www.delideli.zoner.dev\/fin\/wp-json\/wp\/v2\/comments?post=141948"}],"version-history":[{"count":0,"href":"https:\/\/www.delideli.zoner.dev\/fin\/wp-json\/wp\/v2\/product\/141948\/revisions"}],"wp:featuredmedia":[{"embeddable":true,"href":"https:\/\/www.delideli.zoner.dev\/fin\/wp-json\/wp\/v2\/media\/141949"}],"wp:attachment":[{"href":"https:\/\/www.delideli.zoner.dev\/fin\/wp-json\/wp\/v2\/media?parent=141948"}],"wp:term":[{"taxonomy":"product_brand","embeddable":true,"href":"https:\/\/www.delideli.zoner.dev\/fin\/wp-json\/wp\/v2\/product_brand?post=141948"},{"taxonomy":"product_cat","embeddable":true,"href":"https:\/\/www.delideli.zoner.dev\/fin\/wp-json\/wp\/v2\/product_cat?post=141948"},{"taxonomy":"product_tag","embeddable":true,"href":"https:\/\/www.delideli.zoner.dev\/fin\/wp-json\/wp\/v2\/product_tag?post=141948"}],"curies":[{"name":"wp","href":"https:\/\/api.w.org\/{rel}","templated":true}]}}