{"id":141950,"date":"2026-03-01T12:56:32","date_gmt":"2026-03-01T12:56:32","guid":{"rendered":"https:\/\/www.delideli.zoner.dev\/tuote\/italialaiset-00-luomujauhot-1kg\/"},"modified":"2026-05-04T16:17:53","modified_gmt":"2026-05-04T16:17:53","slug":"italialaiset-00-luomujauhot-1kg","status":"publish","type":"product","link":"https:\/\/www.delideli.zoner.dev\/fin\/tuote\/italialaiset-00-luomujauhot-1kg\/","title":{"rendered":"Italialaiset 00 luomujauhot 1kg"},"content":{"rendered":"<p>Mariangela Prunotto on piemontelainen luomutila Albasta, Langhen kukkuloilta \u2013 alueelta, joka tunnetaan Barolo-viineist\u00e4\u00e4n ja poikkeuksellisesta ruokakulttuuristaan. Tila on harjoittanut luomuviljelm\u00e4\u00e4 vuodesta 1995 EEC-asetuksen 2078\/92 mukaisesti, t\u00e4ysin ilman synteettisi\u00e4 torjunta-aineita tai lannoitteita.<\/p>\n<p>00-jauhot ovat italialaisen keitti\u00f6n kulmakivi. Tyyppi 00 tarkoittaa eritt\u00e4in hienoksi jauhettua pehme\u00e4\u00e4 vehn\u00e4jauhoa, jonka siloinen rakenne tekee siit\u00e4 t\u00e4ydellisen valinnan tuoreelle pastalle, hienojakoiselle pizzataikinoille, pehme\u00e4lle leiv\u00e4lle ja italialaisille leivonnaisille. Luomulaatuinen jauho takaa, ett\u00e4 vehn\u00e4 on kasvatettu ilman keinotekoisia aineita \u2013 tuloksena aidosti hyv\u00e4 maku ja aromi.<\/p>\n<p>K\u00e4ytt\u00f6ehdotuksia:<br \/>\n\u2013 Tuore pasta (tagliatelle, ravioli, lasagne)<br \/>\n\u2013 Napoli-tyylinen pizzataikina<br \/>\n\u2013 Focaccia ja italialainen maalaisleip\u00e4<br \/>\n\u2013 Cr\u00eapit, pastat ja leivonnaiset<br \/>\n\u2013 Kuorrutukset ja leiv\u00e4t, joissa halutaan herkk\u00e4 rakenne<\/p>\n<p>S\u00e4ilyt\u00e4 viile\u00e4ss\u00e4 ja kuivassa paikassa, suojattuna kosteudelta ja l\u00e4mm\u00f6lt\u00e4.<\/p>\n","protected":false},"excerpt":{"rendered":"<p>Mariangela Prunotto -tilalta per\u00e4isin olevat italialaiset luomutason 00-jauhot. Eritt\u00e4in hienoksi jauhettu pehme\u00e4 vehn\u00e4 soveltuu erinomaisesti pastaan, pizzaan, leip\u00e4\u00e4n ja leivonnaisiin. 1 kg.<\/p>\n","protected":false},"featured_media":141951,"comment_status":"open","ping_status":"open","template":"","meta":{"_acf_changed":false},"product_brand":[645],"product_cat":[677,699,733,734],"product_tag":[174],"class_list":{"0":"post-141950","1":"product","2":"type-product","3":"status-publish","4":"has-post-thumbnail","6":"product_brand-mariangela-prunotto","7":"product_cat-ajankohtaisia","8":"product_cat-luomutuotteet","9":"product_cat-pasta-italiana","10":"product_cat-teemat","11":"product_tag-luomu","12":"product_shipping_class-shipping-discount","13":"pa_alkuperamaa-italia","14":"pa_alkuperamaa-ranska","15":"pa_ruokavalio-luomu","17":"first","18":"instock","19":"taxable","20":"shipping-taxable","21":"purchasable","22":"product-type-simple","swatches":"rey-swatches","show_selected":""},"acf":[],"_links":{"self":[{"href":"https:\/\/www.delideli.zoner.dev\/fin\/wp-json\/wp\/v2\/product\/141950","targetHints":{"allow":["GET"]}}],"collection":[{"href":"https:\/\/www.delideli.zoner.dev\/fin\/wp-json\/wp\/v2\/product"}],"about":[{"href":"https:\/\/www.delideli.zoner.dev\/fin\/wp-json\/wp\/v2\/types\/product"}],"replies":[{"embeddable":true,"href":"https:\/\/www.delideli.zoner.dev\/fin\/wp-json\/wp\/v2\/comments?post=141950"}],"version-history":[{"count":0,"href":"https:\/\/www.delideli.zoner.dev\/fin\/wp-json\/wp\/v2\/product\/141950\/revisions"}],"wp:featuredmedia":[{"embeddable":true,"href":"https:\/\/www.delideli.zoner.dev\/fin\/wp-json\/wp\/v2\/media\/141951"}],"wp:attachment":[{"href":"https:\/\/www.delideli.zoner.dev\/fin\/wp-json\/wp\/v2\/media?parent=141950"}],"wp:term":[{"taxonomy":"product_brand","embeddable":true,"href":"https:\/\/www.delideli.zoner.dev\/fin\/wp-json\/wp\/v2\/product_brand?post=141950"},{"taxonomy":"product_cat","embeddable":true,"href":"https:\/\/www.delideli.zoner.dev\/fin\/wp-json\/wp\/v2\/product_cat?post=141950"},{"taxonomy":"product_tag","embeddable":true,"href":"https:\/\/www.delideli.zoner.dev\/fin\/wp-json\/wp\/v2\/product_tag?post=141950"}],"curies":[{"name":"wp","href":"https:\/\/api.w.org\/{rel}","templated":true}]}}