{"id":141954,"date":"2026-03-09T13:39:19","date_gmt":"2026-03-09T13:39:19","guid":{"rendered":"https:\/\/www.delideli.zoner.dev\/tuote\/savustettu-valkosipulimuru-80-g\/"},"modified":"2026-05-04T16:17:57","modified_gmt":"2026-05-04T16:17:57","slug":"savustettu-valkosipulimuru-80-g","status":"publish","type":"product","link":"https:\/\/www.delideli.zoner.dev\/fin\/tuote\/savustettu-valkosipulimuru-80-g\/","title":{"rendered":"Savustettu valkosipulimuru 80 g"},"content":{"rendered":"<p>Finca La Barcan savustettu granultu valkosipuli on gourmet-mauste, joka yhdist\u00e4\u00e4 valkosipulin intensiivisen maun Extremaduran La Vera -alueen perinteiseen savustusmenetelm\u00e4\u00e4n. Sama tammipuusavustustekniikka, jolla valmistetaan kuuluisa La Vera -paprika ja Finca La Barcan savustettu oliivi\u00f6ljy, antaa t\u00e4lle valkosipulille ainutlaatuisen, syv\u00e4n savuisen aromin.<\/p>\n<p>Granultu muoto mahdollistaa helpon annostelun ja tasaisen jakautumisen ruokiin. Sopii erinomaisesti korvaamaan tuoreen tai kuivatun valkosipulin aina kun halutaan lis\u00e4t\u00e4 savuinen ulottuvuus.<\/p>\n<p>K\u00e4ytt\u00f6ehdotuksia:<br \/>\n\u2013 Kastikkeet ja marinadit<br \/>\n\u2013 Grillattu liha, kana ja kala<br \/>\n\u2013 Muhennokset ja keitot<br \/>\n\u2013 Paistokset ja uuniruuat<br \/>\n\u2013 Salaatinkastikkeet ja dippikastikkeet<br \/>\n\u2013 Aioli, hummus ja leiv\u00e4t<\/p>\n<p>S\u00e4ilyt\u00e4 viile\u00e4ss\u00e4, kuivassa paikassa suojattuna valolta ja kosteudelta.<\/p>\n","protected":false},"excerpt":{"rendered":"<p>Finca La Barcan savustettu granultu valkosipuli La Veran perinteisell\u00e4 savustusmenetelm\u00e4ll\u00e4. 100% valkosipulia, savuinen ja intensiivinen aromi. Monik\u00e4ytt\u00f6inen mauste kastikkeisiin, marinadeihin ja muhennoksiin. 80g.<\/p>\n","protected":false},"featured_media":141955,"comment_status":"open","ping_status":"open","template":"","meta":{"_acf_changed":false},"product_brand":[628],"product_cat":[677,682,715,764],"product_tag":[],"class_list":{"0":"post-141954","1":"product","2":"type-product","3":"status-publish","4":"has-post-thumbnail","6":"product_brand-finca-la-barca","7":"product_cat-ajankohtaisia","8":"product_cat-kuivatuotteet","9":"product_cat-mausteet-mausteet","10":"product_cat-paella","11":"product_shipping_class-shipping-discount","12":"pa_alkuperamaa-espanja","14":"first","15":"instock","16":"taxable","17":"shipping-taxable","18":"purchasable","19":"product-type-simple","swatches":"rey-swatches","show_selected":""},"acf":[],"_links":{"self":[{"href":"https:\/\/www.delideli.zoner.dev\/fin\/wp-json\/wp\/v2\/product\/141954","targetHints":{"allow":["GET"]}}],"collection":[{"href":"https:\/\/www.delideli.zoner.dev\/fin\/wp-json\/wp\/v2\/product"}],"about":[{"href":"https:\/\/www.delideli.zoner.dev\/fin\/wp-json\/wp\/v2\/types\/product"}],"replies":[{"embeddable":true,"href":"https:\/\/www.delideli.zoner.dev\/fin\/wp-json\/wp\/v2\/comments?post=141954"}],"version-history":[{"count":0,"href":"https:\/\/www.delideli.zoner.dev\/fin\/wp-json\/wp\/v2\/product\/141954\/revisions"}],"wp:featuredmedia":[{"embeddable":true,"href":"https:\/\/www.delideli.zoner.dev\/fin\/wp-json\/wp\/v2\/media\/141955"}],"wp:attachment":[{"href":"https:\/\/www.delideli.zoner.dev\/fin\/wp-json\/wp\/v2\/media?parent=141954"}],"wp:term":[{"taxonomy":"product_brand","embeddable":true,"href":"https:\/\/www.delideli.zoner.dev\/fin\/wp-json\/wp\/v2\/product_brand?post=141954"},{"taxonomy":"product_cat","embeddable":true,"href":"https:\/\/www.delideli.zoner.dev\/fin\/wp-json\/wp\/v2\/product_cat?post=141954"},{"taxonomy":"product_tag","embeddable":true,"href":"https:\/\/www.delideli.zoner.dev\/fin\/wp-json\/wp\/v2\/product_tag?post=141954"}],"curies":[{"name":"wp","href":"https:\/\/api.w.org\/{rel}","templated":true}]}}