{"id":141956,"date":"2026-03-09T13:42:24","date_gmt":"2026-03-09T13:42:24","guid":{"rendered":"https:\/\/www.delideli.zoner.dev\/tuote\/savustettu-oliivioljy-spraypullo-50-ml\/"},"modified":"2026-05-04T16:17:58","modified_gmt":"2026-05-04T16:17:58","slug":"savustettu-oliivioljy-spraypullo-50-ml","status":"publish","type":"product","link":"https:\/\/www.delideli.zoner.dev\/fin\/tuote\/savustettu-oliivioljy-spraypullo-50-ml\/","title":{"rendered":"Savustettu oliivi\u00f6ljy spraypullo 50 ml"},"content":{"rendered":"<p>Finca La Barca on espanjalainen artesaanituottaja, joka on pioneeri savustetun oliivi\u00f6ljyn valmistuksessa. \u00d6ljy valmistetaan Toledosta Tajo-joen varrelta korjatuista Arbequina-oliiveista ja savustetaan yli 15 p\u00e4iv\u00e4\u00e4 perinteisill\u00e4 Extremaduran La Vera -alueen tammipuusavustusmenetelmill\u00e4 \u2014 samoissa tulisaveissa, joissa savustetaan kuuluisa La Vera -paprika.<\/p>\n<p>Tulos on poikkeuksellisen aromirikas \u00f6ljy, jossa yhdistyv\u00e4t Arbequina-oliivien hedelm\u00e4inen, banaaninen ja ruohoinen aromi sek\u00e4 syv\u00e4, pehme\u00e4 savuisuus. Jokainen pullo on numeroitu ja sinet\u00f6ity vahalla \u2014 vuosittain valmistettava rajoitettu er\u00e4.<\/p>\n<p>50ml spray-pullo mahdollistaa tasaisen, tarkan annostelun ilman yliannostelua. Ihanteellinen viimeistely\u00f6ljyn\u00e4:<br \/>\n\u2013 Grillattu liha ja kala<br \/>\n\u2013 Paistetut kasvikset<br \/>\n\u2013 Keitto ja muhennos<br \/>\n\u2013 Carpaccio, steak tartare ja crudot<br \/>\n\u2013 Pizza ja bruschetta<br \/>\n\u2013 Salaatit ja dressingit<\/p>\n<p>K\u00e4yt\u00e4 kylm\u00e4n\u00e4 \u2014 ei sopiva kuumentamiseen. S\u00e4ilyt\u00e4 viile\u00e4ss\u00e4, kuivassa paikassa suojattuna valolta.<\/p>\n","protected":false},"excerpt":{"rendered":"<p>Finca La Barcan ainutlaatuinen savustettu ekstra-neitsytoliivi\u00f6ljy Arbequina-oliiveista, savustettu yli 15 p\u00e4iv\u00e4\u00e4 perinteisell\u00e4 La Veran tammipuumenetelm\u00e4ll\u00e4. K\u00e4tev\u00e4 spray-pullo 50ml. Espanja.<\/p>\n","protected":false},"featured_media":141957,"comment_status":"open","ping_status":"open","template":"","meta":{"_acf_changed":false},"product_brand":[628],"product_cat":[677,689,678,764],"product_tag":[],"class_list":{"0":"post-141956","1":"product","2":"type-product","3":"status-publish","4":"has-post-thumbnail","6":"product_brand-finca-la-barca","7":"product_cat-ajankohtaisia","8":"product_cat-maustetut-oljyt","9":"product_cat-oljyt-etikat","10":"product_cat-paella","11":"product_shipping_class-shipping-discount","12":"pa_alkuperamaa-espanja","14":"first","15":"instock","16":"taxable","17":"shipping-taxable","18":"purchasable","19":"product-type-simple","swatches":"rey-swatches","show_selected":""},"acf":[],"_links":{"self":[{"href":"https:\/\/www.delideli.zoner.dev\/fin\/wp-json\/wp\/v2\/product\/141956","targetHints":{"allow":["GET"]}}],"collection":[{"href":"https:\/\/www.delideli.zoner.dev\/fin\/wp-json\/wp\/v2\/product"}],"about":[{"href":"https:\/\/www.delideli.zoner.dev\/fin\/wp-json\/wp\/v2\/types\/product"}],"replies":[{"embeddable":true,"href":"https:\/\/www.delideli.zoner.dev\/fin\/wp-json\/wp\/v2\/comments?post=141956"}],"version-history":[{"count":0,"href":"https:\/\/www.delideli.zoner.dev\/fin\/wp-json\/wp\/v2\/product\/141956\/revisions"}],"wp:featuredmedia":[{"embeddable":true,"href":"https:\/\/www.delideli.zoner.dev\/fin\/wp-json\/wp\/v2\/media\/141957"}],"wp:attachment":[{"href":"https:\/\/www.delideli.zoner.dev\/fin\/wp-json\/wp\/v2\/media?parent=141956"}],"wp:term":[{"taxonomy":"product_brand","embeddable":true,"href":"https:\/\/www.delideli.zoner.dev\/fin\/wp-json\/wp\/v2\/product_brand?post=141956"},{"taxonomy":"product_cat","embeddable":true,"href":"https:\/\/www.delideli.zoner.dev\/fin\/wp-json\/wp\/v2\/product_cat?post=141956"},{"taxonomy":"product_tag","embeddable":true,"href":"https:\/\/www.delideli.zoner.dev\/fin\/wp-json\/wp\/v2\/product_tag?post=141956"}],"curies":[{"name":"wp","href":"https:\/\/api.w.org\/{rel}","templated":true}]}}