{"id":141958,"date":"2026-03-10T15:20:19","date_gmt":"2026-03-10T15:20:19","guid":{"rendered":"https:\/\/www.delideli.zoner.dev\/tuote\/suklaiset-pahkinaevitteet-minipurkkipakkaus-6-x-47g\/"},"modified":"2026-05-04T16:17:59","modified_gmt":"2026-05-04T16:17:59","slug":"suklaiset-pahkinaevitteet-minipurkkipakkaus-6-x-47g","status":"publish","type":"product","link":"https:\/\/www.delideli.zoner.dev\/fin\/tuote\/suklaiset-pahkinaevitteet-minipurkkipakkaus-6-x-47g\/","title":{"rendered":"Suklaiset p\u00e4hkin\u00e4evitteet minipurkkipakkaus 6 x 47g"},"content":{"rendered":"<p>Lucien Georgelinin maistiaissetti: 6 erilaista k\u00e4sity\u00f6l\u00e4islevitett\u00e4 45g minipurkeissa. L\u00f6yd\u00e4 suosikkisi: 16% hasselp\u00e4hkin\u00e4, 40% hasselp\u00e4hkin\u00e4, valkosuklaa-hasselp\u00e4hkin\u00e4, sokeriton, pistaasi-valkosuklaa ja manteli-valkosuklaa. Kaikki ilman palmu\u00f6ljy\u00e4, valmistettu Ranskassa.<\/p>\n","protected":false},"excerpt":{"rendered":"<p>Lucien Georgelin Hasseln\u00f6tskr\u00e4m Sortiment 6x45g<\/p>\n","protected":false},"featured_media":141959,"comment_status":"open","ping_status":"open","template":"","meta":{"_acf_changed":false},"product_brand":[641],"product_cat":[677,702,680,726],"product_tag":[],"class_list":{"0":"post-141958","1":"product","2":"type-product","3":"status-publish","4":"has-post-thumbnail","6":"product_brand-lucien-georgelin","7":"product_cat-ajankohtaisia","8":"product_cat-jalkiruuat","9":"product_cat-makeat","10":"product_cat-uudet-tuotteet","11":"product_shipping_class-shipping-discount","12":"pa_alkuperamaa-ranska","14":"first","15":"instock","16":"taxable","17":"shipping-taxable","18":"purchasable","19":"product-type-simple","swatches":"rey-swatches","show_selected":""},"acf":[],"_links":{"self":[{"href":"https:\/\/www.delideli.zoner.dev\/fin\/wp-json\/wp\/v2\/product\/141958","targetHints":{"allow":["GET"]}}],"collection":[{"href":"https:\/\/www.delideli.zoner.dev\/fin\/wp-json\/wp\/v2\/product"}],"about":[{"href":"https:\/\/www.delideli.zoner.dev\/fin\/wp-json\/wp\/v2\/types\/product"}],"replies":[{"embeddable":true,"href":"https:\/\/www.delideli.zoner.dev\/fin\/wp-json\/wp\/v2\/comments?post=141958"}],"version-history":[{"count":0,"href":"https:\/\/www.delideli.zoner.dev\/fin\/wp-json\/wp\/v2\/product\/141958\/revisions"}],"wp:featuredmedia":[{"embeddable":true,"href":"https:\/\/www.delideli.zoner.dev\/fin\/wp-json\/wp\/v2\/media\/141959"}],"wp:attachment":[{"href":"https:\/\/www.delideli.zoner.dev\/fin\/wp-json\/wp\/v2\/media?parent=141958"}],"wp:term":[{"taxonomy":"product_brand","embeddable":true,"href":"https:\/\/www.delideli.zoner.dev\/fin\/wp-json\/wp\/v2\/product_brand?post=141958"},{"taxonomy":"product_cat","embeddable":true,"href":"https:\/\/www.delideli.zoner.dev\/fin\/wp-json\/wp\/v2\/product_cat?post=141958"},{"taxonomy":"product_tag","embeddable":true,"href":"https:\/\/www.delideli.zoner.dev\/fin\/wp-json\/wp\/v2\/product_tag?post=141958"}],"curies":[{"name":"wp","href":"https:\/\/api.w.org\/{rel}","templated":true}]}}