{"id":141966,"date":"2026-03-20T15:09:18","date_gmt":"2026-03-20T15:09:18","guid":{"rendered":"https:\/\/www.delideli.zoner.dev\/tuote\/favorita-pesto-alla-genovese-130g\/"},"modified":"2026-05-04T16:18:04","modified_gmt":"2026-05-04T16:18:04","slug":"favorita-pesto-alla-genovese-130g","status":"publish","type":"product","link":"https:\/\/www.delideli.zoner.dev\/fin\/tuote\/favorita-pesto-alla-genovese-130g\/","title":{"rendered":"La Favorita Pesto alla Genovese 130g"},"content":{"rendered":"<p>Favorita Pesto alla Genovese on aito italialainen basilikkapesto, joka valmistetaan perinteisen reseptin mukaan k\u00e4ytt\u00e4en Basilico Genovese DOP -basilikaa Ligurian alueelta. T\u00e4m\u00e4 aromaattinen pesto yhdist\u00e4\u00e4 tuoreen basilikan, laadukkaan oliivi\u00f6ljyn, cashewp\u00e4hkin\u00e4t ja pinjap\u00e4hkin\u00e4t ainutlaatuiseksi makuel\u00e4mykseksi.<\/p>\n<p>La Favorita on yli 40 vuotta toiminut perheyritys Piemonten Borgo San Dalmazzosta. Yritys valmistaa gourmet-erikoisuuksia k\u00e4ytt\u00e4en vain parhaita luonnonmukaisia raaka-aineita ilman keinotekoisia v\u00e4riaineita tai s\u00e4il\u00f6nt\u00e4aineita. Pesto valmistetaan perinteisin menetelmin k\u00e4ytt\u00e4en DOP-sertifioitua genovalaista basilikaa, jota kasvatetaan Genovan ymp\u00e4rist\u00f6n tiloilla 100% luonnonmukaisin viljelymenetelmin.<\/p>\n<p>K\u00e4ytt\u00f6: T\u00e4ydellinen juuri keitettyjen pastaruokien kanssa &#8211; sekoita pesto kuumaan pastaan v\u00e4litt\u00f6m\u00e4sti. Sopii my\u00f6s pizzan, bruschetan, voileipien ja antipastojen maustamiseen. Voit k\u00e4ytt\u00e4\u00e4 sit\u00e4 my\u00f6s keittojen rikastamiseen tai dippauskastikkeena tuoreen leip\u00e4\u00e4n. S\u00e4ilyt\u00e4 viile\u00e4ss\u00e4 avaamisen j\u00e4lkeen.<\/p>\n","protected":false},"excerpt":{"rendered":"<p>Perinteinen italialainen basilikkapesto Genovalaista DOP-basilikaa k\u00e4ytt\u00e4en. T\u00e4ydellinen pastan, pizzan tai bruschetan kanssa.<\/p>\n","protected":false},"featured_media":141968,"comment_status":"closed","ping_status":"open","template":"","meta":{"_acf_changed":false},"product_brand":[673],"product_cat":[677,688,676,726],"product_tag":[],"class_list":{"0":"post-141966","1":"product","2":"type-product","3":"status-publish","4":"has-post-thumbnail","6":"product_brand-la-favorita","7":"product_cat-ajankohtaisia","8":"product_cat-kastikkeet","9":"product_cat-suolaiset","10":"product_cat-uudet-tuotteet","11":"pa_alkuperamaa-italia","13":"first","14":"instock","15":"featured","16":"taxable","17":"shipping-taxable","18":"purchasable","19":"product-type-simple","swatches":"rey-swatches","show_selected":""},"acf":[],"_links":{"self":[{"href":"https:\/\/www.delideli.zoner.dev\/fin\/wp-json\/wp\/v2\/product\/141966","targetHints":{"allow":["GET"]}}],"collection":[{"href":"https:\/\/www.delideli.zoner.dev\/fin\/wp-json\/wp\/v2\/product"}],"about":[{"href":"https:\/\/www.delideli.zoner.dev\/fin\/wp-json\/wp\/v2\/types\/product"}],"replies":[{"embeddable":true,"href":"https:\/\/www.delideli.zoner.dev\/fin\/wp-json\/wp\/v2\/comments?post=141966"}],"version-history":[{"count":0,"href":"https:\/\/www.delideli.zoner.dev\/fin\/wp-json\/wp\/v2\/product\/141966\/revisions"}],"wp:featuredmedia":[{"embeddable":true,"href":"https:\/\/www.delideli.zoner.dev\/fin\/wp-json\/wp\/v2\/media\/141968"}],"wp:attachment":[{"href":"https:\/\/www.delideli.zoner.dev\/fin\/wp-json\/wp\/v2\/media?parent=141966"}],"wp:term":[{"taxonomy":"product_brand","embeddable":true,"href":"https:\/\/www.delideli.zoner.dev\/fin\/wp-json\/wp\/v2\/product_brand?post=141966"},{"taxonomy":"product_cat","embeddable":true,"href":"https:\/\/www.delideli.zoner.dev\/fin\/wp-json\/wp\/v2\/product_cat?post=141966"},{"taxonomy":"product_tag","embeddable":true,"href":"https:\/\/www.delideli.zoner.dev\/fin\/wp-json\/wp\/v2\/product_tag?post=141966"}],"curies":[{"name":"wp","href":"https:\/\/api.w.org\/{rel}","templated":true}]}}