{"id":141969,"date":"2026-03-20T15:44:37","date_gmt":"2026-03-20T15:44:37","guid":{"rendered":"https:\/\/www.delideli.zoner.dev\/tuote\/favorita-valkosipulinen-artisokkalevite-130g\/"},"modified":"2026-05-04T16:18:06","modified_gmt":"2026-05-04T16:18:06","slug":"favorita-valkosipulinen-artisokkalevite-130g","status":"publish","type":"product","link":"https:\/\/www.delideli.zoner.dev\/fin\/tuote\/favorita-valkosipulinen-artisokkalevite-130g\/","title":{"rendered":"La Favorita Valkosipulinen artisokkalevite 130g"},"content":{"rendered":"<p>Favorita valkosipulinen artisokkalevite on voittanut New York Fancy Food Show -kultamitalin vuonna 2000. T\u00e4m\u00e4 palkittu erikoisuus valmistetaan yksinkertaisesti parhaista artisokista, valkosipulista ja oliivi\u00f6ljyst\u00e4 &#8211; ei s\u00e4il\u00f6nt\u00e4aineita tai keinotekoisia lis\u00e4aineita.<\/p>\n<p>Sile\u00e4 ja kermainen rakenne tekee t\u00e4st\u00e4 levitteest\u00e4 monipuolisen t\u00e4ydennyksen useisiin ruokalajeihin. La Favorita k\u00e4ytt\u00e4\u00e4 vain huolellisesti valikoituja raaka-aineita, jotka hankitaan paikallisesti Ligurian ja Piemonten alueilta.<\/p>\n<p>K\u00e4ytt\u00f6: Mainio levitteen\u00e4 crostinien ja bruschettojen p\u00e4\u00e4ll\u00e4 alkupalaksi. Sopii pastaruokiin, riisottoon tai perunaruokiin. Kokeile my\u00f6s grillatun kalan tai broilerin kylki\u00e4isen\u00e4. Voit k\u00e4ytt\u00e4\u00e4 sit\u00e4 t\u00e4ytteen\u00e4 wrapeissa tai voileiviss\u00e4. Sekoita salaattikastikkeeseen tai k\u00e4yt\u00e4 dippauskastikkeena tuoreiden vihannesten kanssa. S\u00e4ilyt\u00e4 viile\u00e4ss\u00e4 avaamisen j\u00e4lkeen.<\/p>\n","protected":false},"excerpt":{"rendered":"<p>Herkullinen artisokkalevite valkosipulilla ja oliivi\u00f6ljyll\u00e4. New York Fancy Food Show 2000 Gold Award -palkittu erikoisuus.<\/p>\n","protected":false},"featured_media":141971,"comment_status":"closed","ping_status":"open","template":"","meta":{"_acf_changed":false},"product_brand":[673],"product_cat":[677,688,718,676,726],"product_tag":[],"class_list":{"0":"post-141969","1":"product","2":"type-product","3":"status-publish","4":"has-post-thumbnail","6":"product_brand-la-favorita","7":"product_cat-ajankohtaisia","8":"product_cat-kastikkeet","9":"product_cat-levitteet","10":"product_cat-suolaiset","11":"product_cat-uudet-tuotteet","12":"pa_alkuperamaa-italia","14":"first","15":"instock","16":"taxable","17":"shipping-taxable","18":"purchasable","19":"product-type-simple","swatches":"rey-swatches","show_selected":""},"acf":[],"_links":{"self":[{"href":"https:\/\/www.delideli.zoner.dev\/fin\/wp-json\/wp\/v2\/product\/141969","targetHints":{"allow":["GET"]}}],"collection":[{"href":"https:\/\/www.delideli.zoner.dev\/fin\/wp-json\/wp\/v2\/product"}],"about":[{"href":"https:\/\/www.delideli.zoner.dev\/fin\/wp-json\/wp\/v2\/types\/product"}],"replies":[{"embeddable":true,"href":"https:\/\/www.delideli.zoner.dev\/fin\/wp-json\/wp\/v2\/comments?post=141969"}],"version-history":[{"count":0,"href":"https:\/\/www.delideli.zoner.dev\/fin\/wp-json\/wp\/v2\/product\/141969\/revisions"}],"wp:featuredmedia":[{"embeddable":true,"href":"https:\/\/www.delideli.zoner.dev\/fin\/wp-json\/wp\/v2\/media\/141971"}],"wp:attachment":[{"href":"https:\/\/www.delideli.zoner.dev\/fin\/wp-json\/wp\/v2\/media?parent=141969"}],"wp:term":[{"taxonomy":"product_brand","embeddable":true,"href":"https:\/\/www.delideli.zoner.dev\/fin\/wp-json\/wp\/v2\/product_brand?post=141969"},{"taxonomy":"product_cat","embeddable":true,"href":"https:\/\/www.delideli.zoner.dev\/fin\/wp-json\/wp\/v2\/product_cat?post=141969"},{"taxonomy":"product_tag","embeddable":true,"href":"https:\/\/www.delideli.zoner.dev\/fin\/wp-json\/wp\/v2\/product_tag?post=141969"}],"curies":[{"name":"wp","href":"https:\/\/api.w.org\/{rel}","templated":true}]}}