{"id":141972,"date":"2026-03-20T15:44:38","date_gmt":"2026-03-20T15:44:38","guid":{"rendered":"https:\/\/www.delideli.zoner.dev\/tuote\/favorita-tryffelilla-maustettu-artisokkalevite-130g\/"},"modified":"2026-05-04T16:18:07","modified_gmt":"2026-05-04T16:18:07","slug":"favorita-tryffelilla-maustettu-artisokkalevite-130g","status":"publish","type":"product","link":"https:\/\/www.delideli.zoner.dev\/fin\/tuote\/favorita-tryffelilla-maustettu-artisokkalevite-130g\/","title":{"rendered":"La Favorita Tryffelill\u00e4 maustettu artisokkalevite 130g"},"content":{"rendered":"<p>Favorita tryffelill\u00e4 maustettu artisokkalevite on ylellinen erikoisuus, joka yhdist\u00e4\u00e4 pehme\u00e4t artikokat aromaattiseen tryffeliin. T\u00e4m\u00e4 hienostunut levite tuo jokaiseen ruokalajiin ripauksen italialaista ylellisyytt\u00e4 ja gourmet-makua.<\/p>\n<p>Huolellisesti valitut artikokat yhdistet\u00e4\u00e4n aitoon tryffeliin ja laadukkaisiin oliivi\u00f6ljyyn luoden sile\u00e4n, kermaisen levitteen, joka on t\u00e4ynn\u00e4 syv\u00e4\u00e4, maanl\u00e4heist\u00e4 makua. La Favorita valmistaa kaikki tuotteensa perinteisin menetelmin ilman keinotekoisia lis\u00e4aineita.<\/p>\n<p>K\u00e4ytt\u00f6: Hienostunut levite crostinien tai bruschettojen p\u00e4\u00e4ll\u00e4 cocktailtilaisuuksiin. Sopii erinomaisesti pastaruokiin lis\u00e4\u00e4m\u00e4\u00e4n syvyytt\u00e4 ja ylellisyytt\u00e4. Kokeile risottossa, tai sekoita pehmeiden juustojen joukkoon upeaan juustotarjottimeen. Mainio my\u00f6s grillatun lihan tai linnun kylki\u00e4isen\u00e4. S\u00e4ilyt\u00e4 viile\u00e4ss\u00e4 avaamisen j\u00e4lkeen.<\/p>\n","protected":false},"excerpt":{"rendered":"<p>Ylellinen artisokkalevite aidolla tryffelill\u00e4. Hienostunut makuel\u00e4mys gourmet-herkkuihin.<\/p>\n","protected":false},"featured_media":141974,"comment_status":"closed","ping_status":"open","template":"","meta":{"_acf_changed":false},"product_brand":[673],"product_cat":[677,718,676,714,726],"product_tag":[],"class_list":{"0":"post-141972","1":"product","2":"type-product","3":"status-publish","4":"has-post-thumbnail","6":"product_brand-la-favorita","7":"product_cat-ajankohtaisia","8":"product_cat-levitteet","9":"product_cat-suolaiset","10":"product_cat-tryffeli","11":"product_cat-uudet-tuotteet","12":"pa_alkuperamaa-italia","14":"first","15":"instock","16":"taxable","17":"shipping-taxable","18":"purchasable","19":"product-type-simple","swatches":"rey-swatches","show_selected":""},"acf":[],"_links":{"self":[{"href":"https:\/\/www.delideli.zoner.dev\/fin\/wp-json\/wp\/v2\/product\/141972","targetHints":{"allow":["GET"]}}],"collection":[{"href":"https:\/\/www.delideli.zoner.dev\/fin\/wp-json\/wp\/v2\/product"}],"about":[{"href":"https:\/\/www.delideli.zoner.dev\/fin\/wp-json\/wp\/v2\/types\/product"}],"replies":[{"embeddable":true,"href":"https:\/\/www.delideli.zoner.dev\/fin\/wp-json\/wp\/v2\/comments?post=141972"}],"version-history":[{"count":0,"href":"https:\/\/www.delideli.zoner.dev\/fin\/wp-json\/wp\/v2\/product\/141972\/revisions"}],"wp:featuredmedia":[{"embeddable":true,"href":"https:\/\/www.delideli.zoner.dev\/fin\/wp-json\/wp\/v2\/media\/141974"}],"wp:attachment":[{"href":"https:\/\/www.delideli.zoner.dev\/fin\/wp-json\/wp\/v2\/media?parent=141972"}],"wp:term":[{"taxonomy":"product_brand","embeddable":true,"href":"https:\/\/www.delideli.zoner.dev\/fin\/wp-json\/wp\/v2\/product_brand?post=141972"},{"taxonomy":"product_cat","embeddable":true,"href":"https:\/\/www.delideli.zoner.dev\/fin\/wp-json\/wp\/v2\/product_cat?post=141972"},{"taxonomy":"product_tag","embeddable":true,"href":"https:\/\/www.delideli.zoner.dev\/fin\/wp-json\/wp\/v2\/product_tag?post=141972"}],"curies":[{"name":"wp","href":"https:\/\/api.w.org\/{rel}","templated":true}]}}