{"id":141978,"date":"2026-03-20T15:44:40","date_gmt":"2026-03-20T15:44:40","guid":{"rendered":"https:\/\/www.delideli.zoner.dev\/tuote\/favorita-tryffelipesto-130g\/"},"modified":"2026-05-04T16:18:10","modified_gmt":"2026-05-04T16:18:10","slug":"favorita-tryffelipesto-130g","status":"publish","type":"product","link":"https:\/\/www.delideli.zoner.dev\/fin\/tuote\/favorita-tryffelipesto-130g\/","title":{"rendered":"La Favorita Tryffelipesto 130g"},"content":{"rendered":"<p>Favorita Tryffelipesto yhdist\u00e4\u00e4 klassisen Ligurialaisen peston aromaattiseen valkoiseen tryffeliin luoden ylellisen makuel\u00e4myksen. T\u00e4m\u00e4 hienostunut pesto sis\u00e4lt\u00e4\u00e4 Genovalaista DOP-basilikaa (22%) ja valkoista tryffeli\u00e4 (2%), jotka yhdistyv\u00e4t oliivi\u00f6ljyyn, cashewp\u00e4hkin\u00f6ihin ja pinjap\u00e4hkin\u00f6ihin.<\/p>\n<p>Tryffelin syv\u00e4, maanl\u00e4heinen aromi t\u00e4ydent\u00e4\u00e4 t\u00e4ydellisesti tuoreen basilikan kirkkautta luoden tasapainoisen ja hienostuneen maun. La Favorita valmistaa t\u00e4m\u00e4n peston perinteisin menetelmin, ja jokainen purkki sis\u00e4lt\u00e4\u00e4 Piemonten ja Ligurian alueiden autenttiset maut.<\/p>\n<p>K\u00e4ytt\u00f6: T\u00e4ydellinen pastan, pizzan tai gnocchien kanssa. Suosittelemme, ett\u00e4 et lis\u00e4\u00e4 juustoa, jotta tryffelin intensiivinen aromi ja maku p\u00e4\u00e4sev\u00e4t t\u00e4ysin esille. Sopii my\u00f6s risottoon, bruschettan p\u00e4\u00e4ll\u00e4 tai dippauskastikkeena tuoreen leip\u00e4\u00e4n. Mainio my\u00f6s sekoitettuna pehmeiden juustojen joukkoon. S\u00e4ilyt\u00e4 viile\u00e4ss\u00e4 avaamisen j\u00e4lkeen.<\/p>\n","protected":false},"excerpt":{"rendered":"<p>Klassinen Ligurialainen basilikkapesto yhdistettyn\u00e4 aitoon valkoiseen tryffeliin. Ylellinen makuel\u00e4mys.<\/p>\n","protected":false},"featured_media":141980,"comment_status":"closed","ping_status":"open","template":"","meta":{"_acf_changed":false},"product_brand":[673],"product_cat":[677,688,676,714,726],"product_tag":[],"class_list":{"0":"post-141978","1":"product","2":"type-product","3":"status-publish","4":"has-post-thumbnail","6":"product_brand-la-favorita","7":"product_cat-ajankohtaisia","8":"product_cat-kastikkeet","9":"product_cat-suolaiset","10":"product_cat-tryffeli","11":"product_cat-uudet-tuotteet","12":"pa_alkuperamaa-italia","14":"first","15":"instock","16":"taxable","17":"shipping-taxable","18":"purchasable","19":"product-type-simple","swatches":"rey-swatches","show_selected":""},"acf":[],"_links":{"self":[{"href":"https:\/\/www.delideli.zoner.dev\/fin\/wp-json\/wp\/v2\/product\/141978","targetHints":{"allow":["GET"]}}],"collection":[{"href":"https:\/\/www.delideli.zoner.dev\/fin\/wp-json\/wp\/v2\/product"}],"about":[{"href":"https:\/\/www.delideli.zoner.dev\/fin\/wp-json\/wp\/v2\/types\/product"}],"replies":[{"embeddable":true,"href":"https:\/\/www.delideli.zoner.dev\/fin\/wp-json\/wp\/v2\/comments?post=141978"}],"version-history":[{"count":0,"href":"https:\/\/www.delideli.zoner.dev\/fin\/wp-json\/wp\/v2\/product\/141978\/revisions"}],"wp:featuredmedia":[{"embeddable":true,"href":"https:\/\/www.delideli.zoner.dev\/fin\/wp-json\/wp\/v2\/media\/141980"}],"wp:attachment":[{"href":"https:\/\/www.delideli.zoner.dev\/fin\/wp-json\/wp\/v2\/media?parent=141978"}],"wp:term":[{"taxonomy":"product_brand","embeddable":true,"href":"https:\/\/www.delideli.zoner.dev\/fin\/wp-json\/wp\/v2\/product_brand?post=141978"},{"taxonomy":"product_cat","embeddable":true,"href":"https:\/\/www.delideli.zoner.dev\/fin\/wp-json\/wp\/v2\/product_cat?post=141978"},{"taxonomy":"product_tag","embeddable":true,"href":"https:\/\/www.delideli.zoner.dev\/fin\/wp-json\/wp\/v2\/product_tag?post=141978"}],"curies":[{"name":"wp","href":"https:\/\/api.w.org\/{rel}","templated":true}]}}