{"id":141981,"date":"2026-03-20T15:44:41","date_gmt":"2026-03-20T15:44:41","guid":{"rendered":"https:\/\/www.delideli.zoner.dev\/tuote\/favorita-aurinkokuivattu-tomaatti-levite-130g\/"},"modified":"2026-05-04T16:18:11","modified_gmt":"2026-05-04T16:18:11","slug":"favorita-aurinkokuivattu-tomaatti-levite-130g","status":"publish","type":"product","link":"https:\/\/www.delideli.zoner.dev\/fin\/tuote\/favorita-aurinkokuivattu-tomaatti-levite-130g\/","title":{"rendered":"La Favorita Aurinkokuivattu tomaatti levite 130g"},"content":{"rendered":"<p>Favorita aurinkokuivattu tomaattilevite on valmistettu intensiivisen makuisista aurinkokuivatuista tomaateista, jotka yhdistet\u00e4\u00e4n tuoreeseen basilikaan, cashewp\u00e4hkin\u00f6ihin, pinjap\u00e4hkin\u00f6ihin ja oliivi\u00f6ljyyn. Aurinkokuivaus keskitt\u00e4\u00e4 tomaattien luonnollisen makean ja umamin, luoden syv\u00e4n ja t\u00e4ytel\u00e4isen maun.<\/p>\n<p>La Favorita k\u00e4ytt\u00e4\u00e4 huolellisesti valikoituja tomaatteja ja valmistaa levitteen perinteisin menetelmin s\u00e4ilytt\u00e4en raaka-aineiden autenttiset maut. Ei keinotekoisia v\u00e4riaineita tai s\u00e4il\u00f6nt\u00e4aineita &#8211; vain puhtaat, luonnonmukaiset ainekset Ligurian ja Piemonten alueilta.<\/p>\n<p>K\u00e4ytt\u00f6: Erinomainen pastan, risoton tai gnocchien kanssa. Levit\u00e4 crostinien tai bruschettan p\u00e4\u00e4ll\u00e4 alkupalaksi. K\u00e4yt\u00e4 pizza- tai focaccia-pohjana. Sekoita salaattikastikkeisiin tai k\u00e4yt\u00e4 dippauskastikkeena. Mainio my\u00f6s voileiviss\u00e4, wrapeissa tai panineissa. Sopii t\u00e4ydellisesti grillatun lihan, kanan tai kalan kylki\u00e4iseksi. S\u00e4ilyt\u00e4 viile\u00e4ss\u00e4 avaamisen j\u00e4lkeen.<\/p>\n","protected":false},"excerpt":{"rendered":"<p>Intensiivinen aurinkokuivattu tomaattilevite basilikalla ja p\u00e4hkin\u00f6ill\u00e4. Italialainen makuherkk\u00e4.<\/p>\n","protected":false},"featured_media":141983,"comment_status":"closed","ping_status":"open","template":"","meta":{"_acf_changed":false},"product_brand":[673],"product_cat":[677,718,676,726],"product_tag":[],"class_list":{"0":"post-141981","1":"product","2":"type-product","3":"status-publish","4":"has-post-thumbnail","6":"product_brand-la-favorita","7":"product_cat-ajankohtaisia","8":"product_cat-levitteet","9":"product_cat-suolaiset","10":"product_cat-uudet-tuotteet","11":"pa_alkuperamaa-italia","13":"first","14":"instock","15":"taxable","16":"shipping-taxable","17":"purchasable","18":"product-type-simple","swatches":"rey-swatches","show_selected":""},"acf":[],"_links":{"self":[{"href":"https:\/\/www.delideli.zoner.dev\/fin\/wp-json\/wp\/v2\/product\/141981","targetHints":{"allow":["GET"]}}],"collection":[{"href":"https:\/\/www.delideli.zoner.dev\/fin\/wp-json\/wp\/v2\/product"}],"about":[{"href":"https:\/\/www.delideli.zoner.dev\/fin\/wp-json\/wp\/v2\/types\/product"}],"replies":[{"embeddable":true,"href":"https:\/\/www.delideli.zoner.dev\/fin\/wp-json\/wp\/v2\/comments?post=141981"}],"version-history":[{"count":0,"href":"https:\/\/www.delideli.zoner.dev\/fin\/wp-json\/wp\/v2\/product\/141981\/revisions"}],"wp:featuredmedia":[{"embeddable":true,"href":"https:\/\/www.delideli.zoner.dev\/fin\/wp-json\/wp\/v2\/media\/141983"}],"wp:attachment":[{"href":"https:\/\/www.delideli.zoner.dev\/fin\/wp-json\/wp\/v2\/media?parent=141981"}],"wp:term":[{"taxonomy":"product_brand","embeddable":true,"href":"https:\/\/www.delideli.zoner.dev\/fin\/wp-json\/wp\/v2\/product_brand?post=141981"},{"taxonomy":"product_cat","embeddable":true,"href":"https:\/\/www.delideli.zoner.dev\/fin\/wp-json\/wp\/v2\/product_cat?post=141981"},{"taxonomy":"product_tag","embeddable":true,"href":"https:\/\/www.delideli.zoner.dev\/fin\/wp-json\/wp\/v2\/product_tag?post=141981"}],"curies":[{"name":"wp","href":"https:\/\/api.w.org\/{rel}","templated":true}]}}